{"id":64381,"date":"2022-01-15T18:31:29","date_gmt":"2022-01-15T17:31:29","guid":{"rendered":"https:\/\/staging.danielahadorn.com\/?post_type=product&#038;p=64381"},"modified":"2022-01-15T18:31:29","modified_gmt":"2022-01-15T17:31:29","slug":"spickzettel-aura-farben","status":"publish","type":"product","link":"https:\/\/staging.danielahadorn.com\/de\/product\/spickzettel-aura-farben\/","title":{"rendered":"SPICKZETTEL AURA FARBEN"},"content":{"rendered":"<p><strong>Spickzettel Aura Farben:<\/strong> Das ist ein kostenloses Geschenk f\u00fcr Dich!<\/p>\n<p>Lerne die Bedeutung der wichtigsten Aura Farben. Das einseitige PDF kannst Du ganz einfach ausdrucken, aufh\u00e4ngen oder ablegen. So hast Du es einfach zur Hand, sobald Du es ben\u00f6tigst. Die Farben sind stichwortartig aufgelistet. In meinem <a href=\"\/de\/medialitaet\/aura-farben-bedeutung\/\">Blog-Artikel<\/a> findest Du die detailliertere Beschreibung aller Aura Farben.<\/p>\n<h3>POSITIVE UND NEGATIVE ASPEKTE DER AURA FARBEN<\/h3>\n<p>Unsere Aura ist so einzigartig wie unsere Fingerabdr\u00fccke. Ein rot in meiner Aura muss nicht unbedingt das Gleiche bedeuten wie ein rot in Deiner Aura. Zudem haben fast alle Farben (mit ein paar Ausnahmen) einen positiven und negativen Aspekt. Rot kann die Liebe oder auch die Wut bedeuten.<\/p>\n<p>Um die Aura korrekt zu lesen, ben\u00f6tigen wir unsere Hellsinne (sehen, f\u00fchlen, h\u00f6ren, wissen). Dadurch erfahren wir, ob die Farbe in der Aura positiv oder negativ ausgelebt wird. Falls Du mehr dar\u00fcber erfahren willst, empfehle ich Dir zuerst meinen Artikel \u00fcber <a href=\"\/de\/medialitaet\/aura-farben-bedeutung\/\">die Aura<\/a>.<\/p>\n<h3>LERNEN UND EINSETZEN<\/h3>\n<p>Mit der Zeit kennst Du die Bedeutung der Farben in der Aura auswendig. Doch dieser Spickzettel hilft Dir, wenn Du noch unsicher bist oder die Bedeutung vergisst. Vielleicht willst Du einfach mehr Wissen \u00fcber die Farben in der Aura, dann ist das auch ok.<\/p>\n<p>Mir pers\u00f6nlich hat es immer geholfen, so einen Spickzettel mit der Bedeutung der Aura Farben zu besitzen. Speziell w\u00e4hrend ich noch in der Ausbildung zum Medium war.<\/p>\n<p>Meine Tochter hat mich immer wieder gebeten, ihr so einen Spickzettel zu machen. Und was ich ihr erstellt habe, stelle ich Dir jetzt kostenlos zur Verf\u00fcgung. Es w\u00e4re sch\u00f6n, wenn es auch Dir beim Erlernen der Aura Farben behilflich ist.<\/p>\n<h3>NEUHEIT: VIDEO KURS \u00dcBER DIE AURA UND WIE DU DIE AURA LESEN KANNST<\/h3>\n<p>Vielleicht m\u00f6chtest Du weiter lernen? Dann habe ich genau das Richtige f\u00fcr Dich. <strong>Neu<\/strong> biete ich einen <a href=\"\/de\/product\/aura-videokurs-die-aurafarben-und-wir-sie-lesen\/\">Videokurs \u00fcber die Aura<\/a> an. Du erh\u00e4ltst \u00fcber f\u00fcnf Stunden Videomaterial. Die Videos sind in f\u00fcnf Lektionen aufgeteilt. So erh\u00e4ltst Du erste Eindr\u00fccke \u00fcber das Lesen der Aura und die Medialit\u00e4t. Lerne ganz bequem von zu Hause aus und in Deinem eigenen Tempo<\/p>\n<h3>IMMER WIEDER BIETE ICH AURA ONLINE KURSE AN<\/h3>\n<p><span style=\"font-size: 16px;\">Ich hoffe, diese Spickzettel ist hilfreich. Und vielleicht sehe ich Dich schon bald in einem meiner <a href=\"\/de\/events\/\">Kurse<\/a>.<\/span><\/p>\n","protected":false},"excerpt":{"rendered":"<p><strong>Kostenloser Spickzettel Aura Farben:<\/strong> Auf diesem Spickzettel sind alle wichtigen Aura Farben und ihre Bedeutungen aufgelistet. Und das bequem auf einer druckbaren A4 Seite.<\/p>\n<p>Jeder positive und negative Aspekt der Aura Farben ist in Stichworten benannt. So kannst Du sie einfach lernen und hast sie jederzeit zur Hand, wenn Du sie ben\u00f6tigst.<\/p>\n","protected":false},"featured_media":64397,"template":"","meta":{"pmpro_default_level":0},"product_cat":[115],"product_tag":[],"class_list":{"0":"post-64381","1":"product","2":"type-product","3":"status-publish","4":"has-post-thumbnail","6":"product_cat-downloads-de","7":"pmpro-has-access","9":"first","10":"instock","11":"downloadable","12":"shipping-taxable","13":"purchasable","14":"product-type-simple"},"acf":[],"yoast_head":"<!-- This site is optimized with the Yoast SEO plugin v22.9 - https:\/\/yoast.com\/wordpress\/plugins\/seo\/ -->\n<title>SPICKZETTEL AURA FARBEN<\/title>\n<meta name=\"description\" content=\"Spickzettel Aura Farben: Auf diesem kostenlosen Spickzettel sind die Aura Farben und ihre Bedeutungen aufgelistet. Bequem auf einer A4 Seite.\" \/>\n<meta name=\"robots\" content=\"index, follow, max-snippet:-1, max-image-preview:large, max-video-preview:-1\" \/>\n<link rel=\"canonical\" href=\"https:\/\/staging.danielahadorn.com\/de\/product\/spickzettel-aura-farben\/\" \/>\n<meta name=\"twitter:card\" content=\"summary_large_image\" \/>\n<meta name=\"twitter:title\" content=\"SPICKZETTEL AURA FARBEN\" \/>\n<meta name=\"twitter:description\" content=\"Spickzettel Aura Farben: Auf diesem kostenlosen Spickzettel sind die Aura Farben und ihre Bedeutungen aufgelistet. Bequem auf einer A4 Seite.\" \/>\n<meta name=\"twitter:image\" content=\"https:\/\/staging.danielahadorn.com\/wp-content\/uploads\/2021\/10\/produkt-spickzettel-aurafarben.jpg\" \/>\n<meta name=\"twitter:label1\" content=\"Gesch\u00e4tzte Lesezeit\" \/>\n\t<meta name=\"twitter:data1\" content=\"2\u00a0Minuten\" \/>\n<script type=\"application\/ld+json\" class=\"yoast-schema-graph\">{\"@context\":\"https:\/\/schema.org\",\"@graph\":[{\"@type\":\"WebPage\",\"@id\":\"https:\/\/staging.danielahadorn.com\/de\/product\/spickzettel-aura-farben\/\",\"url\":\"https:\/\/staging.danielahadorn.com\/de\/product\/spickzettel-aura-farben\/\",\"name\":\"SPICKZETTEL AURA FARBEN\",\"isPartOf\":{\"@id\":\"https:\/\/staging.danielahadorn.com\/#website\"},\"primaryImageOfPage\":{\"@id\":\"https:\/\/staging.danielahadorn.com\/de\/product\/spickzettel-aura-farben\/#primaryimage\"},\"image\":{\"@id\":\"https:\/\/staging.danielahadorn.com\/de\/product\/spickzettel-aura-farben\/#primaryimage\"},\"thumbnailUrl\":\"https:\/\/staging.danielahadorn.com\/wp-content\/uploads\/2021\/10\/produkt-spickzettel-aurafarben.jpg\",\"datePublished\":\"2022-01-15T17:31:29+00:00\",\"dateModified\":\"2022-01-15T17:31:29+00:00\",\"description\":\"Spickzettel Aura Farben: Auf diesem kostenlosen Spickzettel sind die Aura Farben und ihre Bedeutungen aufgelistet. Bequem auf einer A4 Seite.\",\"breadcrumb\":{\"@id\":\"https:\/\/staging.danielahadorn.com\/de\/product\/spickzettel-aura-farben\/#breadcrumb\"},\"inLanguage\":\"de\",\"potentialAction\":[{\"@type\":\"ReadAction\",\"target\":[\"https:\/\/staging.danielahadorn.com\/de\/product\/spickzettel-aura-farben\/\"]}]},{\"@type\":\"ImageObject\",\"inLanguage\":\"de\",\"@id\":\"https:\/\/staging.danielahadorn.com\/de\/product\/spickzettel-aura-farben\/#primaryimage\",\"url\":\"https:\/\/staging.danielahadorn.com\/wp-content\/uploads\/2021\/10\/produkt-spickzettel-aurafarben.jpg\",\"contentUrl\":\"https:\/\/staging.danielahadorn.com\/wp-content\/uploads\/2021\/10\/produkt-spickzettel-aurafarben.jpg\",\"width\":500,\"height\":500,\"caption\":\"Spickzettel Aura Farben\"},{\"@type\":\"BreadcrumbList\",\"@id\":\"https:\/\/staging.danielahadorn.com\/de\/product\/spickzettel-aura-farben\/#breadcrumb\",\"itemListElement\":[{\"@type\":\"ListItem\",\"position\":1,\"name\":\"Home\",\"item\":\"https:\/\/staging.danielahadorn.com\/de\/\"},{\"@type\":\"ListItem\",\"position\":2,\"name\":\"Shop\",\"item\":\"https:\/\/staging.danielahadorn.com\/de\/shop\/\"},{\"@type\":\"ListItem\",\"position\":3,\"name\":\"Downloads\",\"item\":\"https:\/\/staging.danielahadorn.com\/de\/produkt-kategorie\/downloads-de\/\"},{\"@type\":\"ListItem\",\"position\":4,\"name\":\"SPICKZETTEL AURA FARBEN\"}]},{\"@type\":\"WebSite\",\"@id\":\"https:\/\/staging.danielahadorn.com\/#website\",\"url\":\"https:\/\/staging.danielahadorn.com\/\",\"name\":\"Daniela Hadorn\",\"description\":\"Spirituelles Medium, sensitives Medium, Meditation, Advaita Vedanta\",\"publisher\":{\"@id\":\"https:\/\/staging.danielahadorn.com\/#\/schema\/person\/24550df4140d753d0b2f54f438a7da7f\"},\"potentialAction\":[{\"@type\":\"SearchAction\",\"target\":{\"@type\":\"EntryPoint\",\"urlTemplate\":\"https:\/\/staging.danielahadorn.com\/?s={search_term_string}\"},\"query-input\":\"required name=search_term_string\"}],\"inLanguage\":\"de\"},{\"@type\":[\"Person\",\"Organization\"],\"@id\":\"https:\/\/staging.danielahadorn.com\/#\/schema\/person\/24550df4140d753d0b2f54f438a7da7f\",\"name\":\"Daniela Hadorn\",\"image\":{\"@type\":\"ImageObject\",\"inLanguage\":\"de\",\"@id\":\"https:\/\/staging.danielahadorn.com\/#\/schema\/person\/image\/\",\"url\":\"https:\/\/staging.danielahadorn.com\/wp-content\/uploads\/2017\/09\/me.jpg\",\"contentUrl\":\"https:\/\/staging.danielahadorn.com\/wp-content\/uploads\/2017\/09\/me.jpg\",\"width\":315,\"height\":316,\"caption\":\"Daniela Hadorn\"},\"logo\":{\"@id\":\"https:\/\/staging.danielahadorn.com\/#\/schema\/person\/image\/\"},\"description\":\"Daniela is a spiritual teacher and medium. Daniela is not living up in the sky but with both feet on the ground. She is a no nonsense kind of person. Her biggest wish is for you to see her teachings and her mediumship as a catalyst for your own spiritual self development.\",\"sameAs\":[\"https:\/\/staging.danielahadorn.com\/\",\"https:\/\/www.facebook.com\/mediumdanielahadorn\/\"]}]}<\/script>\n<!-- \/ Yoast SEO plugin. -->","yoast_head_json":{"title":"SPICKZETTEL AURA FARBEN","description":"Spickzettel Aura Farben: Auf diesem kostenlosen Spickzettel sind die Aura Farben und ihre Bedeutungen aufgelistet. Bequem auf einer A4 Seite.","robots":{"index":"index","follow":"follow","max-snippet":"max-snippet:-1","max-image-preview":"max-image-preview:large","max-video-preview":"max-video-preview:-1"},"canonical":"https:\/\/staging.danielahadorn.com\/de\/product\/spickzettel-aura-farben\/","twitter_card":"summary_large_image","twitter_title":"SPICKZETTEL AURA FARBEN","twitter_description":"Spickzettel Aura Farben: Auf diesem kostenlosen Spickzettel sind die Aura Farben und ihre Bedeutungen aufgelistet. Bequem auf einer A4 Seite.","twitter_image":"https:\/\/staging.danielahadorn.com\/wp-content\/uploads\/2021\/10\/produkt-spickzettel-aurafarben.jpg","twitter_misc":{"Gesch\u00e4tzte Lesezeit":"2\u00a0Minuten"},"schema":{"@context":"https:\/\/schema.org","@graph":[{"@type":"WebPage","@id":"https:\/\/staging.danielahadorn.com\/de\/product\/spickzettel-aura-farben\/","url":"https:\/\/staging.danielahadorn.com\/de\/product\/spickzettel-aura-farben\/","name":"SPICKZETTEL AURA FARBEN","isPartOf":{"@id":"https:\/\/staging.danielahadorn.com\/#website"},"primaryImageOfPage":{"@id":"https:\/\/staging.danielahadorn.com\/de\/product\/spickzettel-aura-farben\/#primaryimage"},"image":{"@id":"https:\/\/staging.danielahadorn.com\/de\/product\/spickzettel-aura-farben\/#primaryimage"},"thumbnailUrl":"https:\/\/staging.danielahadorn.com\/wp-content\/uploads\/2021\/10\/produkt-spickzettel-aurafarben.jpg","datePublished":"2022-01-15T17:31:29+00:00","dateModified":"2022-01-15T17:31:29+00:00","description":"Spickzettel Aura Farben: Auf diesem kostenlosen Spickzettel sind die Aura Farben und ihre Bedeutungen aufgelistet. Bequem auf einer A4 Seite.","breadcrumb":{"@id":"https:\/\/staging.danielahadorn.com\/de\/product\/spickzettel-aura-farben\/#breadcrumb"},"inLanguage":"de","potentialAction":[{"@type":"ReadAction","target":["https:\/\/staging.danielahadorn.com\/de\/product\/spickzettel-aura-farben\/"]}]},{"@type":"ImageObject","inLanguage":"de","@id":"https:\/\/staging.danielahadorn.com\/de\/product\/spickzettel-aura-farben\/#primaryimage","url":"https:\/\/staging.danielahadorn.com\/wp-content\/uploads\/2021\/10\/produkt-spickzettel-aurafarben.jpg","contentUrl":"https:\/\/staging.danielahadorn.com\/wp-content\/uploads\/2021\/10\/produkt-spickzettel-aurafarben.jpg","width":500,"height":500,"caption":"Spickzettel Aura Farben"},{"@type":"BreadcrumbList","@id":"https:\/\/staging.danielahadorn.com\/de\/product\/spickzettel-aura-farben\/#breadcrumb","itemListElement":[{"@type":"ListItem","position":1,"name":"Home","item":"https:\/\/staging.danielahadorn.com\/de\/"},{"@type":"ListItem","position":2,"name":"Shop","item":"https:\/\/staging.danielahadorn.com\/de\/shop\/"},{"@type":"ListItem","position":3,"name":"Downloads","item":"https:\/\/staging.danielahadorn.com\/de\/produkt-kategorie\/downloads-de\/"},{"@type":"ListItem","position":4,"name":"SPICKZETTEL AURA FARBEN"}]},{"@type":"WebSite","@id":"https:\/\/staging.danielahadorn.com\/#website","url":"https:\/\/staging.danielahadorn.com\/","name":"Daniela Hadorn","description":"Spirituelles Medium, sensitives Medium, Meditation, Advaita Vedanta","publisher":{"@id":"https:\/\/staging.danielahadorn.com\/#\/schema\/person\/24550df4140d753d0b2f54f438a7da7f"},"potentialAction":[{"@type":"SearchAction","target":{"@type":"EntryPoint","urlTemplate":"https:\/\/staging.danielahadorn.com\/?s={search_term_string}"},"query-input":"required name=search_term_string"}],"inLanguage":"de"},{"@type":["Person","Organization"],"@id":"https:\/\/staging.danielahadorn.com\/#\/schema\/person\/24550df4140d753d0b2f54f438a7da7f","name":"Daniela Hadorn","image":{"@type":"ImageObject","inLanguage":"de","@id":"https:\/\/staging.danielahadorn.com\/#\/schema\/person\/image\/","url":"https:\/\/staging.danielahadorn.com\/wp-content\/uploads\/2017\/09\/me.jpg","contentUrl":"https:\/\/staging.danielahadorn.com\/wp-content\/uploads\/2017\/09\/me.jpg","width":315,"height":316,"caption":"Daniela Hadorn"},"logo":{"@id":"https:\/\/staging.danielahadorn.com\/#\/schema\/person\/image\/"},"description":"Daniela is a spiritual teacher and medium. Daniela is not living up in the sky but with both feet on the ground. She is a no nonsense kind of person. Her biggest wish is for you to see her teachings and her mediumship as a catalyst for your own spiritual self development.","sameAs":["https:\/\/staging.danielahadorn.com\/","https:\/\/www.facebook.com\/mediumdanielahadorn\/"]}]}},"_links":{"self":[{"href":"https:\/\/staging.danielahadorn.com\/de\/wp-json\/wp\/v2\/product\/64381","targetHints":{"allow":["GET"]}}],"collection":[{"href":"https:\/\/staging.danielahadorn.com\/de\/wp-json\/wp\/v2\/product"}],"about":[{"href":"https:\/\/staging.danielahadorn.com\/de\/wp-json\/wp\/v2\/types\/product"}],"wp:featuredmedia":[{"embeddable":true,"href":"https:\/\/staging.danielahadorn.com\/de\/wp-json\/wp\/v2\/media\/64397"}],"wp:attachment":[{"href":"https:\/\/staging.danielahadorn.com\/de\/wp-json\/wp\/v2\/media?parent=64381"}],"wp:term":[{"taxonomy":"product_cat","embeddable":true,"href":"https:\/\/staging.danielahadorn.com\/de\/wp-json\/wp\/v2\/product_cat?post=64381"},{"taxonomy":"product_tag","embeddable":true,"href":"https:\/\/staging.danielahadorn.com\/de\/wp-json\/wp\/v2\/product_tag?post=64381"}],"curies":[{"name":"wp","href":"https:\/\/api.w.org\/{rel}","templated":true}]}}