{"id":48846,"date":"2020-08-17T15:33:49","date_gmt":"2020-08-17T13:33:49","guid":{"rendered":"https:\/\/staging.danielahadorn.com\/?post_type=product&#038;p=48846"},"modified":"2023-07-14T17:20:31","modified_gmt":"2023-07-14T15:20:31","slug":"soul-talk-medialitaet-kostenlos","status":"publish","type":"product","link":"https:\/\/staging.danielahadorn.com\/de\/product\/soul-talk-medialitaet-kostenlos\/","title":{"rendered":"Soul Talk: Fragen und Antworten \u00fcber die Medialit\u00e4t (kostenlos)"},"content":{"rendered":"<h2 class=\"h3\">KOSTENLOSER ONLINE VORTRAG<\/h2>\n<p>Mit Daniela&#8217;s Soul Talk hast Du jetzt die M\u00f6glichkeit, mehr \u00fcber die Medialit\u00e4t und die Spiritualit\u00e4t zu erfahren. Ich biete die Soul Talks kostenlos an. In meiner Arbeit als Medium habe ich gemerkt, dass viele Menschen Fragen zu Themen der Medialit\u00e4t und Spiritualit\u00e4t haben. Diesen Hunger nach Wissen m\u00f6chte ich stillen, und biete deshalb regelm\u00e4ssig kostenlose online Vortr\u00e4ge an.<\/p>\n<p>Du kannst ganz bequem von zu Hause aus dabei sein. Du musst Dich nur kostenlos registrieren um teilzunehmen<span class=\"wixGuard\">, denn die Anzahl Pl\u00e4tze ist limitiert. Zudem ben\u00f6tigst Du die kostenlose App f\u00fcr die Online-Plattform, Du wirst alle Infos dazu erhalten. Jeder Soul Talk dauert ca. 60 &#8211; 90 Minuten, dabei beantworte ich auch Fragen von den Zuh\u00f6rern.\u00a0<\/span><\/p>\n<h2 class=\"h3\">SEELENGESPR\u00c4CH &#8211; SOUL TALK<\/h2>\n<p>In diesem Soul Talk kannst Du mich als Medium alles Fragen, <strong>was Du schon immer \u00fcber die Medialit\u00e4t wissen wolltest<\/strong>. Es wird also super interaktiv.<\/p>\n<ul>\n<li>Mythbusters<\/li>\n<li>Jenseitskontakte<\/li>\n<li>mediale F\u00e4higkeiten<\/li>\n<li>Leben nach dem Tod<\/li>\n<li>die geistige Welt<\/li>\n<li>Meditation<\/li>\n<li>Aura<\/li>\n<li>Geister<\/li>\n<li>Spiritualit\u00e4t<\/li>\n<li>und so vieles mehr<\/li>\n<\/ul>\n<p>Ich mache jedoch keine pers\u00f6nlichen Beratungen oder Jenseitskontakte. Ich beantworte also nur Fragen, die f\u00fcr alle interessant sind.<\/p>\n<h2 class=\"h3\">ONLINE VORTRAG BEQUEM UND EINFACH<\/h2>\n<p>Ich streame den ganzen Vortrag live. Du kannst mich nicht nur live sehen und h\u00f6ren, Du kannst auch \u00fcber den Chat mit mir reden und Fragen stellen. Nach Deiner Anmeldung erh\u00e4ltst Du die Zugangsinformationen zu meinem privaten Online-Raum. Danach l\u00e4dst Du die App herunter und kannst Dich zur gegebenen Zeit einfach dort einklinken. Alles was Du ben\u00f6tigst ist ein PC, Tablet oder Handy mit Internetanschluss. Mikrofon und Kamera sind optional, wenn Du m\u00f6chtest kannst Du sie einschalten.<\/p>\n<p>Falls Du an diesem Datum nicht live dabei sein kannst, spielt es auch keine Rolle. Denn jeder Vortrag wird aufgenommen und steht Dir auch zuk\u00fcnftig zur Verf\u00fcgung.<\/p>\n<h2 class=\"h3\">DATUM UND ZEIT<\/h2>\n<p>Sonntag 20. August 2023 um 20:00 &#8211; ca. 21:30 Uhr<\/p>\n<h2 class=\"h3\">WEITERE GEPLANTE SOUL TALK THEMEN<\/h2>\n<ul>\n<li>Alles \u00fcber Geistf\u00fchrer<\/li>\n<li>Die 4 Hellsinne<\/li>\n<li>Der Weg zum professionellen Medium<\/li>\n<li>und noch einiges mehr&#8230;&#8230;<\/li>\n<\/ul>\n<h2 class=\"h3\">WER BIN ICH<\/h2>\n<p><img decoding=\"async\" class=\" wp-image-1022 alignnone\" src=\"https:\/\/staging.danielahadorn.com\/wp-content\/uploads\/2017\/09\/me.jpg\" alt=\"daniela hadorn\" width=\"174\" height=\"175\" srcset=\"https:\/\/staging.danielahadorn.com\/wp-content\/uploads\/2017\/09\/me.jpg 315w, https:\/\/staging.danielahadorn.com\/wp-content\/uploads\/2017\/09\/me-150x150.jpg 150w, https:\/\/staging.danielahadorn.com\/wp-content\/uploads\/2017\/09\/me-300x300.jpg 300w, https:\/\/staging.danielahadorn.com\/wp-content\/uploads\/2017\/09\/me-20x20.jpg 20w, https:\/\/staging.danielahadorn.com\/wp-content\/uploads\/2017\/09\/me-100x100.jpg 100w\" sizes=\"(max-width: 174px) 100vw, 174px\" \/><\/p>\n<p>Ich bin ein spirituelles Medium aus der Schweiz. Immer wieder werden mir von Kunden, Unbekannten und Freunden viele Fragen \u00fcber die Medialit\u00e4t gestellt. Es ist mir pers\u00f6nlich ein Anliegen, Dir kostenlos eine M\u00f6glichkeit zu geben, Deine Fragen zu stellen und mehr zu erfahren.<\/p>\n<p>Ich besch\u00e4ftige mich seit meiner Kindheit mit der Medialit\u00e4t und der Spiritualit\u00e4t. Ich habe Jahre in meine mediale Ausbildung investiert und arbeite als professionelles und beweisf\u00fchrendes Medium. Ich biete online und offline <a href=\"\/de\/jenseitskontakte\/\">Jenseitskontakte<\/a>, <a href=\"\/de\/produkt\/mediale-beratung\/\">mediale Beratung<\/a>\u00a0und <a href=\"\/de\/medium-ausbildung\/\">Ausbildungen<\/a> an.<\/p>\n<p>Bist Du dabei beim n\u00e4chsten Soul Talk? Ich freue mich riesig auf Dich und auf Deine spannenden Fragen. <strong>Vergiss nicht, Deinen Platz zu reservieren<\/strong>. Bis bald \u2764\ufe0f<\/p>\n","protected":false},"excerpt":{"rendered":"<p>In diesem Soul Talk\u00a0sprechen wir \u00fcber <strong>was Du schon immer \u00fcber die Medialit\u00e4t wissen wolltest<\/strong>. Stelle Deine Fragen und ich antworte Dir gerne. Es wird also super interaktiv.<\/p>\n","protected":false},"featured_media":61855,"template":"","meta":{"pmpro_default_level":0},"product_cat":[114],"product_tag":[],"class_list":{"0":"post-48846","1":"product","2":"type-product","3":"status-publish","4":"has-post-thumbnail","6":"product_cat-events-de","7":"pmpro-has-access","9":"first","10":"instock","11":"virtual","12":"sold-individually","13":"purchasable","14":"product-type-simple"},"acf":[],"yoast_head":"<!-- This site is optimized with the Yoast SEO plugin v22.9 - https:\/\/yoast.com\/wordpress\/plugins\/seo\/ -->\n<title>Daniela&#039;s Soul Talk Medialit\u00e4t - Fragen &amp; Antworten (kostenlos) \u2b50\u2b50\u2b50\u2b50\u2b50<\/title>\n<meta name=\"description\" content=\"Daniela&#039;s Soul Talk - Was Du schon immer \u00fcber die Medialit\u00e4t wissen wolltest. Stelle Deine Fragen und erhalte Klarheit.\" \/>\n<meta name=\"robots\" content=\"index, follow, max-snippet:-1, max-image-preview:large, max-video-preview:-1\" \/>\n<link rel=\"canonical\" href=\"https:\/\/staging.danielahadorn.com\/de\/product\/soul-talk-medialitaet-kostenlos\/\" \/>\n<meta name=\"twitter:card\" content=\"summary_large_image\" \/>\n<meta name=\"twitter:title\" content=\"Daniela&#039;s Soul Talk Medialit\u00e4t - Fragen &amp; Antworten (kostenlos) \u2b50\u2b50\u2b50\u2b50\u2b50\" \/>\n<meta name=\"twitter:description\" content=\"Daniela&#039;s Soul Talk - Was Du schon immer \u00fcber die Medialit\u00e4t wissen wolltest. Stelle Deine Fragen und erhalte Klarheit.\" \/>\n<meta name=\"twitter:image\" content=\"https:\/\/staging.danielahadorn.com\/wp-content\/uploads\/2020\/08\/soultalk-wasduschonimmerwissenwoltest.jpg\" \/>\n<meta name=\"twitter:label1\" content=\"Gesch\u00e4tzte Lesezeit\" \/>\n\t<meta name=\"twitter:data1\" content=\"2\u00a0Minuten\" \/>\n<script type=\"application\/ld+json\" class=\"yoast-schema-graph\">{\"@context\":\"https:\/\/schema.org\",\"@graph\":[{\"@type\":\"WebPage\",\"@id\":\"https:\/\/staging.danielahadorn.com\/de\/product\/soul-talk-medialitaet-kostenlos\/\",\"url\":\"https:\/\/staging.danielahadorn.com\/de\/product\/soul-talk-medialitaet-kostenlos\/\",\"name\":\"Daniela's Soul Talk Medialit\u00e4t - Fragen & Antworten (kostenlos) \u2b50\u2b50\u2b50\u2b50\u2b50\",\"isPartOf\":{\"@id\":\"https:\/\/staging.danielahadorn.com\/#website\"},\"primaryImageOfPage\":{\"@id\":\"https:\/\/staging.danielahadorn.com\/de\/product\/soul-talk-medialitaet-kostenlos\/#primaryimage\"},\"image\":{\"@id\":\"https:\/\/staging.danielahadorn.com\/de\/product\/soul-talk-medialitaet-kostenlos\/#primaryimage\"},\"thumbnailUrl\":\"https:\/\/staging.danielahadorn.com\/wp-content\/uploads\/2020\/08\/soultalk-wasduschonimmerwissenwoltest.jpg\",\"datePublished\":\"2020-08-17T13:33:49+00:00\",\"dateModified\":\"2023-07-14T15:20:31+00:00\",\"description\":\"Daniela's Soul Talk - Was Du schon immer \u00fcber die Medialit\u00e4t wissen wolltest. Stelle Deine Fragen und erhalte Klarheit.\",\"breadcrumb\":{\"@id\":\"https:\/\/staging.danielahadorn.com\/de\/product\/soul-talk-medialitaet-kostenlos\/#breadcrumb\"},\"inLanguage\":\"de\",\"potentialAction\":[{\"@type\":\"ReadAction\",\"target\":[\"https:\/\/staging.danielahadorn.com\/de\/product\/soul-talk-medialitaet-kostenlos\/\"]}]},{\"@type\":\"ImageObject\",\"inLanguage\":\"de\",\"@id\":\"https:\/\/staging.danielahadorn.com\/de\/product\/soul-talk-medialitaet-kostenlos\/#primaryimage\",\"url\":\"https:\/\/staging.danielahadorn.com\/wp-content\/uploads\/2020\/08\/soultalk-wasduschonimmerwissenwoltest.jpg\",\"contentUrl\":\"https:\/\/staging.danielahadorn.com\/wp-content\/uploads\/2020\/08\/soultalk-wasduschonimmerwissenwoltest.jpg\",\"width\":500,\"height\":500,\"caption\":\"wissen medialit\u00e4t\"},{\"@type\":\"BreadcrumbList\",\"@id\":\"https:\/\/staging.danielahadorn.com\/de\/product\/soul-talk-medialitaet-kostenlos\/#breadcrumb\",\"itemListElement\":[{\"@type\":\"ListItem\",\"position\":1,\"name\":\"Home\",\"item\":\"https:\/\/staging.danielahadorn.com\/de\/\"},{\"@type\":\"ListItem\",\"position\":2,\"name\":\"Shop\",\"item\":\"https:\/\/staging.danielahadorn.com\/de\/shop\/\"},{\"@type\":\"ListItem\",\"position\":3,\"name\":\"Events &amp; Ausbildung\",\"item\":\"https:\/\/staging.danielahadorn.com\/de\/produkt-kategorie\/events-de\/\"},{\"@type\":\"ListItem\",\"position\":4,\"name\":\"Soul Talk: Fragen und Antworten \u00fcber die Medialit\u00e4t (kostenlos)\"}]},{\"@type\":\"WebSite\",\"@id\":\"https:\/\/staging.danielahadorn.com\/#website\",\"url\":\"https:\/\/staging.danielahadorn.com\/\",\"name\":\"Daniela Hadorn\",\"description\":\"Spirituelles Medium, sensitives Medium, Meditation, Advaita Vedanta\",\"publisher\":{\"@id\":\"https:\/\/staging.danielahadorn.com\/#\/schema\/person\/24550df4140d753d0b2f54f438a7da7f\"},\"potentialAction\":[{\"@type\":\"SearchAction\",\"target\":{\"@type\":\"EntryPoint\",\"urlTemplate\":\"https:\/\/staging.danielahadorn.com\/?s={search_term_string}\"},\"query-input\":\"required name=search_term_string\"}],\"inLanguage\":\"de\"},{\"@type\":[\"Person\",\"Organization\"],\"@id\":\"https:\/\/staging.danielahadorn.com\/#\/schema\/person\/24550df4140d753d0b2f54f438a7da7f\",\"name\":\"Daniela Hadorn\",\"image\":{\"@type\":\"ImageObject\",\"inLanguage\":\"de\",\"@id\":\"https:\/\/staging.danielahadorn.com\/#\/schema\/person\/image\/\",\"url\":\"https:\/\/staging.danielahadorn.com\/wp-content\/uploads\/2017\/09\/me.jpg\",\"contentUrl\":\"https:\/\/staging.danielahadorn.com\/wp-content\/uploads\/2017\/09\/me.jpg\",\"width\":315,\"height\":316,\"caption\":\"Daniela Hadorn\"},\"logo\":{\"@id\":\"https:\/\/staging.danielahadorn.com\/#\/schema\/person\/image\/\"},\"description\":\"Daniela is a spiritual teacher and medium. Daniela is not living up in the sky but with both feet on the ground. She is a no nonsense kind of person. Her biggest wish is for you to see her teachings and her mediumship as a catalyst for your own spiritual self development.\",\"sameAs\":[\"https:\/\/staging.danielahadorn.com\/\",\"https:\/\/www.facebook.com\/mediumdanielahadorn\/\"]}]}<\/script>\n<!-- \/ Yoast SEO plugin. -->","yoast_head_json":{"title":"Daniela's Soul Talk Medialit\u00e4t - Fragen & Antworten (kostenlos) \u2b50\u2b50\u2b50\u2b50\u2b50","description":"Daniela's Soul Talk - Was Du schon immer \u00fcber die Medialit\u00e4t wissen wolltest. Stelle Deine Fragen und erhalte Klarheit.","robots":{"index":"index","follow":"follow","max-snippet":"max-snippet:-1","max-image-preview":"max-image-preview:large","max-video-preview":"max-video-preview:-1"},"canonical":"https:\/\/staging.danielahadorn.com\/de\/product\/soul-talk-medialitaet-kostenlos\/","twitter_card":"summary_large_image","twitter_title":"Daniela's Soul Talk Medialit\u00e4t - Fragen & Antworten (kostenlos) \u2b50\u2b50\u2b50\u2b50\u2b50","twitter_description":"Daniela's Soul Talk - Was Du schon immer \u00fcber die Medialit\u00e4t wissen wolltest. Stelle Deine Fragen und erhalte Klarheit.","twitter_image":"https:\/\/staging.danielahadorn.com\/wp-content\/uploads\/2020\/08\/soultalk-wasduschonimmerwissenwoltest.jpg","twitter_misc":{"Gesch\u00e4tzte Lesezeit":"2\u00a0Minuten"},"schema":{"@context":"https:\/\/schema.org","@graph":[{"@type":"WebPage","@id":"https:\/\/staging.danielahadorn.com\/de\/product\/soul-talk-medialitaet-kostenlos\/","url":"https:\/\/staging.danielahadorn.com\/de\/product\/soul-talk-medialitaet-kostenlos\/","name":"Daniela's Soul Talk Medialit\u00e4t - Fragen & Antworten (kostenlos) \u2b50\u2b50\u2b50\u2b50\u2b50","isPartOf":{"@id":"https:\/\/staging.danielahadorn.com\/#website"},"primaryImageOfPage":{"@id":"https:\/\/staging.danielahadorn.com\/de\/product\/soul-talk-medialitaet-kostenlos\/#primaryimage"},"image":{"@id":"https:\/\/staging.danielahadorn.com\/de\/product\/soul-talk-medialitaet-kostenlos\/#primaryimage"},"thumbnailUrl":"https:\/\/staging.danielahadorn.com\/wp-content\/uploads\/2020\/08\/soultalk-wasduschonimmerwissenwoltest.jpg","datePublished":"2020-08-17T13:33:49+00:00","dateModified":"2023-07-14T15:20:31+00:00","description":"Daniela's Soul Talk - Was Du schon immer \u00fcber die Medialit\u00e4t wissen wolltest. Stelle Deine Fragen und erhalte Klarheit.","breadcrumb":{"@id":"https:\/\/staging.danielahadorn.com\/de\/product\/soul-talk-medialitaet-kostenlos\/#breadcrumb"},"inLanguage":"de","potentialAction":[{"@type":"ReadAction","target":["https:\/\/staging.danielahadorn.com\/de\/product\/soul-talk-medialitaet-kostenlos\/"]}]},{"@type":"ImageObject","inLanguage":"de","@id":"https:\/\/staging.danielahadorn.com\/de\/product\/soul-talk-medialitaet-kostenlos\/#primaryimage","url":"https:\/\/staging.danielahadorn.com\/wp-content\/uploads\/2020\/08\/soultalk-wasduschonimmerwissenwoltest.jpg","contentUrl":"https:\/\/staging.danielahadorn.com\/wp-content\/uploads\/2020\/08\/soultalk-wasduschonimmerwissenwoltest.jpg","width":500,"height":500,"caption":"wissen medialit\u00e4t"},{"@type":"BreadcrumbList","@id":"https:\/\/staging.danielahadorn.com\/de\/product\/soul-talk-medialitaet-kostenlos\/#breadcrumb","itemListElement":[{"@type":"ListItem","position":1,"name":"Home","item":"https:\/\/staging.danielahadorn.com\/de\/"},{"@type":"ListItem","position":2,"name":"Shop","item":"https:\/\/staging.danielahadorn.com\/de\/shop\/"},{"@type":"ListItem","position":3,"name":"Events &amp; Ausbildung","item":"https:\/\/staging.danielahadorn.com\/de\/produkt-kategorie\/events-de\/"},{"@type":"ListItem","position":4,"name":"Soul Talk: Fragen und Antworten \u00fcber die Medialit\u00e4t (kostenlos)"}]},{"@type":"WebSite","@id":"https:\/\/staging.danielahadorn.com\/#website","url":"https:\/\/staging.danielahadorn.com\/","name":"Daniela Hadorn","description":"Spirituelles Medium, sensitives Medium, Meditation, Advaita Vedanta","publisher":{"@id":"https:\/\/staging.danielahadorn.com\/#\/schema\/person\/24550df4140d753d0b2f54f438a7da7f"},"potentialAction":[{"@type":"SearchAction","target":{"@type":"EntryPoint","urlTemplate":"https:\/\/staging.danielahadorn.com\/?s={search_term_string}"},"query-input":"required name=search_term_string"}],"inLanguage":"de"},{"@type":["Person","Organization"],"@id":"https:\/\/staging.danielahadorn.com\/#\/schema\/person\/24550df4140d753d0b2f54f438a7da7f","name":"Daniela Hadorn","image":{"@type":"ImageObject","inLanguage":"de","@id":"https:\/\/staging.danielahadorn.com\/#\/schema\/person\/image\/","url":"https:\/\/staging.danielahadorn.com\/wp-content\/uploads\/2017\/09\/me.jpg","contentUrl":"https:\/\/staging.danielahadorn.com\/wp-content\/uploads\/2017\/09\/me.jpg","width":315,"height":316,"caption":"Daniela Hadorn"},"logo":{"@id":"https:\/\/staging.danielahadorn.com\/#\/schema\/person\/image\/"},"description":"Daniela is a spiritual teacher and medium. Daniela is not living up in the sky but with both feet on the ground. She is a no nonsense kind of person. Her biggest wish is for you to see her teachings and her mediumship as a catalyst for your own spiritual self development.","sameAs":["https:\/\/staging.danielahadorn.com\/","https:\/\/www.facebook.com\/mediumdanielahadorn\/"]}]}},"_links":{"self":[{"href":"https:\/\/staging.danielahadorn.com\/de\/wp-json\/wp\/v2\/product\/48846","targetHints":{"allow":["GET"]}}],"collection":[{"href":"https:\/\/staging.danielahadorn.com\/de\/wp-json\/wp\/v2\/product"}],"about":[{"href":"https:\/\/staging.danielahadorn.com\/de\/wp-json\/wp\/v2\/types\/product"}],"wp:featuredmedia":[{"embeddable":true,"href":"https:\/\/staging.danielahadorn.com\/de\/wp-json\/wp\/v2\/media\/61855"}],"wp:attachment":[{"href":"https:\/\/staging.danielahadorn.com\/de\/wp-json\/wp\/v2\/media?parent=48846"}],"wp:term":[{"taxonomy":"product_cat","embeddable":true,"href":"https:\/\/staging.danielahadorn.com\/de\/wp-json\/wp\/v2\/product_cat?post=48846"},{"taxonomy":"product_tag","embeddable":true,"href":"https:\/\/staging.danielahadorn.com\/de\/wp-json\/wp\/v2\/product_tag?post=48846"}],"curies":[{"name":"wp","href":"https:\/\/api.w.org\/{rel}","templated":true}]}}