{"id":45711,"date":"2020-03-20T13:48:16","date_gmt":"2020-03-20T12:48:16","guid":{"rendered":"https:\/\/staging.danielahadorn.com\/?post_type=product&#038;p=45711"},"modified":"2023-07-10T15:08:37","modified_gmt":"2023-07-10T13:08:37","slug":"bin-ich-medial-onlinekurs","status":"publish","type":"product","link":"https:\/\/staging.danielahadorn.com\/de\/product\/bin-ich-medial-onlinekurs\/","title":{"rendered":"Bin ich medial? Schritte in die Medialit\u00e4t &#8211; Onlinekurs"},"content":{"rendered":"<p>Dieser Onlinekurs gibt Dir die M\u00f6glichkeit, Deine eigenen medialen F\u00e4higkeiten zu entdecken. Wir lernen, was es \u00fcberhaupt ben\u00f6tigt, damit wir unser Bewusstsein \u00fcber die normalen f\u00fcnf Sinne hinaus erweitern k\u00f6nnen. Wir verstehen die Hellsinne wie Hellsichtigkeit, Hellf\u00fchligkeit, Hellh\u00f6rigkeit und wissen, wie wir sie in der Medialit\u00e4t einsetzen k\u00f6nnen. Der mediale Kurs ist mit<strong>\u00a0\u00dcbungen gespickt<\/strong>, wo Du erste Schritte in der Medialit\u00e4t machen kannst.<\/p>\n<p>Dieser mediale Tag enth\u00e4lt <strong>Erkl\u00e4rungen von mir, Pausen, eine Mediation, mehrere \u00dcbungen, sowie gen\u00fcgend Zeit f\u00fcr Fragen und Antworten<\/strong>.<\/p>\n<p><strong>Eigentlich sind wir alle medial. Wie sehr? Das finden wir heraus, wenn wir mit Leuten, die wir nicht kennen, \u00fcben d\u00fcrfen.\u00a0<\/strong><\/p>\n<h2 class=\"h3\">ONLINEKURS BIN ICH MEDIAL: BEQUEM VON ZU HAUSE AUS LERNEN<\/h2>\n<p>Ich benutze moderne Webtechnologie, um den ganzen Kurs live zu streamen. Du kannst mich nicht nur sehen und h\u00f6ren, sondern auch mit anderen TeilnehmerInnen \u00fcben und mir Deine Fragen stellen. Die \u00dcbungen erfolgen in privaten Online-R\u00e4umen, wo Du das Gelernte umsetzen kannst. Du siehst und h\u00f6rst Dein Gegen\u00fcber jederzeit.<\/p>\n<p>Es ist kein Problem, wenn Du nicht live dabei sein kannst. Der Kurs wird aufgenommen und steht Dir und allen anderen TeilnehmerInnen zum Download zur Verf\u00fcgung. So kannst Du das Video auch mehrmals schauen, wenn Du m\u00f6chtest. <strong>Du bist mit Deiner Anmeldung damit einverstanden, dass alle das Video erhalten und gibst mir die Erlaubnis, das Videomaterial unter den Teilnehmern zu teilen.<\/strong><\/p>\n<p>Nach Deiner Anmeldung erh\u00e4ltst Du den Zugang zu meinem Online-Kursraum. Du kannst Dich dort am Kurstag einfach einklinken. Alles, was Du ben\u00f6tigst, ist ein PC, Tablet oder Handy mit Mikrofon und Kamera.<\/p>\n<p>Du kannst an diesem interaktiven Onlinekurs ganz bequem von zu Hause aus teilnehmen. <strong>Ich lade Dich ein, Deine Medialit\u00e4t zu entdecken<\/strong> &#8211; egal ob Du in der Schweiz, in Deutschland, in \u00d6sterreich oder sonst irgendwo auf der Welt bist.<\/p>\n<h2 class=\"h3\">BIN ICH MEDIAL KURSINHALT<\/h2>\n<div id=\"accordion-1\" class=\"accordion no-js\">\n\t\t\t\t\t<div role=\"button\" id=\"medial\" class=\"accordion-title js-accordion-controller\" aria-controls=\"content-medial\" aria-expanded=\"false\" tabindex=\"0\" data-initialstate=\"closed\">\n\t\t\t\t<strong>BIN ICH MEDIAL - WIE ERKENNE ICH, DASS ICH MEDIAL BIN?<\/strong>\t\t\t<\/div>\n\t\t\n\t\t<div id=\"content-medial\" class=\"accordion-content\" aria-hidden=\"true\">\n\t\t\tVielleicht weisst Du schon, dass Du medial bist, oder vielleicht noch nicht. Wie erkennen wir, dass die Erfahrungen, die wir machen, auch wirklich medial sind? Sobald wir wissen, dass wir diese F\u00e4higkeiten haben, kommt das n\u00e4chste Hindernis auf uns zu: &#8220;Bilde ich mir das alles nur ein, oder ist es wirklich so?&#8221; In diesem Kurs hast Du die Chance, Deine Medialit\u00e4t in ersten \u00dcbungen zu erproben. Dabei erh\u00e4ltst Du die Best\u00e4tigung, dass es vielleicht nicht nur Einbildung ist&#8230;\t\t<\/div>\n\n\t\t\n\t\t\t\t\t<div role=\"button\" id=\"meditation\" class=\"accordion-title js-accordion-controller\" aria-controls=\"content-meditation\" aria-expanded=\"false\" tabindex=\"0\" data-initialstate=\"closed\">\n\t\t\t\t<strong>MEDITATION UND BEWUSSTSEINSERWEITERUNG - IN DER KRAFT SEIN<\/strong>\t\t\t<\/div>\n\t\t\n\t\t<div id=\"content-meditation\" class=\"accordion-content\" aria-hidden=\"true\">\n\t\t\tEin Medium hat die F\u00e4higkeit, sein Bewusstsein \u00fcber die &#8220;normalen&#8221; f\u00fcnf Sinne hinaus zu erweitern. Am Anfang der eigenen Entwicklung ist diese F\u00e4higkeit nat\u00fcrlich und spontan. Im Kurs lernen wir, wie das genau passiert und was die Meditation und Deine Aura damit zu tun hat. Ich zeige Dir, wie Du bewusst und gezielt Dein Bewusstsein erweitern kannst, um Deine medialen F\u00e4higkeiten zu vertiefen.\t\t<\/div>\n\n\t\t\n\t\t\t\t\t<div role=\"button\" id=\"4h\" class=\"accordion-title js-accordion-controller\" aria-controls=\"content-4h\" aria-expanded=\"false\" tabindex=\"0\" data-initialstate=\"closed\">\n\t\t\t\t<strong>DIE 4 HELLSINNE - HELLF\u00dcHLEN, HELLSEHEN, HELLH\u00d6REN, HELLWISSEN<\/strong>\t\t\t<\/div>\n\t\t\n\t\t<div id=\"content-4h\" class=\"accordion-content\" aria-hidden=\"true\">\n\t\t\tEs ist wichtig zu verstehen, was die Hellsinne genau sind und wie wir sie pers\u00f6nlich einsetzen. Ich erkl\u00e4re Dir die Hellsinne und zeige Dir, wie Du diese erkennen und trainieren kannst. Kein gutes Medium benutzt &#8220;nur&#8221; die Hellsichtigkeit oder &#8220;nur&#8221; die Hellf\u00fchligkeit. Die Magie entsteht dann, wenn wir diese F\u00e4higkeiten wirklich verstehen und lernen, alle Sinne gleichzeitig einzusetzen.\t\t<\/div>\n\n\t\t\n\t\t\t\t\t<div role=\"button\" id=\"fernwahrnemung\" class=\"accordion-title js-accordion-controller\" aria-controls=\"content-fernwahrnemung\" aria-expanded=\"false\" tabindex=\"0\" data-initialstate=\"closed\">\n\t\t\t\t<strong>MEDIALE BERATUNG UND JENSEITSKONTAKTE<\/strong>\t\t\t<\/div>\n\t\t\n\t\t<div id=\"content-fernwahrnemung\" class=\"accordion-content\" aria-hidden=\"true\">\n\t\t\tWir werden ohne Druck und mit viel Freude lernen, wie man sich mit Seelen im Diesseits und im Jenseits verbindet.\t\t<\/div>\n\n\t\t<\/div>\n<h3>F\u00dcR WEN EIGNET SICH DER BIN ICH MEDIAL ONLINE KURS<\/h3>\n<p>Du willst:<\/p>\n<ul>\n<li>Die Medialit\u00e4t besser verstehen.<\/li>\n<li>Deine medialen F\u00e4higkeiten entdecken.<\/li>\n<li>Deine bisherigen medialen Erfahrungen in \u00dcbungen best\u00e4tigen.<\/li>\n<li>Dein Bewusstsein erweitern und in Deiner Kraft sein.<\/li>\n<li>Die Hellsinne verstehen und richtig einsetzen.<\/li>\n<li>Erste Schritte in der sensitiven und medialen Arbeit machen<\/li>\n<\/ul>\n<h3>VORAUSSETZUNGEN<\/h3>\n<p>Egal ob Anf\u00e4nger oder ob Du schon mediale Ausbildungen absolviert hast, bist Du bei mir herzlich willkommen. Du ben\u00f6tigst nur<\/p>\n<ul>\n<li>PC, Tablet oder Handy mit Mikrofon und Kamera. Du erh\u00e4ltst alle Instruktionen via E-Mail.<\/li>\n<li>Offenheit f\u00fcr Medialit\u00e4t und Spiritualit\u00e4t.<\/li>\n<\/ul>\n<p>Generell sind die \u00dcbungen, u.a. gef\u00fchrte Meditationen, nicht Pflicht. Wer nicht \u00fcben will, kann sich vorher ausklinken und den Kurs nur als Vortrag erhalten.<\/p>\n<h3 style=\"text-align: left;\">DATEN UND ZEITEN<\/h3>\n<p><strong>Datum:<\/strong>\u00a0 Samstag, 26. August 2023<\/p>\n<p><strong>Zeit:<\/strong> von 10:00 &#8211; 12:00 Uhr und von 13:00 &#8211; 16:00 Uhr<\/p>\n<h3 style=\"text-align: left;\">ONLINE TOOL<\/h3>\n<p>Du erh\u00e4ltst vor dem Kurs alle Informationen und einen Link zu meinem Online-Kursraum via E-Mail. Bitte ber\u00fccksichtige Deinen Spam-Ordner nach Deiner Bestellung.<\/p>\n<h2 class=\"h3\">MEDIALE AUSBILDUNG DEUTSCH ONLINE<\/h2>\n<p>Ich biete deutsche Kurse f\u00fcr angehende <a href=\"\/de\/\">Medien<\/a> in Deutschland, \u00d6sterreich, Schweiz, Holland, Luxemburg, und Europa. So ist die <a href=\"\/de\/medium-ausbildung\/\">mediale Ausbildung<\/a> ganz einfach zug\u00e4nglich f\u00fcr jeden. Du musst nicht reisen, kannst bequem von Zuhause aus teilnehmen und das Video in die eigene Mediathek herunterladen.<\/p>\n<p>Ich freue mich auf Dich und auf sch\u00f6ne Erfahrungen mit wertvollem Austausch!<\/p>\n<h2 class=\"h3\"><\/h2>","protected":false},"excerpt":{"rendered":"<p>Dieser Onlinekurs gibt Dir die M\u00f6glichkeit&#8230;<\/p>\n<ul>\n<li>Deine eigenen medialen F\u00e4higkeiten zu entdecken.<\/li>\n<li>die Hellsinne zu verstehen und zu trainieren.<\/li>\n<li>Dein Bewusstsein gezielt \u00fcber die f\u00fcnf Sinne hinaus zu erweitern.<\/li>\n<li>Deine bisherigen medialen Erfahrungen in \u00dcbungen best\u00e4tigen.<\/li>\n<\/ul>\n<p>Dieser mediale Nachmittag enth\u00e4lt <strong>Erkl\u00e4rungen von mir, kurze Pausen, mehrere \u00dcbungen, sowie gen\u00fcgend Zeit f\u00fcr Fragen und Antworten<\/strong>.<\/p>\n","protected":false},"featured_media":46897,"template":"","meta":{"pmpro_default_level":0},"product_cat":[114],"product_tag":[],"class_list":{"0":"post-45711","1":"product","2":"type-product","3":"status-publish","4":"has-post-thumbnail","6":"product_cat-events-de","7":"pmpro-has-access","9":"first","10":"instock","11":"virtual","12":"purchasable","13":"product-type-simple"},"acf":[],"yoast_head":"<!-- This site is optimized with the Yoast SEO plugin v22.9 - https:\/\/yoast.com\/wordpress\/plugins\/seo\/ -->\n<title>Bin ich medial? Onlinekurs - Schritte in die Medialit\u00e4t \u2b50\u2b50\u2b50\u2b50<\/title>\n<meta name=\"description\" content=\"Bin ich medial? Dieser intensive Onlinekurs unterst\u00fctzt Dich dabei, Deine medialen F\u00e4higkeiten zu entdecken. Mit Meditation &amp; \u00dcbungen.\" \/>\n<meta name=\"robots\" content=\"index, follow, max-snippet:-1, max-image-preview:large, max-video-preview:-1\" \/>\n<link rel=\"canonical\" href=\"https:\/\/staging.danielahadorn.com\/de\/product\/bin-ich-medial-onlinekurs\/\" \/>\n<meta name=\"twitter:card\" content=\"summary_large_image\" \/>\n<meta name=\"twitter:title\" content=\"Bin ich medial? Onlinekurs - Schritte in die Medialit\u00e4t \u2b50\u2b50\u2b50\u2b50\" \/>\n<meta name=\"twitter:description\" content=\"Bin ich medial? Dieser intensive Onlinekurs unterst\u00fctzt Dich dabei, Deine medialen F\u00e4higkeiten zu entdecken. Mit Meditation &amp; \u00dcbungen.\" \/>\n<meta name=\"twitter:image\" content=\"https:\/\/staging.danielahadorn.com\/wp-content\/uploads\/2020\/02\/bin-ich-medial-onlinekurs.jpg\" \/>\n<meta name=\"twitter:label1\" content=\"Gesch\u00e4tzte Lesezeit\" \/>\n\t<meta name=\"twitter:data1\" content=\"4\u00a0Minuten\" \/>\n<script type=\"application\/ld+json\" class=\"yoast-schema-graph\">{\"@context\":\"https:\/\/schema.org\",\"@graph\":[{\"@type\":\"WebPage\",\"@id\":\"https:\/\/staging.danielahadorn.com\/de\/product\/bin-ich-medial-onlinekurs\/\",\"url\":\"https:\/\/staging.danielahadorn.com\/de\/product\/bin-ich-medial-onlinekurs\/\",\"name\":\"Bin ich medial? Onlinekurs - Schritte in die Medialit\u00e4t \u2b50\u2b50\u2b50\u2b50\",\"isPartOf\":{\"@id\":\"https:\/\/staging.danielahadorn.com\/#website\"},\"primaryImageOfPage\":{\"@id\":\"https:\/\/staging.danielahadorn.com\/de\/product\/bin-ich-medial-onlinekurs\/#primaryimage\"},\"image\":{\"@id\":\"https:\/\/staging.danielahadorn.com\/de\/product\/bin-ich-medial-onlinekurs\/#primaryimage\"},\"thumbnailUrl\":\"https:\/\/staging.danielahadorn.com\/wp-content\/uploads\/2020\/02\/bin-ich-medial-onlinekurs.jpg\",\"datePublished\":\"2020-03-20T12:48:16+00:00\",\"dateModified\":\"2023-07-10T13:08:37+00:00\",\"description\":\"Bin ich medial? Dieser intensive Onlinekurs unterst\u00fctzt Dich dabei, Deine medialen F\u00e4higkeiten zu entdecken. Mit Meditation & \u00dcbungen.\",\"breadcrumb\":{\"@id\":\"https:\/\/staging.danielahadorn.com\/de\/product\/bin-ich-medial-onlinekurs\/#breadcrumb\"},\"inLanguage\":\"de\",\"potentialAction\":[{\"@type\":\"ReadAction\",\"target\":[\"https:\/\/staging.danielahadorn.com\/de\/product\/bin-ich-medial-onlinekurs\/\"]}]},{\"@type\":\"ImageObject\",\"inLanguage\":\"de\",\"@id\":\"https:\/\/staging.danielahadorn.com\/de\/product\/bin-ich-medial-onlinekurs\/#primaryimage\",\"url\":\"https:\/\/staging.danielahadorn.com\/wp-content\/uploads\/2020\/02\/bin-ich-medial-onlinekurs.jpg\",\"contentUrl\":\"https:\/\/staging.danielahadorn.com\/wp-content\/uploads\/2020\/02\/bin-ich-medial-onlinekurs.jpg\",\"width\":500,\"height\":500,\"caption\":\"bin ich medial\"},{\"@type\":\"BreadcrumbList\",\"@id\":\"https:\/\/staging.danielahadorn.com\/de\/product\/bin-ich-medial-onlinekurs\/#breadcrumb\",\"itemListElement\":[{\"@type\":\"ListItem\",\"position\":1,\"name\":\"Home\",\"item\":\"https:\/\/staging.danielahadorn.com\/de\/\"},{\"@type\":\"ListItem\",\"position\":2,\"name\":\"Shop\",\"item\":\"https:\/\/staging.danielahadorn.com\/de\/shop\/\"},{\"@type\":\"ListItem\",\"position\":3,\"name\":\"Events &amp; Ausbildung\",\"item\":\"https:\/\/staging.danielahadorn.com\/de\/produkt-kategorie\/events-de\/\"},{\"@type\":\"ListItem\",\"position\":4,\"name\":\"Bin ich medial? Schritte in die Medialit\u00e4t &#8211; Onlinekurs\"}]},{\"@type\":\"WebSite\",\"@id\":\"https:\/\/staging.danielahadorn.com\/#website\",\"url\":\"https:\/\/staging.danielahadorn.com\/\",\"name\":\"Daniela Hadorn\",\"description\":\"Spirituelles Medium, sensitives Medium, Meditation, Advaita Vedanta\",\"publisher\":{\"@id\":\"https:\/\/staging.danielahadorn.com\/#\/schema\/person\/24550df4140d753d0b2f54f438a7da7f\"},\"potentialAction\":[{\"@type\":\"SearchAction\",\"target\":{\"@type\":\"EntryPoint\",\"urlTemplate\":\"https:\/\/staging.danielahadorn.com\/?s={search_term_string}\"},\"query-input\":\"required name=search_term_string\"}],\"inLanguage\":\"de\"},{\"@type\":[\"Person\",\"Organization\"],\"@id\":\"https:\/\/staging.danielahadorn.com\/#\/schema\/person\/24550df4140d753d0b2f54f438a7da7f\",\"name\":\"Daniela Hadorn\",\"image\":{\"@type\":\"ImageObject\",\"inLanguage\":\"de\",\"@id\":\"https:\/\/staging.danielahadorn.com\/#\/schema\/person\/image\/\",\"url\":\"https:\/\/staging.danielahadorn.com\/wp-content\/uploads\/2017\/09\/me.jpg\",\"contentUrl\":\"https:\/\/staging.danielahadorn.com\/wp-content\/uploads\/2017\/09\/me.jpg\",\"width\":315,\"height\":316,\"caption\":\"Daniela Hadorn\"},\"logo\":{\"@id\":\"https:\/\/staging.danielahadorn.com\/#\/schema\/person\/image\/\"},\"description\":\"Daniela is a spiritual teacher and medium. Daniela is not living up in the sky but with both feet on the ground. She is a no nonsense kind of person. Her biggest wish is for you to see her teachings and her mediumship as a catalyst for your own spiritual self development.\",\"sameAs\":[\"https:\/\/staging.danielahadorn.com\/\",\"https:\/\/www.facebook.com\/mediumdanielahadorn\/\"]}]}<\/script>\n<!-- \/ Yoast SEO plugin. -->","yoast_head_json":{"title":"Bin ich medial? Onlinekurs - Schritte in die Medialit\u00e4t \u2b50\u2b50\u2b50\u2b50","description":"Bin ich medial? Dieser intensive Onlinekurs unterst\u00fctzt Dich dabei, Deine medialen F\u00e4higkeiten zu entdecken. Mit Meditation & \u00dcbungen.","robots":{"index":"index","follow":"follow","max-snippet":"max-snippet:-1","max-image-preview":"max-image-preview:large","max-video-preview":"max-video-preview:-1"},"canonical":"https:\/\/staging.danielahadorn.com\/de\/product\/bin-ich-medial-onlinekurs\/","twitter_card":"summary_large_image","twitter_title":"Bin ich medial? Onlinekurs - Schritte in die Medialit\u00e4t \u2b50\u2b50\u2b50\u2b50","twitter_description":"Bin ich medial? Dieser intensive Onlinekurs unterst\u00fctzt Dich dabei, Deine medialen F\u00e4higkeiten zu entdecken. Mit Meditation & \u00dcbungen.","twitter_image":"https:\/\/staging.danielahadorn.com\/wp-content\/uploads\/2020\/02\/bin-ich-medial-onlinekurs.jpg","twitter_misc":{"Gesch\u00e4tzte Lesezeit":"4\u00a0Minuten"},"schema":{"@context":"https:\/\/schema.org","@graph":[{"@type":"WebPage","@id":"https:\/\/staging.danielahadorn.com\/de\/product\/bin-ich-medial-onlinekurs\/","url":"https:\/\/staging.danielahadorn.com\/de\/product\/bin-ich-medial-onlinekurs\/","name":"Bin ich medial? Onlinekurs - Schritte in die Medialit\u00e4t \u2b50\u2b50\u2b50\u2b50","isPartOf":{"@id":"https:\/\/staging.danielahadorn.com\/#website"},"primaryImageOfPage":{"@id":"https:\/\/staging.danielahadorn.com\/de\/product\/bin-ich-medial-onlinekurs\/#primaryimage"},"image":{"@id":"https:\/\/staging.danielahadorn.com\/de\/product\/bin-ich-medial-onlinekurs\/#primaryimage"},"thumbnailUrl":"https:\/\/staging.danielahadorn.com\/wp-content\/uploads\/2020\/02\/bin-ich-medial-onlinekurs.jpg","datePublished":"2020-03-20T12:48:16+00:00","dateModified":"2023-07-10T13:08:37+00:00","description":"Bin ich medial? Dieser intensive Onlinekurs unterst\u00fctzt Dich dabei, Deine medialen F\u00e4higkeiten zu entdecken. Mit Meditation & \u00dcbungen.","breadcrumb":{"@id":"https:\/\/staging.danielahadorn.com\/de\/product\/bin-ich-medial-onlinekurs\/#breadcrumb"},"inLanguage":"de","potentialAction":[{"@type":"ReadAction","target":["https:\/\/staging.danielahadorn.com\/de\/product\/bin-ich-medial-onlinekurs\/"]}]},{"@type":"ImageObject","inLanguage":"de","@id":"https:\/\/staging.danielahadorn.com\/de\/product\/bin-ich-medial-onlinekurs\/#primaryimage","url":"https:\/\/staging.danielahadorn.com\/wp-content\/uploads\/2020\/02\/bin-ich-medial-onlinekurs.jpg","contentUrl":"https:\/\/staging.danielahadorn.com\/wp-content\/uploads\/2020\/02\/bin-ich-medial-onlinekurs.jpg","width":500,"height":500,"caption":"bin ich medial"},{"@type":"BreadcrumbList","@id":"https:\/\/staging.danielahadorn.com\/de\/product\/bin-ich-medial-onlinekurs\/#breadcrumb","itemListElement":[{"@type":"ListItem","position":1,"name":"Home","item":"https:\/\/staging.danielahadorn.com\/de\/"},{"@type":"ListItem","position":2,"name":"Shop","item":"https:\/\/staging.danielahadorn.com\/de\/shop\/"},{"@type":"ListItem","position":3,"name":"Events &amp; Ausbildung","item":"https:\/\/staging.danielahadorn.com\/de\/produkt-kategorie\/events-de\/"},{"@type":"ListItem","position":4,"name":"Bin ich medial? Schritte in die Medialit\u00e4t &#8211; Onlinekurs"}]},{"@type":"WebSite","@id":"https:\/\/staging.danielahadorn.com\/#website","url":"https:\/\/staging.danielahadorn.com\/","name":"Daniela Hadorn","description":"Spirituelles Medium, sensitives Medium, Meditation, Advaita Vedanta","publisher":{"@id":"https:\/\/staging.danielahadorn.com\/#\/schema\/person\/24550df4140d753d0b2f54f438a7da7f"},"potentialAction":[{"@type":"SearchAction","target":{"@type":"EntryPoint","urlTemplate":"https:\/\/staging.danielahadorn.com\/?s={search_term_string}"},"query-input":"required name=search_term_string"}],"inLanguage":"de"},{"@type":["Person","Organization"],"@id":"https:\/\/staging.danielahadorn.com\/#\/schema\/person\/24550df4140d753d0b2f54f438a7da7f","name":"Daniela Hadorn","image":{"@type":"ImageObject","inLanguage":"de","@id":"https:\/\/staging.danielahadorn.com\/#\/schema\/person\/image\/","url":"https:\/\/staging.danielahadorn.com\/wp-content\/uploads\/2017\/09\/me.jpg","contentUrl":"https:\/\/staging.danielahadorn.com\/wp-content\/uploads\/2017\/09\/me.jpg","width":315,"height":316,"caption":"Daniela Hadorn"},"logo":{"@id":"https:\/\/staging.danielahadorn.com\/#\/schema\/person\/image\/"},"description":"Daniela is a spiritual teacher and medium. Daniela is not living up in the sky but with both feet on the ground. She is a no nonsense kind of person. Her biggest wish is for you to see her teachings and her mediumship as a catalyst for your own spiritual self development.","sameAs":["https:\/\/staging.danielahadorn.com\/","https:\/\/www.facebook.com\/mediumdanielahadorn\/"]}]}},"_links":{"self":[{"href":"https:\/\/staging.danielahadorn.com\/de\/wp-json\/wp\/v2\/product\/45711","targetHints":{"allow":["GET"]}}],"collection":[{"href":"https:\/\/staging.danielahadorn.com\/de\/wp-json\/wp\/v2\/product"}],"about":[{"href":"https:\/\/staging.danielahadorn.com\/de\/wp-json\/wp\/v2\/types\/product"}],"wp:featuredmedia":[{"embeddable":true,"href":"https:\/\/staging.danielahadorn.com\/de\/wp-json\/wp\/v2\/media\/46897"}],"wp:attachment":[{"href":"https:\/\/staging.danielahadorn.com\/de\/wp-json\/wp\/v2\/media?parent=45711"}],"wp:term":[{"taxonomy":"product_cat","embeddable":true,"href":"https:\/\/staging.danielahadorn.com\/de\/wp-json\/wp\/v2\/product_cat?post=45711"},{"taxonomy":"product_tag","embeddable":true,"href":"https:\/\/staging.danielahadorn.com\/de\/wp-json\/wp\/v2\/product_tag?post=45711"}],"curies":[{"name":"wp","href":"https:\/\/api.w.org\/{rel}","templated":true}]}}