{"id":42135,"date":"2019-09-02T11:25:12","date_gmt":"2019-09-02T09:25:12","guid":{"rendered":"https:\/\/staging.danielahadorn.com\/?post_type=product&#038;p=42135"},"modified":"2021-01-08T16:56:17","modified_gmt":"2021-01-08T15:56:17","slug":"medialer-abend-oeffentliche-jenseitskontakte","status":"publish","type":"product","link":"https:\/\/staging.danielahadorn.com\/de\/product\/medialer-abend-oeffentliche-jenseitskontakte\/","title":{"rendered":"MEDIALER ABEND: \u00d6FFENTLICHE JENSEITSKONTAKTE BEI OLTEN"},"content":{"rendered":"<p><strong><span style=\"color: #cc0099;\">WEGEN CORONA SIND MOMENTAN KEINE \u00d6FFENTLICHEN JENSEITSKONTAKTE M\u00d6GLICH!<\/span><\/strong><\/p>\n<div class=\"gbox gbox-full\"><h3>NEU IM ANGEBOT<\/h3>\n<p><strong><span style=\"color: #cc0099;\">KOSTENLOS SOULTALK &#8211; WAS DU SCHON IMMER \u00dcBER DIE MEDIALIT\u00c4T WISSEN WOLLTEST<\/span><\/strong><br \/>\nDer <a href=\"\/de\/product\/soul-talk-medialitaet-kostenlos\/\">Soultalk<\/a> findet am 20. August 2023 kostenlos auf Zoom statt.<\/p>\n<p><strong><span style=\"color: #cc0099;\">MEDIUM COACHING<\/span><\/strong><br \/>\nNeu biete ich individuelle Eins zu Eins <a href=\"\/de\/product\/medium-coaching\/\">Medium Coachings<\/a> bzw. Mentoring f\u00fcr angehende Medien an. Die Sitzungen sind individuell auf Deine Bed\u00fcrfnisse zugeschnitten, damit Deine Fortschritte gr\u00f6sser sind.<\/p>\n<h3>MEDIALE KURSE<\/h3>\n<p><strong><span style=\"color: #cc0099;\">ONLINEKURS BIN ICH MEDIAL &#8211; ERSTE SCHRITTE IN DIE MEDIALIT\u00c4T<\/span><\/strong><br \/>\nDieser <a href=\"\/de\/product\/bin-ich-medial-onlinekurs\/\">Onlinekurs<\/a> findet am <strong>26. August 2023<\/strong> statt. Er gibt Dir die M\u00f6glichkeit, Deine eigenen medialen F\u00e4higkeiten zu entdecken und Deiner Wahrnehmung zu vertrauen.<\/p>\n<p><strong><span style=\"color: #cc0099;\">ONLINEKURS AURAFARBEN<\/span><\/strong><br \/>\nDieser zweiteilige <a href=\"\/de\/product\/onlinekurs-vertiefung-der-jenseitskontakte\/\">Onlinekurs<\/a> findet am <strong>1. und 2. September 2023<\/strong> statt. Wir lernen alles \u00fcber die Aurafarben. Und nat\u00fcrlich lernst Du die Aura f\u00fcr Menschen im Diesseits und Jenseits zu lesen.<\/p>\n<p><strong><span style=\"color: #cc0099;\">ONLINEKURS JENSEITSKONTAKTE<\/span><\/strong><br \/>\nDieser zweiteilige <a href=\"\/de\/product\/onlinekurs-vertiefung-der-jenseitskontakte\/\">Onlinekurs<\/a> findet am <strong>15. und 16. September 2022<\/strong> statt. Dabei bringen wir unsere Jenseitskontakte auf den n\u00e4chsten Level. Wir lernen konkreter zu werden und Kontakte l\u00e4nger zu halten.<\/p>\n<h3 class=\"p1\"><b>MEDIALE JAHRESAUSBILDUNGEN<\/b><\/h3>\n<p class=\"p2\"><span style=\"color: #cc0099;\"><b>JAHRESAUSBILDUNG 2024 IN DER SCHWEIZ<\/b><\/span><br \/>\nDie <a href=\"applewebdata:\/\/838E11C8-5816-4CAB-BB48-1862F24C22AD\/de\/jahresausbildung\/\"><span class=\"s1\">Jahresausbildung<\/span><\/a> in Aarau startet bei gen\u00fcgend Interesse im <b>M\u00e4rz 2024<\/b>. Die Pl\u00e4tze sind sehr begrenzt, also reserviere so bald als m\u00f6glich. Ich freue mich darauf, intensiv mit einer kleinen Gruppe zu arbeiten!<\/p>\n<p>Bist Du dabei? Ich freue mich auf Dich! \u2764\ufe0f<\/p>\n<\/div>\n<p>Ein medialer Abend gibt Dir die Gelegenheit zu erfahren, <strong>wie Jenseitskontakte funktionieren<\/strong> und wie ich als Medium arbeite. Jenseitskontakte und die Botschaften aus der geistigen Welt bringen <strong>Kraft, Freude, Liebe und Heilung<\/strong> f\u00fcr alle. Jeder geht mit einem guten Gef\u00fchl und dem Wissen nach Hause, dass unsere Liebsten in der geistigen Welt immer mit uns verbunden sind.<\/p>\n<blockquote><p>Beeindruckend, \u00fcberzeugend, erstaunlich detailliert und pr\u00e4zise aber auch immer humorvoll. Jeder wird von dieser Erfahrung ber\u00fchrt.<\/p><\/blockquote>\n<p>Meine Aufgabe ist zu zeigen, dass, obwohl der physische K\u00f6rper stirbt, die Seele, einschlie\u00dflich der Pers\u00f6nlichkeit und die Erinnerung, weiterlebt. Wir werden daran erinnert, dass unsere Liebe zueinander nie stirbt und fortw\u00e4hrend ist.<\/p>\n<h2 class=\"h3\">MEDIALER ABEND &#8211; GUT ZU WISSEN<\/h2>\n<ul>\n<li>Der <strong>Platz ist beschr\u00e4nkt<\/strong>, was die Chance auf einen Jenseitskontakt erh\u00f6ht.<\/li>\n<li>Der mediale Abend dauert mindestens 1 Std. und maximal 2 Std.<\/li>\n<li>Du reservierst und bezahlst die Anzahl Pl\u00e4tze direkt hier in meinem Shop.<\/li>\n<li>Falls der mediale Abend nicht ausverkauft ist, kann man spontan an die Abendkasse (CHF 30.00) kommen, ohne Platzgarantie.<\/li>\n<li>Leider gibt es keine Garantie, dass jede Person eine Botschaft aus der geistigen Welt erh\u00e4lt.<\/li>\n<li>Jeder Jenseitskontakt enth\u00e4lt Nachrichten, welche f\u00fcr alle Menschen im Raum heilend, tr\u00f6stend und lehrreich sind. Es ist immer wieder spannend zu beobachten, wie die Menschen nicht per Zufall in dieser Konstellation zusammenkommen. Viele k\u00f6nnen sich mit dem Empf\u00e4nger der Nachricht aus dem Jenseits und mit dem Verstorbenen identifizieren.<\/li>\n<li>Ich geben keine intime, heikle und sensitive Informationen vor Publikum weiter. Daf\u00fcr ist ein medialer Abend nicht geeignet.<\/li>\n<\/ul>\n<h2 class=\"h3\">UNTERSCHIED \u00d6FFENTLICHE JENSEITSKONTAKTE ZU JENSEITSKONTAKTE IN EINER PRIVATEN SITZUNG<\/h2>\n<p>An einem Medialen Abend gebe ich Jenseitskontakte f\u00fcr ein kleineres oder gr\u00f6sseres Publikum. Die Kontakte sind jeweils k\u00fcrzer, so um die 7 &#8211; 9 Minuten je. Ich erz\u00e4hle die Lebensgeschichte in einer abgespeckten Version. Mediale Abende eigenen sich f\u00fcr Menschen, die mich als Medium kennenlernen wollen oder aber erleben m\u00f6chten, wie so ein Jenseitskontakt funktioniert. Die Botschaften haben immer einen gr\u00f6sseren Zusammenhang, welcher f\u00fcr alle im Raum relevant sein kann, nicht nur f\u00fcr den Empf\u00e4nger des Jenseitskontaktes. Heilung, Trost und Liebe erf\u00e4hrt jeder. Jenseitskontakte m\u00fcssen auch nicht nur traurig sein, sondern sind immer sehr aufbauend und positiv.<\/p>\n<p>In einer Privaten Sitzung dauern die <a href=\"\/de\/jenseitskontakte\/\">Jenseitskontakte<\/a> 30 &#8211; 60 Minuten. In diesem Zeitraum kommen immer mehrere Personen aus der geistigen Welt. Da die Zeit vorhanden ist, sind die erz\u00e4hlten Lebensgeschichten detaillierter und gehen tiefer. Intime und pers\u00f6nliche Botschaften und Nachrichten werden nicht vorenthalten, sondern weitergegeben. Die Botschaften sind spezifisch auf den Empf\u00e4nger des Jenseitskontaktes ausgerichtet. Jenseitskontakte f\u00fcr den Empf\u00e4nger sind garantiert.<\/p>\n<h2 class=\"h3\">ABLAUF DES MEDIALEN ABENDS<\/h2>\n<p>Bei Beginn des Abends stelle ich mich vor und erkl\u00e4re wie ich arbeite. Nicht jedes Medium arbeitet gleich. Ich rufe auch an einem medialen Abend keine Toten, sondern sehe, wer f\u00fcr das Publikum hier ist. Dabei gehe ich meistens direkt ohne zu Fragen auf den Empf\u00e4nger des Jenseitskontaktes, denn es ist meine Aufgabe die passende Person im Publikum zu finden.<\/p>\n<p>Immer \u00f6fters mache ich auch blinde Jenseitskontakte vor dem Publikum, um aufzuzeigen, dass ich keine \u00c4usseren Informationen vom Empf\u00e4nger der Nachricht ben\u00f6tige.<\/p>\n<p>Wichtig f\u00fcr mich ist, dass Du entspannt und voller Freude an diesem medialen Abend teilnimmst. Denn unsere Liebsten in der geistigen Welt freuen sich ebenso mit Dir sprechen zu k\u00f6nnen.<\/p>\n<h2 class=\"h3\">INFORMATIONEN \u00dcBER DAS SPIRITUELLE MEDIUM DANIELA HADORN<\/h2>\n<p><img decoding=\"async\" class=\"alignleft wp-image-1022\" src=\"https:\/\/staging.danielahadorn.com\/wp-content\/uploads\/2017\/09\/me.jpg\" alt=\"Medium Schweiz\" width=\"160\" height=\"165\" \/><\/p>\n<p>Ich bin ein spirituelles Medium aus der Schweiz, welches sich auf mediale &#8220;live&#8221; Auftritte ausgebildet und daf\u00fcr Jahre trainiert hat. Ich liebe Jenseitskontakte und die B\u00fchne. Es ist jedesmal wundersch\u00f6n Menschen aus dem Diesseits mit dem Jenseits zu vereinigen. Liebe, Trost und Heilung sind auch an medialen Abenden garantiert. Auf <a href=\"\/de\/ueber\/\">\u00fcber mich<\/a> kannst Du mehr erfahren.<\/p>\n<p>Ich freue mich auf jeden Fall auf einen tollen medialen Abend mit Dir und Deinen Liebsten. Bis bald und auf wundersch\u00f6ne Nachrichten aus dem Jenseits!<\/p>","protected":false},"excerpt":{"rendered":"<p>In einem kleinen, ungezwungenen Rahmen stelle ich <strong>Jenseitskontakte f\u00fcr das Publikum<\/strong> her.<\/p>\n<p>Als spirituelles Medium verbinde ich an diesem medialen Abend Menschen mit ihren Liebsten in der geistigen Welt und \u00fcberbringe <strong>Nachrichten aus dem Jenseits<\/strong>.<\/p>\n<p><strong>Klare Beweise und Botschaften<\/strong> sind wichtig, denn die Aufgabe eines jeden Mediums ist es, zu zeigen, dass die Seele unsterblich ist. Jeder Jenseitskontakt ist heilend, liebevoll und tr\u00f6stend.<\/p>\n","protected":false},"featured_media":42145,"template":"","meta":{"pmpro_default_level":0},"product_cat":[114],"product_tag":[],"class_list":{"0":"post-42135","1":"product","2":"type-product","3":"status-publish","4":"has-post-thumbnail","6":"product_cat-events-de","7":"pmpro-has-access","9":"first","10":"outofstock","11":"shipping-taxable","12":"product-type-simple"},"acf":[],"yoast_head":"<!-- This site is optimized with the Yoast SEO plugin v22.9 - https:\/\/yoast.com\/wordpress\/plugins\/seo\/ -->\n<title>MEDIALER ABEND: \u00d6FFENTLICHE JENSEITSKONTAKTE BEI OLTEN \u2b50\u2b50\u2b50\u2b50<\/title>\n<meta name=\"description\" content=\"Medialer Abend: Liebevolle, detaillierte und beeindruckende Jenseitskontakte f\u00fcr das Publikum. Diese bringen Trost, Liebe und Heilung f\u00fcr alle.\" \/>\n<meta name=\"robots\" content=\"index, follow, max-snippet:-1, max-image-preview:large, max-video-preview:-1\" \/>\n<link rel=\"canonical\" href=\"https:\/\/staging.danielahadorn.com\/de\/product\/medialer-abend-oeffentliche-jenseitskontakte\/\" \/>\n<meta name=\"twitter:card\" content=\"summary_large_image\" \/>\n<meta name=\"twitter:title\" content=\"MEDIALER ABEND: \u00d6FFENTLICHE JENSEITSKONTAKTE BEI OLTEN \u2b50\u2b50\u2b50\u2b50\" \/>\n<meta name=\"twitter:description\" content=\"Medialer Abend: Liebevolle, detaillierte und beeindruckende Jenseitskontakte f\u00fcr das Publikum. Diese bringen Trost, Liebe und Heilung f\u00fcr alle.\" \/>\n<meta name=\"twitter:image\" content=\"https:\/\/staging.danielahadorn.com\/wp-content\/uploads\/2019\/08\/medialerabend.jpg\" \/>\n<meta name=\"twitter:label1\" content=\"Gesch\u00e4tzte Lesezeit\" \/>\n\t<meta name=\"twitter:data1\" content=\"3\u00a0Minuten\" \/>\n<script type=\"application\/ld+json\" class=\"yoast-schema-graph\">{\"@context\":\"https:\/\/schema.org\",\"@graph\":[{\"@type\":\"WebPage\",\"@id\":\"https:\/\/staging.danielahadorn.com\/de\/product\/medialer-abend-oeffentliche-jenseitskontakte\/\",\"url\":\"https:\/\/staging.danielahadorn.com\/de\/product\/medialer-abend-oeffentliche-jenseitskontakte\/\",\"name\":\"MEDIALER ABEND: \u00d6FFENTLICHE JENSEITSKONTAKTE BEI OLTEN \u2b50\u2b50\u2b50\u2b50\",\"isPartOf\":{\"@id\":\"https:\/\/staging.danielahadorn.com\/#website\"},\"primaryImageOfPage\":{\"@id\":\"https:\/\/staging.danielahadorn.com\/de\/product\/medialer-abend-oeffentliche-jenseitskontakte\/#primaryimage\"},\"image\":{\"@id\":\"https:\/\/staging.danielahadorn.com\/de\/product\/medialer-abend-oeffentliche-jenseitskontakte\/#primaryimage\"},\"thumbnailUrl\":\"https:\/\/staging.danielahadorn.com\/wp-content\/uploads\/2019\/08\/medialerabend.jpg\",\"datePublished\":\"2019-09-02T09:25:12+00:00\",\"dateModified\":\"2021-01-08T15:56:17+00:00\",\"description\":\"Medialer Abend: Liebevolle, detaillierte und beeindruckende Jenseitskontakte f\u00fcr das Publikum. Diese bringen Trost, Liebe und Heilung f\u00fcr alle.\",\"breadcrumb\":{\"@id\":\"https:\/\/staging.danielahadorn.com\/de\/product\/medialer-abend-oeffentliche-jenseitskontakte\/#breadcrumb\"},\"inLanguage\":\"de\",\"potentialAction\":[{\"@type\":\"ReadAction\",\"target\":[\"https:\/\/staging.danielahadorn.com\/de\/product\/medialer-abend-oeffentliche-jenseitskontakte\/\"]}]},{\"@type\":\"ImageObject\",\"inLanguage\":\"de\",\"@id\":\"https:\/\/staging.danielahadorn.com\/de\/product\/medialer-abend-oeffentliche-jenseitskontakte\/#primaryimage\",\"url\":\"https:\/\/staging.danielahadorn.com\/wp-content\/uploads\/2019\/08\/medialerabend.jpg\",\"contentUrl\":\"https:\/\/staging.danielahadorn.com\/wp-content\/uploads\/2019\/08\/medialerabend.jpg\",\"width\":500,\"height\":500},{\"@type\":\"BreadcrumbList\",\"@id\":\"https:\/\/staging.danielahadorn.com\/de\/product\/medialer-abend-oeffentliche-jenseitskontakte\/#breadcrumb\",\"itemListElement\":[{\"@type\":\"ListItem\",\"position\":1,\"name\":\"Home\",\"item\":\"https:\/\/staging.danielahadorn.com\/de\/\"},{\"@type\":\"ListItem\",\"position\":2,\"name\":\"Shop\",\"item\":\"https:\/\/staging.danielahadorn.com\/de\/shop\/\"},{\"@type\":\"ListItem\",\"position\":3,\"name\":\"Events &amp; Ausbildung\",\"item\":\"https:\/\/staging.danielahadorn.com\/de\/produkt-kategorie\/events-de\/\"},{\"@type\":\"ListItem\",\"position\":4,\"name\":\"MEDIALER ABEND: \u00d6FFENTLICHE JENSEITSKONTAKTE BEI OLTEN\"}]},{\"@type\":\"WebSite\",\"@id\":\"https:\/\/staging.danielahadorn.com\/#website\",\"url\":\"https:\/\/staging.danielahadorn.com\/\",\"name\":\"Daniela Hadorn\",\"description\":\"Spirituelles Medium, sensitives Medium, Meditation, Advaita Vedanta\",\"publisher\":{\"@id\":\"https:\/\/staging.danielahadorn.com\/#\/schema\/person\/24550df4140d753d0b2f54f438a7da7f\"},\"potentialAction\":[{\"@type\":\"SearchAction\",\"target\":{\"@type\":\"EntryPoint\",\"urlTemplate\":\"https:\/\/staging.danielahadorn.com\/?s={search_term_string}\"},\"query-input\":\"required name=search_term_string\"}],\"inLanguage\":\"de\"},{\"@type\":[\"Person\",\"Organization\"],\"@id\":\"https:\/\/staging.danielahadorn.com\/#\/schema\/person\/24550df4140d753d0b2f54f438a7da7f\",\"name\":\"Daniela Hadorn\",\"image\":{\"@type\":\"ImageObject\",\"inLanguage\":\"de\",\"@id\":\"https:\/\/staging.danielahadorn.com\/#\/schema\/person\/image\/\",\"url\":\"https:\/\/staging.danielahadorn.com\/wp-content\/uploads\/2017\/09\/me.jpg\",\"contentUrl\":\"https:\/\/staging.danielahadorn.com\/wp-content\/uploads\/2017\/09\/me.jpg\",\"width\":315,\"height\":316,\"caption\":\"Daniela Hadorn\"},\"logo\":{\"@id\":\"https:\/\/staging.danielahadorn.com\/#\/schema\/person\/image\/\"},\"description\":\"Daniela is a spiritual teacher and medium. Daniela is not living up in the sky but with both feet on the ground. She is a no nonsense kind of person. Her biggest wish is for you to see her teachings and her mediumship as a catalyst for your own spiritual self development.\",\"sameAs\":[\"https:\/\/staging.danielahadorn.com\/\",\"https:\/\/www.facebook.com\/mediumdanielahadorn\/\"]}]}<\/script>\n<!-- \/ Yoast SEO plugin. -->","yoast_head_json":{"title":"MEDIALER ABEND: \u00d6FFENTLICHE JENSEITSKONTAKTE BEI OLTEN \u2b50\u2b50\u2b50\u2b50","description":"Medialer Abend: Liebevolle, detaillierte und beeindruckende Jenseitskontakte f\u00fcr das Publikum. Diese bringen Trost, Liebe und Heilung f\u00fcr alle.","robots":{"index":"index","follow":"follow","max-snippet":"max-snippet:-1","max-image-preview":"max-image-preview:large","max-video-preview":"max-video-preview:-1"},"canonical":"https:\/\/staging.danielahadorn.com\/de\/product\/medialer-abend-oeffentliche-jenseitskontakte\/","twitter_card":"summary_large_image","twitter_title":"MEDIALER ABEND: \u00d6FFENTLICHE JENSEITSKONTAKTE BEI OLTEN \u2b50\u2b50\u2b50\u2b50","twitter_description":"Medialer Abend: Liebevolle, detaillierte und beeindruckende Jenseitskontakte f\u00fcr das Publikum. Diese bringen Trost, Liebe und Heilung f\u00fcr alle.","twitter_image":"https:\/\/staging.danielahadorn.com\/wp-content\/uploads\/2019\/08\/medialerabend.jpg","twitter_misc":{"Gesch\u00e4tzte Lesezeit":"3\u00a0Minuten"},"schema":{"@context":"https:\/\/schema.org","@graph":[{"@type":"WebPage","@id":"https:\/\/staging.danielahadorn.com\/de\/product\/medialer-abend-oeffentliche-jenseitskontakte\/","url":"https:\/\/staging.danielahadorn.com\/de\/product\/medialer-abend-oeffentliche-jenseitskontakte\/","name":"MEDIALER ABEND: \u00d6FFENTLICHE JENSEITSKONTAKTE BEI OLTEN \u2b50\u2b50\u2b50\u2b50","isPartOf":{"@id":"https:\/\/staging.danielahadorn.com\/#website"},"primaryImageOfPage":{"@id":"https:\/\/staging.danielahadorn.com\/de\/product\/medialer-abend-oeffentliche-jenseitskontakte\/#primaryimage"},"image":{"@id":"https:\/\/staging.danielahadorn.com\/de\/product\/medialer-abend-oeffentliche-jenseitskontakte\/#primaryimage"},"thumbnailUrl":"https:\/\/staging.danielahadorn.com\/wp-content\/uploads\/2019\/08\/medialerabend.jpg","datePublished":"2019-09-02T09:25:12+00:00","dateModified":"2021-01-08T15:56:17+00:00","description":"Medialer Abend: Liebevolle, detaillierte und beeindruckende Jenseitskontakte f\u00fcr das Publikum. Diese bringen Trost, Liebe und Heilung f\u00fcr alle.","breadcrumb":{"@id":"https:\/\/staging.danielahadorn.com\/de\/product\/medialer-abend-oeffentliche-jenseitskontakte\/#breadcrumb"},"inLanguage":"de","potentialAction":[{"@type":"ReadAction","target":["https:\/\/staging.danielahadorn.com\/de\/product\/medialer-abend-oeffentliche-jenseitskontakte\/"]}]},{"@type":"ImageObject","inLanguage":"de","@id":"https:\/\/staging.danielahadorn.com\/de\/product\/medialer-abend-oeffentliche-jenseitskontakte\/#primaryimage","url":"https:\/\/staging.danielahadorn.com\/wp-content\/uploads\/2019\/08\/medialerabend.jpg","contentUrl":"https:\/\/staging.danielahadorn.com\/wp-content\/uploads\/2019\/08\/medialerabend.jpg","width":500,"height":500},{"@type":"BreadcrumbList","@id":"https:\/\/staging.danielahadorn.com\/de\/product\/medialer-abend-oeffentliche-jenseitskontakte\/#breadcrumb","itemListElement":[{"@type":"ListItem","position":1,"name":"Home","item":"https:\/\/staging.danielahadorn.com\/de\/"},{"@type":"ListItem","position":2,"name":"Shop","item":"https:\/\/staging.danielahadorn.com\/de\/shop\/"},{"@type":"ListItem","position":3,"name":"Events &amp; Ausbildung","item":"https:\/\/staging.danielahadorn.com\/de\/produkt-kategorie\/events-de\/"},{"@type":"ListItem","position":4,"name":"MEDIALER ABEND: \u00d6FFENTLICHE JENSEITSKONTAKTE BEI OLTEN"}]},{"@type":"WebSite","@id":"https:\/\/staging.danielahadorn.com\/#website","url":"https:\/\/staging.danielahadorn.com\/","name":"Daniela Hadorn","description":"Spirituelles Medium, sensitives Medium, Meditation, Advaita Vedanta","publisher":{"@id":"https:\/\/staging.danielahadorn.com\/#\/schema\/person\/24550df4140d753d0b2f54f438a7da7f"},"potentialAction":[{"@type":"SearchAction","target":{"@type":"EntryPoint","urlTemplate":"https:\/\/staging.danielahadorn.com\/?s={search_term_string}"},"query-input":"required name=search_term_string"}],"inLanguage":"de"},{"@type":["Person","Organization"],"@id":"https:\/\/staging.danielahadorn.com\/#\/schema\/person\/24550df4140d753d0b2f54f438a7da7f","name":"Daniela Hadorn","image":{"@type":"ImageObject","inLanguage":"de","@id":"https:\/\/staging.danielahadorn.com\/#\/schema\/person\/image\/","url":"https:\/\/staging.danielahadorn.com\/wp-content\/uploads\/2017\/09\/me.jpg","contentUrl":"https:\/\/staging.danielahadorn.com\/wp-content\/uploads\/2017\/09\/me.jpg","width":315,"height":316,"caption":"Daniela Hadorn"},"logo":{"@id":"https:\/\/staging.danielahadorn.com\/#\/schema\/person\/image\/"},"description":"Daniela is a spiritual teacher and medium. Daniela is not living up in the sky but with both feet on the ground. She is a no nonsense kind of person. Her biggest wish is for you to see her teachings and her mediumship as a catalyst for your own spiritual self development.","sameAs":["https:\/\/staging.danielahadorn.com\/","https:\/\/www.facebook.com\/mediumdanielahadorn\/"]}]}},"_links":{"self":[{"href":"https:\/\/staging.danielahadorn.com\/de\/wp-json\/wp\/v2\/product\/42135","targetHints":{"allow":["GET"]}}],"collection":[{"href":"https:\/\/staging.danielahadorn.com\/de\/wp-json\/wp\/v2\/product"}],"about":[{"href":"https:\/\/staging.danielahadorn.com\/de\/wp-json\/wp\/v2\/types\/product"}],"wp:featuredmedia":[{"embeddable":true,"href":"https:\/\/staging.danielahadorn.com\/de\/wp-json\/wp\/v2\/media\/42145"}],"wp:attachment":[{"href":"https:\/\/staging.danielahadorn.com\/de\/wp-json\/wp\/v2\/media?parent=42135"}],"wp:term":[{"taxonomy":"product_cat","embeddable":true,"href":"https:\/\/staging.danielahadorn.com\/de\/wp-json\/wp\/v2\/product_cat?post=42135"},{"taxonomy":"product_tag","embeddable":true,"href":"https:\/\/staging.danielahadorn.com\/de\/wp-json\/wp\/v2\/product_tag?post=42135"}],"curies":[{"name":"wp","href":"https:\/\/api.w.org\/{rel}","templated":true}]}}