{"id":954,"date":"2018-08-10T20:35:56","date_gmt":"2018-08-10T17:35:56","guid":{"rendered":"https:\/\/staging.danielahadorn.com\/?page_id=954"},"modified":"2021-12-16T18:33:19","modified_gmt":"2021-12-16T17:33:19","slug":"meditation-lernen","status":"publish","type":"page","link":"https:\/\/staging.danielahadorn.com\/de\/meditation-lernen\/","title":{"rendered":"Meditation lernen"},"content":{"rendered":"<h2 class=\"h3\">INNERE STILLE<\/h2>\n<p>Seit \u00fcber 20 Jahren ist die Meditation Teil meines t\u00e4glichen Lebens. Die Meditation hat mir einige tiefe Einsichten geschenkt. Spiritualit\u00e4t ist eine Reise nach innen, die Entdeckung unseres wahren Selbst und dessen, wer wir wirklich sind.<\/p>\n<blockquote><p>Meditation ist Stille, Stille ist sein<\/p><\/blockquote>\n<p>Aber auch Freiheit, Frieden und Liebe. Das, was immer schon da war.<\/p>\n<p>Ich habe mein Wissen und meine Erfahrungen aus dem Hinduismus, Mentaltraining und dem Spiritualismus. Die Wahrheit habe ich in der Philosophie von Advaita Vedanta gefunden. Aber weisst Du was? Das spielt nicht wirklich eine Rolle, denn die Stille braucht keine Technik, keine Regeln und keine Lehren.<\/p>\n<p>Deshalb kann ich Dir nicht zeigen oder lehren, wie man meditiert oder wie man &#8220;Stille&#8221; ist. Du bist &#8220;Das&#8221; bereits. Ich bin nur dazu da, Wissen zu teilen, damit Du Dein eigenes Selbst siehst. Damit Du zudem erkennst, dass Du nicht nur ein einzelner Tropfen bist, sondern der ganze Ozean.<\/p>\n<h2 class=\"h3\">MEDITATION LERNEN SCHWIERIGKEITEN<\/h2>\n<p>Ich sch\u00e4tze, wie viele von Euch, hatte ich am Anfang die gleichen Schwierigkeiten:<\/p>\n<ol>\n<li>Nicht genug Zeit<\/li>\n<li>Ich kann meine Gedanken nicht beruhigen<\/li>\n<li>Schwierigkeiten \u00fcber l\u00e4ngere Zeit still und in der gleichen Position zu sitzen<\/li>\n<li>und sowieso finde ich tausend andere Ausreden, um nicht zu meditieren&#8230;.<\/li>\n<\/ol>\n<p>Schwierigkeiten zu haben, bedeutet einfach, dass Du mit Deinen Gedanken im K\u00f6rper, in den Emotionen und im Verstand bist.<\/p>\n<p>Meditation bedeutet verschiedenes f\u00fcr viele Menschen. Vielleicht konzentrierst Du Dich auf Deinen Atem, oder stellst Dir einen sch\u00f6nen Ort oder Deine innere Kraft und Flamme vor, verbindest Dich mit der geistigen Welt, vielleicht h\u00f6rst Du gef\u00fchrten Meditationen zu, oder fokussierst Dich auf etwas. Diese Praktiken k\u00f6nnen dazu f\u00fchren, dass wir folgendes denken: Ich bin dieser K\u00f6rper, diese Gedanken, diese Emotionen. Und so denken wir: Ich will das, ich muss das tun, ich muss das lernen, ich muss \u00fcben, ich muss Zeit investieren, ich muss das behalten. Das ist der Start unserer Schwierigkeiten. Wir beginnen, Meditation als etwas zu betrachten, was wir tun m\u00fcssen, um uns zu ver\u00e4ndern, zu entspannen, spirituell zu sein oder gesund zu sein und so weiter.<\/p>\n<h2 class=\"h3\">SEIN<\/h2>\n<p>Beginne, Meditation als nur &#8220;Sein&#8221; zu betrachten. Dieses einfache Sein kann \u00fcberall und jederzeit, auch beim Z\u00e4hneputzen stattfinden. Es gibt diese Momente, in denen wir einen Sonnenuntergang beobachten, oder mitten im Wald sind, oder unser Kind umarmen, wo wir einfach nur sind. Ohne Gedanken, ohne K\u00f6rper, ohne Emotionen, nur reines im Moment Sein.<\/p>\n<p>Dieses Sein, unser Bewusstsein ist immer hier, unbeweglich, wir sind uns dem einfach nicht immer bewusst. Weil wir mit unseren Augen, unserem Verstand, unserem K\u00f6rper schauen anstatt mit unserem Herzen, unserem Selbst.<\/p>\n<p>Auf meiner Website, meinem <a href=\"https:\/\/staging.danielahadorn.com\/de\/inspirierendes-blog\/\">Blog<\/a>, meinen <a href=\"https:\/\/staging.danielahadorn.com\/de\/events\/\">Kursen<\/a>\u00a0und in meinem\u00a0<a href=\"#abonnieren\" data-fancybox=\"\">Newsletter<\/a>\u00a0findest Du Unterst\u00fctzung und Einsichten. Meditation ist nicht nur f\u00fcr Medien oder Sensitive, sondern f\u00fcr alle. Einerseits hilft es Menschen mit Depression, Stress, Panikattacken oder Angst und andererseits denen, die einfach inneren Frieden finden m\u00f6chten. Zusammen erleben wir das Sein mehr und mehr.<\/p>\n<p>Viel Liebe<br \/>\nDaniela<\/p>\n<h2 class=\"h3\">SICH DER STILLE HINGEBEN<\/h2>\n<p>Meditation lernen: Es werden keine Techniken, Werkzeuge wie Musik, Affirmationen, Vorstellungskraft und Coaching ben\u00f6tigt, um zu lernen, wie man meditiert. Wir Menschen haben die Neigung, alles zu verkomplizieren. Es gibt nichts, was Du &#8220;tun&#8221; oder erreichen musst, um zu meditieren.<\/p>\n<p>Jeder achtsame Akt, jede Interaktion, jeder Schritt und jeder Atemzug im Bewusstsein ist Meditation. Einfach Sein ist Meditation. Es ist der Ort, an dem wir Eins sind mit dem Selbst, der g\u00f6ttlichen Quelle sowie allem in und um uns herum. Das ist unser nat\u00fcrliche Zustand, da wo wir zu Hause sind.<\/p>\n<p>Der Zustand, in dem wir uns w\u00e4hrend der tiefen Meditation befinden, ist unser nat\u00fcrlicher Zustand, derjenige, der grenzenlos, endlos und frei ist. Dieser ist immer pr\u00e4sent, immer hier.<\/p>\n<p>In der Meditation lassen wir unsere Gedanken, Emotionen und alle W\u00fcnsche los. Wir erleben direkt das Einssein mit allem was ist &#8211; etwas jenseits von Gedanken oder Vorstellungskraft und sicherlich jenseits von Worten.<\/p>\n<p><img decoding=\"async\" class=\"aligncenter wp-image-2551 size-large\" src=\"https:\/\/staging.danielahadorn.com\/wp-content\/uploads\/2019\/01\/stille-silence-1024x243.jpg\" alt=\"stille, silence, meditation\" width=\"1024\" height=\"243\" srcset=\"https:\/\/staging.danielahadorn.com\/wp-content\/uploads\/2019\/01\/stille-silence-1024x243.jpg 1024w, https:\/\/staging.danielahadorn.com\/wp-content\/uploads\/2019\/01\/stille-silence-300x71.jpg 300w, https:\/\/staging.danielahadorn.com\/wp-content\/uploads\/2019\/01\/stille-silence-768x182.jpg 768w, https:\/\/staging.danielahadorn.com\/wp-content\/uploads\/2019\/01\/stille-silence-600x142.jpg 600w\" sizes=\"(max-width: 1024px) 100vw, 1024px\" \/><\/p>\n<h2 class=\"h3\">VERSTAND, GEDANKEN, W\u00dcNSCHE<\/h2>\n<p>Wir haben gelernt, st\u00e4ndig unseren Verstand zu besch\u00e4ftigen und unsere W\u00fcnsche zu erf\u00fcllen. W\u00e4hrend wir eine Sache machen, denken wir bereits an die n\u00e4chste Aufgabe. Manchmal machen wir sogar zwei Dinge gleichzeitig, also Multitasking. Wir leben entweder in der Vergangenheit oder in der Zukunft. Wir verlieren uns schnell und oft in Gedanken. Mit der Zeit werden wir unbewusst, sind gestresst, zerstreut und \u00e4ngstlich. Wir sind immer in Bewegung und befinden uns auf dem \u00e4usseren Weg.<\/p>\n<blockquote><p>Chaos im Inneren, ist Chaos im \u00c4u\u00dferen. Stille im Inneren, ist Stille im \u00c4u\u00dferen. Das ist ein Naturgesetz.<\/p><\/blockquote>\n<p>Unser Verstand h\u00e4lt uns besch\u00e4ftigt. Klar, wir brauchen unseren Verstand und unsere Gedanken, das ist normal und nat\u00fcrlich. Die Frage ist jedoch, wie viel Macht gibst Du Deinen Gedanken. H\u00e4ngt man sich an sie? Oder verliert man sich in ihnen? Drehen und spinnen wir sie weiter? Oder konstruieren wir Geschichten?<\/p>\n<h2 class=\"h3\">\u00dcBUNG &#8211; EINSSEIN<\/h2>\n<p>Meditation mit CDs, gef\u00fchrte Meditationen, Vorstellungen und Visualisierung sind gut zur Entspannung. Das Fokussieren auf unseren Atem, oder uns auf etwas zu konzentrieren ist gut f\u00fcr eine verbesserte Konzentration oder Achtsamkeit. Diese Art der Meditation hat seinen Wert und ist vielleicht genau das &#8220;Richtige&#8221; f\u00fcr Dich in diesem Moment. Es gibt keine schlechte und keine gute Art zu meditieren. Wenn Du Entspannung oder verbesserte Konzentration suchst, dann sind diese n\u00e4chsten zwei \u00dcbungen vielleicht nicht ideal f\u00fcr Dich.<\/p>\n<p>Du kannst in Deinem Alltag still sein. Zum Beispiel, w\u00e4hrend Du die Teller reinigst, w\u00e4hrend Du duschst oder w\u00e4hrend Du Deine Kleidung w\u00e4schst. Bleib einfach bei dieser einen Aufgabe, lass Deine Gedanken nicht wandern, denke nicht \u00fcber den n\u00e4chsten Schritt oder die n\u00e4chste Aufgabe nach. Wenn Du z.B. die Gabel reinigst, bleibe bei der Gabel. Sobald sie sauber ist, trockne die Gabel mit einem Tuch. Bleib beim Trocknen der Gabel. Danach verr\u00e4ume die Gabel und nimm die n\u00e4chste. Wenn ein Gedanke aufkommt, werde Dir dessen bewusst und lasse ihn los, gehe zur\u00fcck zum Trocknen der Gabel. Bleib innerlich still, w\u00e4hrend Dein K\u00f6rper aktiv ist. Bleib bei dem Einen. Hier.<\/p>\n<p>Versuche, diese \u00dcbung zu wiederholen, bis Du Dich damit wohlf\u00fchlst.<\/p>\n<p>Einfach sein, hier. Versuche das, w\u00e4hrend Du in einer gem\u00fctlichen Position sitzt. Leite Deinen Verstand in Richtung der Quelle, Deinem Selbst. Bleibe bei Deinem Selbst.<\/p>\n<p>Ohne Gedanken, die das Ich, die Vergangenheit, die Gegenwart und die Zukunft sind, gibt es keine Schwierigkeiten. Nur Vorteile.<\/p>\n<div class=\"gbox gbox-full\"><h4 class=\"gbox__title\">LASSE ALLES LOS WAS DU \u00dcBER MEDITATION WEISST<\/h4>\n<p>Lade meinen gratis Spickzettel &#8220;Meditation Lernen&#8221; runter. Finde Informationen \u00fcber Schwierigkeiten, Verstand, Bewegung und Sein. H\u00e4nge ihn gut sichtlich auf oder trag ihn mit Dir mit. Lass die alten Glaubenss\u00e4tze los und umarme die Stille und das Sein.<\/p>\n<p><span class=\"accordion-btn_wrapp right\"><a href=\"\/de\/warenkorb\/?add-to-cart=1658\" class=\"btn btn-primary accordion-btn\">JETZT ZUM DOWNLAOD!<\/a><\/span><\/p>\n<\/div>\n<h2 class=\"h3\">DIE VORTEILE DER MEDITATION<\/h2>\n<p>Egal, ob Du spirituell bist oder nicht, ob Du ein Medium bist oder nicht, ob Du ein Landwirt oder ein Bankier bist, die Meditation hat viele wissenschaftlich erwiesene Vorteile:<\/p>\n<ul>\n<li>Ruhe und Entspannung<\/li>\n<li>mehr Energie<\/li>\n<li>bessere Leistungsf\u00e4higkeit<\/li>\n<li>weniger Depression, Stress, Sorgen und Angst<\/li>\n<li>mehr Selbstvertrauen und Akzeptanz<\/li>\n<li>erh\u00f6hte mentale St\u00e4rke<\/li>\n<li>erh\u00f6htes kreatives Denken und bessere Konzentration<\/li>\n<li>st\u00e4rkeres Immunsystem<\/li>\n<li>reduziert den Blutdruck<\/li>\n<li>verbessert die Herzfrequenz<\/li>\n<li>erh\u00f6ht das Bewusstsein<\/li>\n<li>und so vieles mehr<\/li>\n<\/ul>\n<p>Meditation ist der Weg zu innerem Frieden und Selbstrealisation. Zu sein, wer Du wirklich bist.<\/p>\n<h2 class=\"h3\">MEDITATIONSABEND, GEMEINSAME MEDITATION<\/h2>\n<p>Ich biete Meditations-Abende f\u00fcr Menschen, die von der Kraft der Gruppe profitieren wollen. Wir meditieren gemeinsam f\u00fcr 30 min. und danach gibt es eine Frage und Antwort Runde. Die Meditationen sind nicht gef\u00fchrt. Wir meditieren in der Stille und ohne Musik. Ich arbeite in der Stille mit Dir, so kannst Du am meisten profitieren. Wir m\u00f6chten ja verlernen und nicht noch weitere Macht dem Verstand und den Gedanken geben.<\/p>\n<p>Diese Meditation in Stille wird vielleicht einige von Euch abschrecken und das verstehe ich. Es ist definitiv einfacher und entspannender einfach einer gef\u00fchrten Meditation zu folgen und zuzuh\u00f6ren. Ich w\u00fcrde Dir vielleicht einen momentanen Genuss oder Entspannung geben, aber ich w\u00fcrde die Schwierigkeiten verst\u00e4rken und mehr Macht Deinem Ich und Deinen Gedanken schenken.<\/p>\n<p>Meine Philosophie ist f\u00fcr Dich Dein bisheriges Wissen zu verlernen und Deine Glaubenss\u00e4tze und Konzepte \u00fcber Dich loszulassen.<\/p>\n<p>Vielleicht f\u00fchlt sich die Essenz meiner geschriebenen Worte in Deinem Herzen gut an und Du f\u00fchlst Dich trotz allem angezogen. Du bist jederzeit in der Gruppen-Meditation willkommen.<\/p>\n<p>Diese Abende finden online in Englisch und physisch in der Schweiz auf Deutsch statt. Die Energie kennt keine Grenzen, online ist genauso gut wie in Person. Bitte <a href=\"\/de\/kontakt\/\">kontaktiere<\/a> mich, falls Du dabei sein willst oder schaue auf der Seite <a href=\"\/de\/events\/\">Events<\/a>.<\/p>\n<p>Vielleicht hast Du Fragen zur\u00a0\u00fcber die\u00a0<a href=\"https:\/\/staging.danielahadorn.com\/de\/kategorie\/meditation\/\">Meditation<\/a> und die\u00a0<a href=\"https:\/\/staging.danielahadorn.com\/de\/videos_tax\/spiritualitaet\/\">Spiritualit\u00e4t<\/a>. Weitere Infos findest Du auf meinem\u00a0<a href=\"https:\/\/staging.danielahadorn.com\/de\/inspirierendes-blog\/\">Blog<\/a>\u00a0oder erh\u00e4ltst Du in meinem\u00a0<a href=\"#abonnieren\" data-fancybox=\"\">Newsletter<\/a>. Vielleicht bist Du interessiert an einer spirituellen Standortbestimmung oder <a href=\"\/de\/produkt\/mediale-beratung\/\">medialen Beratung<\/a>? Oder m\u00f6chtest Du <a href=\"https:\/\/staging.danielahadorn.com\/de\/jenseitskontakte\/\">Jenseitskontakte<\/a> erleben?<\/p>\n","protected":false},"excerpt":{"rendered":"<p>INNERE STILLE Seit \u00fcber 20 Jahren ist die Meditation Teil meines t\u00e4glichen Lebens. Die Meditation hat mir einige tiefe Einsichten geschenkt. Spiritualit\u00e4t ist eine Reise nach innen, die Entdeckung unseres wahren Selbst und dessen, wer wir wirklich sind. Meditation ist Stille, Stille ist sein Aber auch Freiheit, Frieden und Liebe. Das, was immer schon da [&hellip;]<\/p>\n","protected":false},"author":2,"featured_media":0,"parent":0,"menu_order":25,"comment_status":"closed","ping_status":"closed","template":"","meta":{"pmpro_default_level":0,"footnotes":""},"class_list":["post-954","page","type-page","status-publish","hentry","pmpro-has-access"],"acf":[],"yoast_head":"<!-- This site is optimized with the Yoast SEO plugin v22.9 - https:\/\/yoast.com\/wordpress\/plugins\/seo\/ -->\n<title>Meditation lernen \u2b50\u2b50\u2b50\u2b50<\/title>\n<meta name=\"description\" content=\"Meditation lernen - \u00dcberwinde die H\u00fcrden von keine Zeit, keine Disziplin, zu vielen Gedanken und allen Entschuldigungen. Ich zeige Dir wie.\" \/>\n<meta name=\"robots\" content=\"index, follow, max-snippet:-1, max-image-preview:large, max-video-preview:-1\" \/>\n<link rel=\"canonical\" href=\"https:\/\/staging.danielahadorn.com\/de\/meditation-lernen\/\" \/>\n<meta name=\"twitter:card\" content=\"summary_large_image\" \/>\n<meta name=\"twitter:title\" content=\"Meditation lernen \u2b50\u2b50\u2b50\u2b50\" \/>\n<meta name=\"twitter:description\" content=\"Meditation lernen - \u00dcberwinde die H\u00fcrden von keine Zeit, keine Disziplin, zu vielen Gedanken und allen Entschuldigungen. Ich zeige Dir wie.\" \/>\n<meta name=\"twitter:image\" content=\"https:\/\/staging.danielahadorn.com\/wp-content\/uploads\/2019\/01\/stille-silence-1024x243.jpg\" \/>\n<meta name=\"twitter:label1\" content=\"Gesch\u00e4tzte Lesezeit\" \/>\n\t<meta name=\"twitter:data1\" content=\"8\u00a0Minuten\" \/>\n<script type=\"application\/ld+json\" class=\"yoast-schema-graph\">{\"@context\":\"https:\/\/schema.org\",\"@graph\":[{\"@type\":\"WebPage\",\"@id\":\"https:\/\/staging.danielahadorn.com\/de\/meditation-lernen\/\",\"url\":\"https:\/\/staging.danielahadorn.com\/de\/meditation-lernen\/\",\"name\":\"Meditation lernen \u2b50\u2b50\u2b50\u2b50\",\"isPartOf\":{\"@id\":\"https:\/\/staging.danielahadorn.com\/#website\"},\"primaryImageOfPage\":{\"@id\":\"https:\/\/staging.danielahadorn.com\/de\/meditation-lernen\/#primaryimage\"},\"image\":{\"@id\":\"https:\/\/staging.danielahadorn.com\/de\/meditation-lernen\/#primaryimage\"},\"thumbnailUrl\":\"https:\/\/staging.danielahadorn.com\/wp-content\/uploads\/2019\/01\/stille-silence-1024x243.jpg\",\"datePublished\":\"2018-08-10T17:35:56+00:00\",\"dateModified\":\"2021-12-16T17:33:19+00:00\",\"description\":\"Meditation lernen - \u00dcberwinde die H\u00fcrden von keine Zeit, keine Disziplin, zu vielen Gedanken und allen Entschuldigungen. Ich zeige Dir wie.\",\"breadcrumb\":{\"@id\":\"https:\/\/staging.danielahadorn.com\/de\/meditation-lernen\/#breadcrumb\"},\"inLanguage\":\"de\",\"potentialAction\":[{\"@type\":\"ReadAction\",\"target\":[\"https:\/\/staging.danielahadorn.com\/de\/meditation-lernen\/\"]}]},{\"@type\":\"ImageObject\",\"inLanguage\":\"de\",\"@id\":\"https:\/\/staging.danielahadorn.com\/de\/meditation-lernen\/#primaryimage\",\"url\":\"https:\/\/staging.danielahadorn.com\/wp-content\/uploads\/2019\/01\/stille-silence-1024x243.jpg\",\"contentUrl\":\"https:\/\/staging.danielahadorn.com\/wp-content\/uploads\/2019\/01\/stille-silence-1024x243.jpg\"},{\"@type\":\"BreadcrumbList\",\"@id\":\"https:\/\/staging.danielahadorn.com\/de\/meditation-lernen\/#breadcrumb\",\"itemListElement\":[{\"@type\":\"ListItem\",\"position\":1,\"name\":\"Home\",\"item\":\"https:\/\/staging.danielahadorn.com\/de\/\"},{\"@type\":\"ListItem\",\"position\":2,\"name\":\"Meditation lernen\"}]},{\"@type\":\"WebSite\",\"@id\":\"https:\/\/staging.danielahadorn.com\/#website\",\"url\":\"https:\/\/staging.danielahadorn.com\/\",\"name\":\"Daniela Hadorn\",\"description\":\"Spirituelles Medium, sensitives Medium, Meditation, Advaita Vedanta\",\"publisher\":{\"@id\":\"https:\/\/staging.danielahadorn.com\/#\/schema\/person\/24550df4140d753d0b2f54f438a7da7f\"},\"potentialAction\":[{\"@type\":\"SearchAction\",\"target\":{\"@type\":\"EntryPoint\",\"urlTemplate\":\"https:\/\/staging.danielahadorn.com\/?s={search_term_string}\"},\"query-input\":\"required name=search_term_string\"}],\"inLanguage\":\"de\"},{\"@type\":[\"Person\",\"Organization\"],\"@id\":\"https:\/\/staging.danielahadorn.com\/#\/schema\/person\/24550df4140d753d0b2f54f438a7da7f\",\"name\":\"Daniela Hadorn\",\"image\":{\"@type\":\"ImageObject\",\"inLanguage\":\"de\",\"@id\":\"https:\/\/staging.danielahadorn.com\/#\/schema\/person\/image\/\",\"url\":\"https:\/\/staging.danielahadorn.com\/wp-content\/uploads\/2017\/09\/me.jpg\",\"contentUrl\":\"https:\/\/staging.danielahadorn.com\/wp-content\/uploads\/2017\/09\/me.jpg\",\"width\":315,\"height\":316,\"caption\":\"Daniela Hadorn\"},\"logo\":{\"@id\":\"https:\/\/staging.danielahadorn.com\/#\/schema\/person\/image\/\"},\"description\":\"Daniela is a spiritual teacher and medium. Daniela is not living up in the sky but with both feet on the ground. She is a no nonsense kind of person. Her biggest wish is for you to see her teachings and her mediumship as a catalyst for your own spiritual self development.\",\"sameAs\":[\"https:\/\/staging.danielahadorn.com\/\",\"https:\/\/www.facebook.com\/mediumdanielahadorn\/\"]}]}<\/script>\n<!-- \/ Yoast SEO plugin. -->","yoast_head_json":{"title":"Meditation lernen \u2b50\u2b50\u2b50\u2b50","description":"Meditation lernen - \u00dcberwinde die H\u00fcrden von keine Zeit, keine Disziplin, zu vielen Gedanken und allen Entschuldigungen. Ich zeige Dir wie.","robots":{"index":"index","follow":"follow","max-snippet":"max-snippet:-1","max-image-preview":"max-image-preview:large","max-video-preview":"max-video-preview:-1"},"canonical":"https:\/\/staging.danielahadorn.com\/de\/meditation-lernen\/","twitter_card":"summary_large_image","twitter_title":"Meditation lernen \u2b50\u2b50\u2b50\u2b50","twitter_description":"Meditation lernen - \u00dcberwinde die H\u00fcrden von keine Zeit, keine Disziplin, zu vielen Gedanken und allen Entschuldigungen. Ich zeige Dir wie.","twitter_image":"https:\/\/staging.danielahadorn.com\/wp-content\/uploads\/2019\/01\/stille-silence-1024x243.jpg","twitter_misc":{"Gesch\u00e4tzte Lesezeit":"8\u00a0Minuten"},"schema":{"@context":"https:\/\/schema.org","@graph":[{"@type":"WebPage","@id":"https:\/\/staging.danielahadorn.com\/de\/meditation-lernen\/","url":"https:\/\/staging.danielahadorn.com\/de\/meditation-lernen\/","name":"Meditation lernen \u2b50\u2b50\u2b50\u2b50","isPartOf":{"@id":"https:\/\/staging.danielahadorn.com\/#website"},"primaryImageOfPage":{"@id":"https:\/\/staging.danielahadorn.com\/de\/meditation-lernen\/#primaryimage"},"image":{"@id":"https:\/\/staging.danielahadorn.com\/de\/meditation-lernen\/#primaryimage"},"thumbnailUrl":"https:\/\/staging.danielahadorn.com\/wp-content\/uploads\/2019\/01\/stille-silence-1024x243.jpg","datePublished":"2018-08-10T17:35:56+00:00","dateModified":"2021-12-16T17:33:19+00:00","description":"Meditation lernen - \u00dcberwinde die H\u00fcrden von keine Zeit, keine Disziplin, zu vielen Gedanken und allen Entschuldigungen. Ich zeige Dir wie.","breadcrumb":{"@id":"https:\/\/staging.danielahadorn.com\/de\/meditation-lernen\/#breadcrumb"},"inLanguage":"de","potentialAction":[{"@type":"ReadAction","target":["https:\/\/staging.danielahadorn.com\/de\/meditation-lernen\/"]}]},{"@type":"ImageObject","inLanguage":"de","@id":"https:\/\/staging.danielahadorn.com\/de\/meditation-lernen\/#primaryimage","url":"https:\/\/staging.danielahadorn.com\/wp-content\/uploads\/2019\/01\/stille-silence-1024x243.jpg","contentUrl":"https:\/\/staging.danielahadorn.com\/wp-content\/uploads\/2019\/01\/stille-silence-1024x243.jpg"},{"@type":"BreadcrumbList","@id":"https:\/\/staging.danielahadorn.com\/de\/meditation-lernen\/#breadcrumb","itemListElement":[{"@type":"ListItem","position":1,"name":"Home","item":"https:\/\/staging.danielahadorn.com\/de\/"},{"@type":"ListItem","position":2,"name":"Meditation lernen"}]},{"@type":"WebSite","@id":"https:\/\/staging.danielahadorn.com\/#website","url":"https:\/\/staging.danielahadorn.com\/","name":"Daniela Hadorn","description":"Spirituelles Medium, sensitives Medium, Meditation, Advaita Vedanta","publisher":{"@id":"https:\/\/staging.danielahadorn.com\/#\/schema\/person\/24550df4140d753d0b2f54f438a7da7f"},"potentialAction":[{"@type":"SearchAction","target":{"@type":"EntryPoint","urlTemplate":"https:\/\/staging.danielahadorn.com\/?s={search_term_string}"},"query-input":"required name=search_term_string"}],"inLanguage":"de"},{"@type":["Person","Organization"],"@id":"https:\/\/staging.danielahadorn.com\/#\/schema\/person\/24550df4140d753d0b2f54f438a7da7f","name":"Daniela Hadorn","image":{"@type":"ImageObject","inLanguage":"de","@id":"https:\/\/staging.danielahadorn.com\/#\/schema\/person\/image\/","url":"https:\/\/staging.danielahadorn.com\/wp-content\/uploads\/2017\/09\/me.jpg","contentUrl":"https:\/\/staging.danielahadorn.com\/wp-content\/uploads\/2017\/09\/me.jpg","width":315,"height":316,"caption":"Daniela Hadorn"},"logo":{"@id":"https:\/\/staging.danielahadorn.com\/#\/schema\/person\/image\/"},"description":"Daniela is a spiritual teacher and medium. Daniela is not living up in the sky but with both feet on the ground. She is a no nonsense kind of person. Her biggest wish is for you to see her teachings and her mediumship as a catalyst for your own spiritual self development.","sameAs":["https:\/\/staging.danielahadorn.com\/","https:\/\/www.facebook.com\/mediumdanielahadorn\/"]}]}},"_links":{"self":[{"href":"https:\/\/staging.danielahadorn.com\/de\/wp-json\/wp\/v2\/pages\/954","targetHints":{"allow":["GET"]}}],"collection":[{"href":"https:\/\/staging.danielahadorn.com\/de\/wp-json\/wp\/v2\/pages"}],"about":[{"href":"https:\/\/staging.danielahadorn.com\/de\/wp-json\/wp\/v2\/types\/page"}],"author":[{"embeddable":true,"href":"https:\/\/staging.danielahadorn.com\/de\/wp-json\/wp\/v2\/users\/2"}],"replies":[{"embeddable":true,"href":"https:\/\/staging.danielahadorn.com\/de\/wp-json\/wp\/v2\/comments?post=954"}],"version-history":[{"count":76,"href":"https:\/\/staging.danielahadorn.com\/de\/wp-json\/wp\/v2\/pages\/954\/revisions"}],"predecessor-version":[{"id":64637,"href":"https:\/\/staging.danielahadorn.com\/de\/wp-json\/wp\/v2\/pages\/954\/revisions\/64637"}],"wp:attachment":[{"href":"https:\/\/staging.danielahadorn.com\/de\/wp-json\/wp\/v2\/media?parent=954"}],"curies":[{"name":"wp","href":"https:\/\/api.w.org\/{rel}","templated":true}]}}