{"id":923,"date":"2018-07-06T17:03:49","date_gmt":"2018-07-06T14:03:49","guid":{"rendered":"https:\/\/staging.danielahadorn.com\/?page_id=923"},"modified":"2023-07-10T16:30:15","modified_gmt":"2023-07-10T14:30:15","slug":"medium-schweiz-spirituelles-medium","status":"publish","type":"page","link":"https:\/\/staging.danielahadorn.com\/de\/","title":{"rendered":"MEDIUM SCHWEIZ &#038; DEUTSCHLAND"},"content":{"rendered":"<h2 class=\"h3\">DANIELA&#8217;S SPIRITUELLE UND MEDIALE MENTOREN<\/h2>\n<p>Medium Schweiz: &#8220;Ich bin meinen Lehrern und Mentoren unendlich dankbar f\u00fcr alles, was ich von ihnen lernen durfte und darf.&#8221;<\/p>\n<h4>Pat Hattingh<\/h4>\n<p>Pattrick lehrt die traditionelle, non-dualistische <a href=\"https:\/\/de.wikipedia.org\/wiki\/Vedanta#Advaita-Vedanta\">Advaita Vedanta<\/a> Philosophie, in direkter Linie des ber\u00fchmten indischen spirituellen Lehrers <a href=\"https:\/\/de.wikipedia.org\/wiki\/Ramana_Maharshi\">Ramana Maharshi<\/a>.<\/p>\n<p>Pat lebt in Kapstadt, ich durfte in S\u00fcdafrika w\u00e4hrend mehreren Jahren seine Lehren erfahren, und bin weiterhin in Kontakt mit ihm. Er ist f\u00fcr mich der wichtigste spirituelle Lehrer, der mich auf meinem Weg begleitet.<\/p>\n<h4>Mavis Pittilla<\/h4>\n<p>Ich habe mich bei <a href=\"https:\/\/www.mavispittilla.com\/\" rel=\"nofollow\">Mavis Pittilla<\/a> in einem einj\u00e4hrigen Mentorship-Programm zum spirituellen Medium ausgebildet. Mavis ist seit \u00fcber 50 Jahren weltweit als spirituelles Medium t\u00e4tig.<\/p>\n<p>Sie verf\u00fcgt \u00fcber ein riesiges Wissen \u00fcber die Spiritualit\u00e4t, die Medialit\u00e4t, die geistige Welt und \u00fcber Jenseitskontakte. Sie ist eine inspirierende Rednerin und ein wunderbarer Mensch. Dank ihr konnte ich meine medialen F\u00e4higkeiten weiter entwickeln und polieren.<\/p>\n<p><strong>Paul Jacobs<\/strong><\/p>\n<p>Paul ist ein international bekanntes spirituelles Medium und seit vielen Jahren ein harter aber fairer Lehrer der Medialit\u00e4t. Ich habe diverse Kurse bei Paul besucht und bin ihm sehr dankbar f\u00fcr seine schonungslos ehrliche Art zu lehren, durch die ich meine medialen Beratungen und \u00f6ffentlichen Jenseitskontakte entscheidend verbessern konnte.<\/p>\n<h4>Andy Byng<\/h4>\n<p><a href=\"https:\/\/www.andybyng.com\/\" rel=\"nofollow\">Andy<\/a> war mein erster Mentor der Medialit\u00e4t, ich habe bei ihm eine zweij\u00e4hrige Ausbildung absolviert. Er ist ein geniales spirituelles Medium mit einem riesigen Erfahrungsschatz. Seine Beweisf\u00fchrung ist einzigartig und eindr\u00fccklich.<\/p>\n<p>Bei ihm habe ich gelernt, blinde Jenseitskontakte zu geben, und &#8220;live&#8221; vor Publikum aufzutreten. Ich habe ihm die Genauigkeit in der Beweisf\u00fchrung und vieles mehr zu verdanken.<\/p>\n<h4>SNU UK (Spiritualists&#8217; National Union)<\/h4>\n<p>F\u00fcr mich ist es wichtig, in meiner Arbeit einen klaren Standard einzuhalten, um die damit einhergehende grosse Verantwortung wahrzunehmen. Ich bin deshalb Mitglied der <a href=\"https:\/\/en.wikipedia.org\/wiki\/Spiritualists%27_National_Union\">Spiritualists&#8217; National Union in England<\/a>, der traditionsreichen und weltweit einzigen Vereinigung, die solche Standards f\u00fcr unsere Arbeit vorgibt. Ich besitze eine von der SNU ausgestellte und gepr\u00fcfte CSNU Zertifizierung in Demonstrationen \u00f6ffentlicher Jenseitskontakte und in \u00f6ffentlichem Reden.<\/p>\n<h4>Gordon Higginson<\/h4>\n<p><a href=\"https:\/\/www.gordonhigginson.co.uk\/\" rel=\"nofollow\">Gordon Higginson<\/a> war das wohl ber\u00fchmteste englische Medium des 20. Jahrhunderts. Er war langj\u00e4hriger Pr\u00e4sident der SNU und auch Direktor des renommierten <a href=\"https:\/\/www.arthurfindlaycollege.org\/\">Arthur Findlay College<\/a> in Stansted, er hat beide Institutionen massgeblich gepr\u00e4gt.<\/p>\n<p>Ich war schon lange fasziniert von Gordon und wollte mich deshalb von Medien ausbilden lassen, die bei ihm gelernt hatten. Das waren Paul Jacobs und Mavis Pittilla. F\u00fcr sie und mich ist Gordon Higginson weiterhin Mentor und Quelle der Inspiration in der geistigen Welt.<\/p>\n<h2 class=\"h3\">MEDIUM SCHWEIZ IN Z\u00dcRICH, BASEL, BERN, LUZERN, AARAU&#8230;<\/h2>\n<p>Dank meiner zentralen Schweizer Lage mit guter Verkehrsanbindung kann ich eine breite Kundschaft aus dem ganzen Mittelland in den Regionen Z\u00fcrich, Basel, Bern, Luzern, Olten, Aarau, Baden, Zug und Solothurn bedienen. Wenn Du nicht in meiner N\u00e4he wohnst, k\u00f6nnen wir online kommunizieren. Ich bin ein &#8220;Medium in meiner N\u00e4he&#8221;.<\/p>\n<p>So etwas wie das perfekte oder beste Medium f\u00fcr alle gibt es nicht. Aber Du kannst f\u00fcr Dich ein geeignetes Medium finden, indem Du auf Dein Bauchgef\u00fchl h\u00f6rst.<\/p>\n<h2 class=\"h3\">ENGLISCHES MEDIUM SCHWEIZ<\/h2>\n<p>Ich bin sowohl als deutsches wie auch als englisches Medium t\u00e4tig. Ich habe viele Jahre in Indien und S\u00fcdafrika gelebt, aber auch in England und Irland gearbeitet, deshalb spreche ich fliessend Englisch und biete Jenseitskontakte, \u00f6ffentliche Jenseitskontakte und mediale Beratungen in dieser Sprache an.<\/p>\n<p>Zudem habe ich mich im englischen Spiritualismus ausgebildet und bin in englischen spiritistischen Kirchen aufgetreten.<\/p>\n<h2 class=\"h3\">INTERNATIONALES MEDIUM<\/h2>\n<p>Das Internet macht es m\u00f6glich, dass ich als internationales Medium Menschen aus der ganzen Welt habe, die meine Dienste in Anspruch nehmen. Die geistige Welt und das Jenseits kennt keine Grenzen, ich auch nicht. Schlussendlich sind wir alle eins und verbunden miteinander.<\/p>\n<h2 class=\"h3\">MEDIALE AUSBILDUNG<\/h2>\n<p>Ich habe \u00fcber Jahre mediale Ausbildungen genossen und liebe es, mein Wissen weiterzugeben. Der Fokus in meinen Seminaren liegt auf der Medialit\u00e4t, dem Jenseits, der geistigen Welt, der spirituellen Philosophie und auch der Meditation.<\/p>\n<p>Selbstrealisierung und Selbsterforschung sind ein wichtiger Bestandteil in einer medialen Ausbildung. Ich werde im Herbst 2019 neue Ausbildungsangebote starten.<\/p>\n<h2 class=\"h3\">SPIRITUELLES MEDIUM DEUTSCHLAND, \u00d6STERREICH &amp; WELTWEIT<\/h2>\n<p>In meiner T\u00e4tigkeit als spirituelles Medium bzw. als Jenseitsmedium liegen mir Deutschland und \u00d6sterreich neben meiner Heimat Schweiz am n\u00e4chsten. Ich stehe gerne auch f\u00fcr Kunden aus der ganzen Welt online \u00fcber das Internet zur Verf\u00fcgung.<\/p>\n<p>Egal ob Du in Z\u00fcrich, Berlin, M\u00fcnchen, Hamburg, Stuttgart, Wien, London, New York, Kapstadt oder sonst irgendwo bist, ich bin gerne f\u00fcr Dich da!<\/p>\n<h2 class=\"h3\">INSPIRIERENDER NEWSLETTER<\/h2>\n<p>Abonniere meinen <a href=\"https:\/\/mailchi.mp\/c4a10ec8d413\/danielahadorn\">Newsletter<\/a>, er h\u00e4lt Dich auf dem Laufenden \u00fcber meine Inspirationen, Spezialangebote, <a href=\"\/de\/events\/\">Events<\/a>, <a href=\"\/de\/shop\/\">Produkte<\/a> und Geschenke.<\/p>\n","protected":false},"excerpt":{"rendered":"<p>DANIELA&#8217;S SPIRITUELLE UND MEDIALE MENTOREN Medium Schweiz: &#8220;Ich bin meinen Lehrern und Mentoren unendlich dankbar f\u00fcr alles, was ich von ihnen lernen durfte und darf.&#8221; Pat Hattingh Pattrick lehrt die traditionelle, non-dualistische Advaita Vedanta Philosophie, in direkter Linie des ber\u00fchmten indischen spirituellen Lehrers Ramana Maharshi. Pat lebt in Kapstadt, ich durfte in S\u00fcdafrika w\u00e4hrend mehreren [&hellip;]<\/p>\n","protected":false},"author":2,"featured_media":0,"parent":0,"menu_order":1,"comment_status":"closed","ping_status":"closed","template":"","meta":{"pmpro_default_level":0,"footnotes":""},"class_list":["post-923","page","type-page","status-publish","hentry","pmpro-has-access"],"acf":[],"yoast_head":"<!-- This site is optimized with the Yoast SEO plugin v22.9 - https:\/\/yoast.com\/wordpress\/plugins\/seo\/ -->\n<title>Medium Schweiz &amp; Deutschland | Daniela Hadorn \u2b50\u2b50\u2b50\u2b50\u2b50<\/title>\n<meta name=\"description\" content=\"Hallo, ich bin Daniela, ein Medium aus der Schweiz f\u00fcr Jenseitskontakte mit Beweisen, mediale Beratung und Medium Ausbildungen. Ich freue mich auf Dich!\" \/>\n<meta name=\"robots\" content=\"index, follow, max-snippet:-1, max-image-preview:large, max-video-preview:-1\" \/>\n<link rel=\"canonical\" href=\"https:\/\/staging.danielahadorn.com\/de\/\" \/>\n<meta name=\"twitter:card\" content=\"summary_large_image\" \/>\n<meta name=\"twitter:title\" content=\"Medium Schweiz &amp; Deutschland | Daniela Hadorn \u2b50\u2b50\u2b50\u2b50\u2b50\" \/>\n<meta name=\"twitter:description\" content=\"Hallo, ich bin Daniela, ein Medium aus der Schweiz f\u00fcr Jenseitskontakte mit Beweisen, mediale Beratung und Medium Ausbildungen. Ich freue mich auf Dich!\" \/>\n<meta name=\"twitter:label1\" content=\"Gesch\u00e4tzte Lesezeit\" \/>\n\t<meta name=\"twitter:data1\" content=\"4\u00a0Minuten\" \/>\n<script type=\"application\/ld+json\" class=\"yoast-schema-graph\">{\"@context\":\"https:\/\/schema.org\",\"@graph\":[{\"@type\":\"WebPage\",\"@id\":\"https:\/\/staging.danielahadorn.com\/de\/\",\"url\":\"https:\/\/staging.danielahadorn.com\/de\/\",\"name\":\"Medium Schweiz & Deutschland | Daniela Hadorn \u2b50\u2b50\u2b50\u2b50\u2b50\",\"isPartOf\":{\"@id\":\"https:\/\/staging.danielahadorn.com\/#website\"},\"datePublished\":\"2018-07-06T14:03:49+00:00\",\"dateModified\":\"2023-07-10T14:30:15+00:00\",\"description\":\"Hallo, ich bin Daniela, ein Medium aus der Schweiz f\u00fcr Jenseitskontakte mit Beweisen, mediale Beratung und Medium Ausbildungen. Ich freue mich auf Dich!\",\"breadcrumb\":{\"@id\":\"https:\/\/staging.danielahadorn.com\/de\/#breadcrumb\"},\"inLanguage\":\"de\",\"potentialAction\":[{\"@type\":\"ReadAction\",\"target\":[\"https:\/\/staging.danielahadorn.com\/de\/\"]}]},{\"@type\":\"BreadcrumbList\",\"@id\":\"https:\/\/staging.danielahadorn.com\/de\/#breadcrumb\",\"itemListElement\":[{\"@type\":\"ListItem\",\"position\":1,\"name\":\"Home\",\"item\":\"https:\/\/staging.danielahadorn.com\/de\/\"},{\"@type\":\"ListItem\",\"position\":2,\"name\":\"MEDIUM SCHWEIZ &#038; DEUTSCHLAND\"}]},{\"@type\":\"WebSite\",\"@id\":\"https:\/\/staging.danielahadorn.com\/#website\",\"url\":\"https:\/\/staging.danielahadorn.com\/\",\"name\":\"Daniela Hadorn\",\"description\":\"Spirituelles Medium, sensitives Medium, Meditation, Advaita Vedanta\",\"publisher\":{\"@id\":\"https:\/\/staging.danielahadorn.com\/#\/schema\/person\/24550df4140d753d0b2f54f438a7da7f\"},\"potentialAction\":[{\"@type\":\"SearchAction\",\"target\":{\"@type\":\"EntryPoint\",\"urlTemplate\":\"https:\/\/staging.danielahadorn.com\/?s={search_term_string}\"},\"query-input\":\"required name=search_term_string\"}],\"inLanguage\":\"de\"},{\"@type\":[\"Person\",\"Organization\"],\"@id\":\"https:\/\/staging.danielahadorn.com\/#\/schema\/person\/24550df4140d753d0b2f54f438a7da7f\",\"name\":\"Daniela Hadorn\",\"image\":{\"@type\":\"ImageObject\",\"inLanguage\":\"de\",\"@id\":\"https:\/\/staging.danielahadorn.com\/#\/schema\/person\/image\/\",\"url\":\"https:\/\/staging.danielahadorn.com\/wp-content\/uploads\/2017\/09\/me.jpg\",\"contentUrl\":\"https:\/\/staging.danielahadorn.com\/wp-content\/uploads\/2017\/09\/me.jpg\",\"width\":315,\"height\":316,\"caption\":\"Daniela Hadorn\"},\"logo\":{\"@id\":\"https:\/\/staging.danielahadorn.com\/#\/schema\/person\/image\/\"},\"description\":\"Daniela is a spiritual teacher and medium. Daniela is not living up in the sky but with both feet on the ground. She is a no nonsense kind of person. Her biggest wish is for you to see her teachings and her mediumship as a catalyst for your own spiritual self development.\",\"sameAs\":[\"https:\/\/staging.danielahadorn.com\/\",\"https:\/\/www.facebook.com\/mediumdanielahadorn\/\"]}]}<\/script>\n<!-- \/ Yoast SEO plugin. -->","yoast_head_json":{"title":"Medium Schweiz & Deutschland | Daniela Hadorn \u2b50\u2b50\u2b50\u2b50\u2b50","description":"Hallo, ich bin Daniela, ein Medium aus der Schweiz f\u00fcr Jenseitskontakte mit Beweisen, mediale Beratung und Medium Ausbildungen. Ich freue mich auf Dich!","robots":{"index":"index","follow":"follow","max-snippet":"max-snippet:-1","max-image-preview":"max-image-preview:large","max-video-preview":"max-video-preview:-1"},"canonical":"https:\/\/staging.danielahadorn.com\/de\/","twitter_card":"summary_large_image","twitter_title":"Medium Schweiz & Deutschland | Daniela Hadorn \u2b50\u2b50\u2b50\u2b50\u2b50","twitter_description":"Hallo, ich bin Daniela, ein Medium aus der Schweiz f\u00fcr Jenseitskontakte mit Beweisen, mediale Beratung und Medium Ausbildungen. Ich freue mich auf Dich!","twitter_misc":{"Gesch\u00e4tzte Lesezeit":"4\u00a0Minuten"},"schema":{"@context":"https:\/\/schema.org","@graph":[{"@type":"WebPage","@id":"https:\/\/staging.danielahadorn.com\/de\/","url":"https:\/\/staging.danielahadorn.com\/de\/","name":"Medium Schweiz & Deutschland | Daniela Hadorn \u2b50\u2b50\u2b50\u2b50\u2b50","isPartOf":{"@id":"https:\/\/staging.danielahadorn.com\/#website"},"datePublished":"2018-07-06T14:03:49+00:00","dateModified":"2023-07-10T14:30:15+00:00","description":"Hallo, ich bin Daniela, ein Medium aus der Schweiz f\u00fcr Jenseitskontakte mit Beweisen, mediale Beratung und Medium Ausbildungen. Ich freue mich auf Dich!","breadcrumb":{"@id":"https:\/\/staging.danielahadorn.com\/de\/#breadcrumb"},"inLanguage":"de","potentialAction":[{"@type":"ReadAction","target":["https:\/\/staging.danielahadorn.com\/de\/"]}]},{"@type":"BreadcrumbList","@id":"https:\/\/staging.danielahadorn.com\/de\/#breadcrumb","itemListElement":[{"@type":"ListItem","position":1,"name":"Home","item":"https:\/\/staging.danielahadorn.com\/de\/"},{"@type":"ListItem","position":2,"name":"MEDIUM SCHWEIZ &#038; DEUTSCHLAND"}]},{"@type":"WebSite","@id":"https:\/\/staging.danielahadorn.com\/#website","url":"https:\/\/staging.danielahadorn.com\/","name":"Daniela Hadorn","description":"Spirituelles Medium, sensitives Medium, Meditation, Advaita Vedanta","publisher":{"@id":"https:\/\/staging.danielahadorn.com\/#\/schema\/person\/24550df4140d753d0b2f54f438a7da7f"},"potentialAction":[{"@type":"SearchAction","target":{"@type":"EntryPoint","urlTemplate":"https:\/\/staging.danielahadorn.com\/?s={search_term_string}"},"query-input":"required name=search_term_string"}],"inLanguage":"de"},{"@type":["Person","Organization"],"@id":"https:\/\/staging.danielahadorn.com\/#\/schema\/person\/24550df4140d753d0b2f54f438a7da7f","name":"Daniela Hadorn","image":{"@type":"ImageObject","inLanguage":"de","@id":"https:\/\/staging.danielahadorn.com\/#\/schema\/person\/image\/","url":"https:\/\/staging.danielahadorn.com\/wp-content\/uploads\/2017\/09\/me.jpg","contentUrl":"https:\/\/staging.danielahadorn.com\/wp-content\/uploads\/2017\/09\/me.jpg","width":315,"height":316,"caption":"Daniela Hadorn"},"logo":{"@id":"https:\/\/staging.danielahadorn.com\/#\/schema\/person\/image\/"},"description":"Daniela is a spiritual teacher and medium. Daniela is not living up in the sky but with both feet on the ground. She is a no nonsense kind of person. Her biggest wish is for you to see her teachings and her mediumship as a catalyst for your own spiritual self development.","sameAs":["https:\/\/staging.danielahadorn.com\/","https:\/\/www.facebook.com\/mediumdanielahadorn\/"]}]}},"_links":{"self":[{"href":"https:\/\/staging.danielahadorn.com\/de\/wp-json\/wp\/v2\/pages\/923","targetHints":{"allow":["GET"]}}],"collection":[{"href":"https:\/\/staging.danielahadorn.com\/de\/wp-json\/wp\/v2\/pages"}],"about":[{"href":"https:\/\/staging.danielahadorn.com\/de\/wp-json\/wp\/v2\/types\/page"}],"author":[{"embeddable":true,"href":"https:\/\/staging.danielahadorn.com\/de\/wp-json\/wp\/v2\/users\/2"}],"replies":[{"embeddable":true,"href":"https:\/\/staging.danielahadorn.com\/de\/wp-json\/wp\/v2\/comments?post=923"}],"version-history":[{"count":201,"href":"https:\/\/staging.danielahadorn.com\/de\/wp-json\/wp\/v2\/pages\/923\/revisions"}],"predecessor-version":[{"id":65788,"href":"https:\/\/staging.danielahadorn.com\/de\/wp-json\/wp\/v2\/pages\/923\/revisions\/65788"}],"wp:attachment":[{"href":"https:\/\/staging.danielahadorn.com\/de\/wp-json\/wp\/v2\/media?parent=923"}],"curies":[{"name":"wp","href":"https:\/\/api.w.org\/{rel}","templated":true}]}}