{"id":64613,"date":"2021-12-15T12:36:28","date_gmt":"2021-12-15T11:36:28","guid":{"rendered":"https:\/\/staging.danielahadorn.com\/?page_id=64613"},"modified":"2021-12-16T18:23:07","modified_gmt":"2021-12-16T17:23:07","slug":"videos","status":"publish","type":"page","link":"https:\/\/staging.danielahadorn.com\/de\/videos\/","title":{"rendered":"VIDEOS"},"content":{"rendered":"<section class=\"section-description\">\n<div class=\"container container-sm article\">\n<p>Videos \u00fcber Medialit\u00e4t, Spiritualit\u00e4t, das Leben nach dem Tod und von meinen Soul Talks.<\/p>\n<p>Spiritualit\u00e4t und Medialit\u00e4t ist <a href=\"\/de\/ueber\/\">meine Arbeit<\/a> und meine Leidenschaft. Diese Videos haben den Zweck Dich zu inspirieren und zu informieren. Ich hoffe somit, einige Missverst\u00e4ndnisse in der Medialit\u00e4t und der Spiritualit\u00e4t zu kl\u00e4ren. Vielleicht findest Du hier Deine Antworten.<\/p>\n<h3>VIDEOS<\/h3>\n<p>Privat bin ich eher eine ruhige und zur\u00fcckhaltende Person. Ich stehe also nicht so gerne im Mittelpunkt. Es ist f\u00fcr mich eine Herausforderung solche Videos f\u00fcr Dich zu machen. Viele Menschen schreiben mich an und haben die gleichen Fragen wie meine Kunden und Sch\u00fcler. Genau das hat mich dazu bewogen, neben meinem Blog auch Videos zu machen. Die Menschen lieben Videos und deshalb stelle ich mich dieser Herausforderung. \ud83d\ude42<\/p>\n<h3>MEINE ERFAHRUNG ALS MEDIUM<\/h3>\n<p>Nat\u00fcrlich ist, was ich sage, meine Meinung. Ich spreche \u00fcber meine Erfahrungen und was ich \u00fcber die Jahre gelernt habe. Auch ich kann zwischendurch falsch liegen. Vieles \u00fcber die Medialit\u00e4t bzw. das Leben nach dem Tod erfahren wir erst mit Bestimmtheit, wenn wir selbst einmal in der geistigen Welt sind.<\/p>\n<p>Trotzdem ist es mir wichtig, gewisse Fragen nach meinem besten Wissen und Gewissen zu beantworten. Die Medialit\u00e4t scheint vielen als etwas Mysteri\u00f6ses und paranormales, dabei ist es das nat\u00fcrlichste der Welt. Wir alle haben diesen sechsten Sinn und sind nicht nur K\u00f6rper sowie Verstand. Und genau deshalb w\u00fcnsche ich mir, dass Du mit Freude und Neugier an diese Videos herangehst.<\/p>\n<h3>LIVE DABEI SEIN &#8211; SOUL TALKS UND LIVE ONLINE JENSEITSKONTAKTE<\/h3>\n<p>Meine Soul-Talks oder die Live Online Jenseitskontakte finden regelm\u00e4ssig statt und bieten Dir ebenfalls die Gelegenheit einmal live dabei zu sein. Alle Informationen dazu bekommst Du in meinem Newsletter oder \u00fcber meinen <a href=\"\/de\/shop\/\">Shop<\/a>.<\/p>\n<p>Falls Du weitere Videos von mir sehen willst, kannst Du nat\u00fcrlich meinen YouTube Kanal <a href=\"https:\/\/www.youtube.com\/channel\/UCvxKzsrfay7XMQhhE3QWt3w\">abonnieren<\/a>. Oder vielleicht willst Du regelm\u00e4ssig von mir h\u00f6ren, dann registriere Dich f\u00fcr meinen <a href=\"https:\/\/mailchi.mp\/c4a10ec8d413\/danielahadorn\">Newsletter<\/a>.<\/p>\n<p>Mit Liebe,<br \/>\nDaniela<\/p>\n<\/div>\n<\/section>\n","protected":false},"excerpt":{"rendered":"<p>Videos \u00fcber Medialit\u00e4t, Spiritualit\u00e4t, das Leben nach dem Tod und von meinen Soul Talks. Spiritualit\u00e4t und Medialit\u00e4t ist meine Arbeit und meine Leidenschaft. Diese Videos haben den Zweck Dich zu inspirieren und zu informieren. Ich hoffe somit, einige Missverst\u00e4ndnisse in der Medialit\u00e4t und der Spiritualit\u00e4t zu kl\u00e4ren. Vielleicht findest Du hier Deine Antworten. VIDEOS Privat [&hellip;]<\/p>\n","protected":false},"author":2,"featured_media":0,"parent":0,"menu_order":0,"comment_status":"closed","ping_status":"closed","template":"page-videos.php","meta":{"pmpro_default_level":0,"footnotes":""},"class_list":["post-64613","page","type-page","status-publish","hentry","pmpro-has-access"],"acf":[],"yoast_head":"<!-- This site is optimized with the Yoast SEO plugin v22.9 - https:\/\/yoast.com\/wordpress\/plugins\/seo\/ -->\n<title>VIDEOS - von Medium Daniela Hadorn<\/title>\n<meta name=\"description\" content=\"Videos \u00fcber die Medialit\u00e4t, Spiritualit\u00e4t und Soul Talks. Inspirierend und informierend zugleich. Vielleicht findest Du hier Deine Antworten.\" \/>\n<meta name=\"robots\" content=\"index, follow, max-snippet:-1, max-image-preview:large, max-video-preview:-1\" \/>\n<link rel=\"canonical\" href=\"https:\/\/staging.danielahadorn.com\/de\/videos\/\" \/>\n<meta name=\"twitter:card\" content=\"summary_large_image\" \/>\n<meta name=\"twitter:title\" content=\"VIDEOS - von Medium Daniela Hadorn\" \/>\n<meta name=\"twitter:description\" content=\"Videos \u00fcber die Medialit\u00e4t, Spiritualit\u00e4t und Soul Talks. Inspirierend und informierend zugleich. Vielleicht findest Du hier Deine Antworten.\" \/>\n<meta name=\"twitter:label1\" content=\"Gesch\u00e4tzte Lesezeit\" \/>\n\t<meta name=\"twitter:data1\" content=\"2\u00a0Minuten\" \/>\n<script type=\"application\/ld+json\" class=\"yoast-schema-graph\">{\"@context\":\"https:\/\/schema.org\",\"@graph\":[{\"@type\":\"WebPage\",\"@id\":\"https:\/\/staging.danielahadorn.com\/de\/videos\/\",\"url\":\"https:\/\/staging.danielahadorn.com\/de\/videos\/\",\"name\":\"VIDEOS - von Medium Daniela Hadorn\",\"isPartOf\":{\"@id\":\"https:\/\/staging.danielahadorn.com\/#website\"},\"datePublished\":\"2021-12-15T11:36:28+00:00\",\"dateModified\":\"2021-12-16T17:23:07+00:00\",\"description\":\"Videos \u00fcber die Medialit\u00e4t, Spiritualit\u00e4t und Soul Talks. Inspirierend und informierend zugleich. Vielleicht findest Du hier Deine Antworten.\",\"breadcrumb\":{\"@id\":\"https:\/\/staging.danielahadorn.com\/de\/videos\/#breadcrumb\"},\"inLanguage\":\"de\",\"potentialAction\":[{\"@type\":\"ReadAction\",\"target\":[\"https:\/\/staging.danielahadorn.com\/de\/videos\/\"]}]},{\"@type\":\"BreadcrumbList\",\"@id\":\"https:\/\/staging.danielahadorn.com\/de\/videos\/#breadcrumb\",\"itemListElement\":[{\"@type\":\"ListItem\",\"position\":1,\"name\":\"Home\",\"item\":\"https:\/\/staging.danielahadorn.com\/de\/\"},{\"@type\":\"ListItem\",\"position\":2,\"name\":\"VIDEOS\"}]},{\"@type\":\"WebSite\",\"@id\":\"https:\/\/staging.danielahadorn.com\/#website\",\"url\":\"https:\/\/staging.danielahadorn.com\/\",\"name\":\"Daniela Hadorn\",\"description\":\"Spirituelles Medium, sensitives Medium, Meditation, Advaita Vedanta\",\"publisher\":{\"@id\":\"https:\/\/staging.danielahadorn.com\/#\/schema\/person\/24550df4140d753d0b2f54f438a7da7f\"},\"potentialAction\":[{\"@type\":\"SearchAction\",\"target\":{\"@type\":\"EntryPoint\",\"urlTemplate\":\"https:\/\/staging.danielahadorn.com\/?s={search_term_string}\"},\"query-input\":\"required name=search_term_string\"}],\"inLanguage\":\"de\"},{\"@type\":[\"Person\",\"Organization\"],\"@id\":\"https:\/\/staging.danielahadorn.com\/#\/schema\/person\/24550df4140d753d0b2f54f438a7da7f\",\"name\":\"Daniela Hadorn\",\"image\":{\"@type\":\"ImageObject\",\"inLanguage\":\"de\",\"@id\":\"https:\/\/staging.danielahadorn.com\/#\/schema\/person\/image\/\",\"url\":\"https:\/\/staging.danielahadorn.com\/wp-content\/uploads\/2017\/09\/me.jpg\",\"contentUrl\":\"https:\/\/staging.danielahadorn.com\/wp-content\/uploads\/2017\/09\/me.jpg\",\"width\":315,\"height\":316,\"caption\":\"Daniela Hadorn\"},\"logo\":{\"@id\":\"https:\/\/staging.danielahadorn.com\/#\/schema\/person\/image\/\"},\"description\":\"Daniela is a spiritual teacher and medium. Daniela is not living up in the sky but with both feet on the ground. She is a no nonsense kind of person. Her biggest wish is for you to see her teachings and her mediumship as a catalyst for your own spiritual self development.\",\"sameAs\":[\"https:\/\/staging.danielahadorn.com\/\",\"https:\/\/www.facebook.com\/mediumdanielahadorn\/\"]}]}<\/script>\n<!-- \/ Yoast SEO plugin. -->","yoast_head_json":{"title":"VIDEOS - von Medium Daniela Hadorn","description":"Videos \u00fcber die Medialit\u00e4t, Spiritualit\u00e4t und Soul Talks. Inspirierend und informierend zugleich. Vielleicht findest Du hier Deine Antworten.","robots":{"index":"index","follow":"follow","max-snippet":"max-snippet:-1","max-image-preview":"max-image-preview:large","max-video-preview":"max-video-preview:-1"},"canonical":"https:\/\/staging.danielahadorn.com\/de\/videos\/","twitter_card":"summary_large_image","twitter_title":"VIDEOS - von Medium Daniela Hadorn","twitter_description":"Videos \u00fcber die Medialit\u00e4t, Spiritualit\u00e4t und Soul Talks. Inspirierend und informierend zugleich. Vielleicht findest Du hier Deine Antworten.","twitter_misc":{"Gesch\u00e4tzte Lesezeit":"2\u00a0Minuten"},"schema":{"@context":"https:\/\/schema.org","@graph":[{"@type":"WebPage","@id":"https:\/\/staging.danielahadorn.com\/de\/videos\/","url":"https:\/\/staging.danielahadorn.com\/de\/videos\/","name":"VIDEOS - von Medium Daniela Hadorn","isPartOf":{"@id":"https:\/\/staging.danielahadorn.com\/#website"},"datePublished":"2021-12-15T11:36:28+00:00","dateModified":"2021-12-16T17:23:07+00:00","description":"Videos \u00fcber die Medialit\u00e4t, Spiritualit\u00e4t und Soul Talks. Inspirierend und informierend zugleich. Vielleicht findest Du hier Deine Antworten.","breadcrumb":{"@id":"https:\/\/staging.danielahadorn.com\/de\/videos\/#breadcrumb"},"inLanguage":"de","potentialAction":[{"@type":"ReadAction","target":["https:\/\/staging.danielahadorn.com\/de\/videos\/"]}]},{"@type":"BreadcrumbList","@id":"https:\/\/staging.danielahadorn.com\/de\/videos\/#breadcrumb","itemListElement":[{"@type":"ListItem","position":1,"name":"Home","item":"https:\/\/staging.danielahadorn.com\/de\/"},{"@type":"ListItem","position":2,"name":"VIDEOS"}]},{"@type":"WebSite","@id":"https:\/\/staging.danielahadorn.com\/#website","url":"https:\/\/staging.danielahadorn.com\/","name":"Daniela Hadorn","description":"Spirituelles Medium, sensitives Medium, Meditation, Advaita Vedanta","publisher":{"@id":"https:\/\/staging.danielahadorn.com\/#\/schema\/person\/24550df4140d753d0b2f54f438a7da7f"},"potentialAction":[{"@type":"SearchAction","target":{"@type":"EntryPoint","urlTemplate":"https:\/\/staging.danielahadorn.com\/?s={search_term_string}"},"query-input":"required name=search_term_string"}],"inLanguage":"de"},{"@type":["Person","Organization"],"@id":"https:\/\/staging.danielahadorn.com\/#\/schema\/person\/24550df4140d753d0b2f54f438a7da7f","name":"Daniela Hadorn","image":{"@type":"ImageObject","inLanguage":"de","@id":"https:\/\/staging.danielahadorn.com\/#\/schema\/person\/image\/","url":"https:\/\/staging.danielahadorn.com\/wp-content\/uploads\/2017\/09\/me.jpg","contentUrl":"https:\/\/staging.danielahadorn.com\/wp-content\/uploads\/2017\/09\/me.jpg","width":315,"height":316,"caption":"Daniela Hadorn"},"logo":{"@id":"https:\/\/staging.danielahadorn.com\/#\/schema\/person\/image\/"},"description":"Daniela is a spiritual teacher and medium. Daniela is not living up in the sky but with both feet on the ground. She is a no nonsense kind of person. Her biggest wish is for you to see her teachings and her mediumship as a catalyst for your own spiritual self development.","sameAs":["https:\/\/staging.danielahadorn.com\/","https:\/\/www.facebook.com\/mediumdanielahadorn\/"]}]}},"_links":{"self":[{"href":"https:\/\/staging.danielahadorn.com\/de\/wp-json\/wp\/v2\/pages\/64613","targetHints":{"allow":["GET"]}}],"collection":[{"href":"https:\/\/staging.danielahadorn.com\/de\/wp-json\/wp\/v2\/pages"}],"about":[{"href":"https:\/\/staging.danielahadorn.com\/de\/wp-json\/wp\/v2\/types\/page"}],"author":[{"embeddable":true,"href":"https:\/\/staging.danielahadorn.com\/de\/wp-json\/wp\/v2\/users\/2"}],"replies":[{"embeddable":true,"href":"https:\/\/staging.danielahadorn.com\/de\/wp-json\/wp\/v2\/comments?post=64613"}],"version-history":[{"count":6,"href":"https:\/\/staging.danielahadorn.com\/de\/wp-json\/wp\/v2\/pages\/64613\/revisions"}],"predecessor-version":[{"id":64633,"href":"https:\/\/staging.danielahadorn.com\/de\/wp-json\/wp\/v2\/pages\/64613\/revisions\/64633"}],"wp:attachment":[{"href":"https:\/\/staging.danielahadorn.com\/de\/wp-json\/wp\/v2\/media?parent=64613"}],"curies":[{"name":"wp","href":"https:\/\/api.w.org\/{rel}","templated":true}]}}