{"id":43233,"date":"2019-09-12T15:04:12","date_gmt":"2019-09-12T13:04:12","guid":{"rendered":"https:\/\/staging.danielahadorn.com\/?page_id=43233"},"modified":"2023-07-10T15:40:06","modified_gmt":"2023-07-10T13:40:06","slug":"medium-ausbildung","status":"publish","type":"page","link":"https:\/\/staging.danielahadorn.com\/de\/medium-ausbildung\/","title":{"rendered":"Medium Ausbildung &#8211; pers\u00f6nlich &#038; fundiert"},"content":{"rendered":"<p><span style=\"font-size: 16px;\">Medium Ausbildung:\u00a0<\/span>M\u00f6chtest Du irgendwann als <a title=\"Medium Schweiz &amp; Deutschland\" href=\"\/de\/\">Medium<\/a> arbeiten, oder willst Du einfach Deine eigene <a href=\"\/de\/medialitaet\/was-ist-medialitaet\/\">Medialit\u00e4t<\/a> entdecken? Egal ob es ein Hobby oder eine Berufung werden soll, egal ob Du Anf\u00e4nger oder fortgeschritten bist, bei mir bist Du willkommen.<\/p>\n<p>Meine mediale Schule ist klein aber fein. Deine pers\u00f6nliche Betreuung und ganzheitliches Lernen sind mir wichtig in der medialen Ausbildung.<\/p>\n<h3>JAHRESAUSBILDUNG 2024<\/h3>\n<div class=\"gbox gbox-full\"><h4 class=\"gbox__title\">BIST DU DABEI?<\/h4>\n<ul>\n<li>Bist Du bereit, Deine medialen F\u00e4higkeiten intensiv zu trainieren und diese Herausforderung anzunehmen?<\/li>\n<li>Sp\u00fcrst Du ein inneres Feuer in Dir, endlich herauszufinden, was Dein Potenzial ist?<\/li>\n<li>Suchst Du eine erstklassige mediale Ausbildung?<\/li>\n<li>M\u00f6chtest Du herausfinden, ob dies wirklich Dein Weg ist?<\/li>\n<\/ul>\n<p>Dann bist Du hier genau richtig! Ich biete eine exklusive <strong><a href=\"\/de\/jahresausbildung\/\">Jahresausbildung<\/a><\/strong> zum kompletten Medium. Du erh\u00e4ltst individuelle Betreuung direkt von mir. Du bist bei mir nicht nur eine Nummer. Ich begleite Dich intensiv auf Deinem Weg zum kompletten mentalen, sensitiven und spirituellen Medium.<\/p>\n<p class=\"p1\"><span class=\"s1\"><b>Diese Ausbildung ist nichts f\u00fcr ein schwaches Herz, ich streiche niemandem Honig um den Mund. Ich will, dass Du als Medium und Mensch weiterkommst. Ich werde Dich deshalb immer wieder liebevoll und herzlich herausfordern, Deine Grenzen zu sprengen. Du darfst selbstbewusst strahlen und als mediale Br\u00fccke dienen, das ist unser Ziel.<\/b><\/span><\/p>\n<h4><span style=\"color: #cc0099;\">RESERVIERE DEINEN PLATZ F\u00dcR DAS JAHR 2024, DIE ANZAHL PL\u00c4TZE IST SEHR BEGRENZT!\u00a0<\/span><\/h4>\n<\/div>\n<h2 class=\"h3\">AUSBILDUNG MEDIUM SCHWEIZ<\/h2>\n<p><span style=\"font-size: 16px;\">Du lernst bei mir in einem wohlwollenden, unterst\u00fctzenden, professionellen und intimen Umfeld. Es ist mir ein Anliegen, den Standard in der Medialit\u00e4t zu erh\u00f6hen. Wir brauchen gut ausgebildete Medien, um die Verantwortung und Ethik hochzuhalten. <\/span><\/p>\n<p><span style=\"font-size: 16px;\">Folgende Punkte sind bei mir anders als bei anderen medialen Ausbildungen:<\/span><\/p>\n<h3>KLEINE GRUPPEN UND INDIVIDUELLE BETREUUNG<\/h3>\n<p>Ich halte die Gruppen mit maximal 12 Personen pro Kurs oder Ausbildung bewusst klein, damit ich Dich individuell betreuen kann. Du bist bei mir nie nur eine Nummer oder nur ein weiterer Kursteilnehmer unter vielen. Mir geht es ums Prinzip <strong>Qualit\u00e4t vor Quantit\u00e4t<\/strong>. Du sollst wissen, wo Du stehst und wie Du weiterkommen kannst, auf Deinem pers\u00f6nlichen Weg zum Medium. Ich klinke mich in Kontakte mit ein und weiss dabei genau, was Du ben\u00f6tigst, um Dich weiterzuentwickeln.<\/p>\n<h2 class=\"h3\">MEDIALE AUSBILDUNG WIE IN ENGLAND<\/h2>\n<p>Ich wurde von englischen Lehrern ausgebildet, ich lehre nach dem englischen Prinzip und biete Dir eine mediale Ausbildung wie in England an. Die Philosophie und die Regeln sind gleich wie in der englischen &#8220;Spiritualists&#8217; National Union&#8221;, einfach ohne deren religi\u00f6ses Dogma und die teilweise veralteten Ansichten.<\/p>\n<p>Meine Ausbildung zum Medium ist auf die heutige moderne Zeit ausgerichtet. Dabei lege ich grossen Wert darauf, dass Du als Sch\u00fcler hervorragend ger\u00fcstet bist, wenn Du mit Menschen arbeiten willst. Da es in der Schweiz keine Regulierungen f\u00fcr diesen Beruf gibt, halte ich mich an die englische Schule. In England ist der Spiritualismus eine anerkannte Religion und deshalb weltweit am meisten reguliert.<\/p>\n<h3>WENIGER THEORIE, MEHR PRAXIS<\/h3>\n<p>Die Theorie bildet nat\u00fcrlich das Fundament und hilft Dir f\u00fcr das Verst\u00e4ndnis der Zusammenh\u00e4nge. Aber was bringen tausend Unterlagen und Worte, wenn Du das Gelernte nicht umsetzen kannst. In dieser medialen Schule machen wir <strong>viele praktische \u00dcbungen<\/strong>. &#8220;Learning by doing&#8221;, einfach ausprobieren und mit diesen Erfahrungen lernen ist die Devise. Ich vermittle auch Theorie, aber ich gebe keine schriftlichen Unterlagen ab, denn das w\u00e4re zu einfach und die Medialit\u00e4t l\u00e4sst sich nicht. Wenn Du das Gesagte und Ge\u00fcbte wirklich verstehst und verinnerlichst, ist das mehr wert als jedes Papier, das in einem Ordner landet.<\/p>\n<h3>MASSGESCHNEIDERTE KURSE F\u00dcR INDIVIDUELLE GRUPPEN<\/h3>\n<p>Es gibt immer Gr\u00fcnde, warum verschiedene Menschen in einer Gruppe zusammenkommen. Jede Gruppe ist unterschiedlich und einzigartig. Ich mache <strong>keine Retorten-Seminare und \u2013Kurse<\/strong>. Das Thema der Seminare ist gegeben, doch inhaltlich passe ich die \u00dcbungen an Deinen Bed\u00fcrfnissen und diejenigen der Gruppe an.<\/p>\n<h3>WENIGER TECHNIK, MEHR LEBENSSCHULE<\/h3>\n<p>Mediale Techniken wollen nat\u00fcrlich gelernt sein, aber zentral ist in der Medialit\u00e4t vor allem die Arbeit an sich selbst. Die Techniken der Medialit\u00e4t machen nur ca. 20 % dieser Arbeit aus. 80 % resultieren aus Deiner Pers\u00f6nlichkeit, Deinem inneren und seelischen Zustand, Deiner spirituellen Entwicklung, Deiner Lebenserfahrung, Deiner F\u00e4higkeit Deinen Bewusstseinszustand zu erweitern, Deinem emotionalen und mentalen Zustand, und noch einiges mehr.<\/p>\n<p>Wenn es bei einem Medium hapert, liegt es meistens daran, dass in diesen 80 % L\u00fccken bestehen. Es ist relativ einfach, die Techniken zu lernen. Die Arbeit an sich selbst braucht Mut, Ehrlichkeit und Zeit. <strong>Deine mediale Ausbildung bei mir ist eine Lebensschule<\/strong>.<\/p>\n<h3>EHRLICHES, PROFESSIONELLES FEEDBACK<\/h3>\n<p>Talent und Disziplin spielen in der medialen Entwicklung eine grosse Rolle. Um als Medium wirklich erfolgreich zu sein, ben\u00f6tigst Du diese beiden Komponenten. Medialit\u00e4t ist zwar erlernbar, dennoch st\u00f6sst Du ohne Talent und Disziplin irgendwann an Grenzen. Talent hilft, um schneller voranzukommen. Disziplin und kontinuierliches Training ben\u00f6tigt jedes Medium, denn wir haben nie ausgelernt.<\/p>\n<p>Ich bin ehrlich und werde Dir sagen, ob die Medialit\u00e4t wirklich Deine Berufung ist, oder eher ein Hobby sein wird. <strong>Ich schmiere Dir keinen Honig um den Mund, nur damit Du meine Kurse besuchst<\/strong>.<\/p>\n<h3>MEIN WISSEN UND MEINE AUSBILDUNG<\/h3>\n<p>Ich habe mich jahrelang intensiv zum Medium ausgebildet. Ich habe nicht nur Weekend- oder Wochenkurse besucht, sondern mehrere intensive Jahresausbildungen gemacht. Dabei wurde ich in allen Aspekten der mentalen Medialit\u00e4t trainiert, inklusive Theorie sowie Auftritte vor Publikum mit Jenseitskontakten und \u00f6ffentlichen Ansprachen, mit theoretischen und praktischen Pr\u00fcfungen.<\/p>\n<p>Durch mein Talent und die jahrelange Arbeit an meiner Pers\u00f6nlichkeit hatte ich schon ein solides Fundament, um schneller als gew\u00f6hnlich die Ausbildung und Pr\u00fcfungen zu bestehen. Medium zu sein ist ein Beruf, der gelernt werden muss. Talent ist eine gute Voraussetzung, doch das alleine gen\u00fcgt nicht. Ich teile in der Medium-Ausbildung all mein Wissen und meine Erfahrung mit meinen Sch\u00fclerInnen aus der Schweiz (Z\u00fcrich, Aargau, Luzern, Zug, Basel, Solothurn, Bern), Deutschland und \u00d6sterreich.<\/p>\n<h2 class=\"h3\"><img decoding=\"async\" class=\"aligncenter wp-image-46145 size-large\" src=\"https:\/\/staging.danielahadorn.com\/wp-content\/uploads\/2020\/01\/komplette-medium-1024x356.jpg\" alt=\"mediale ausbildung entfalte dich wie ein pfau\" width=\"1024\" height=\"356\" srcset=\"https:\/\/staging.danielahadorn.com\/wp-content\/uploads\/2020\/01\/komplette-medium-1024x356.jpg 1024w, https:\/\/staging.danielahadorn.com\/wp-content\/uploads\/2020\/01\/komplette-medium-300x104.jpg 300w, https:\/\/staging.danielahadorn.com\/wp-content\/uploads\/2020\/01\/komplette-medium-768x267.jpg 768w, https:\/\/staging.danielahadorn.com\/wp-content\/uploads\/2020\/01\/komplette-medium-1497x520.jpg 1497w, https:\/\/staging.danielahadorn.com\/wp-content\/uploads\/2020\/01\/komplette-medium-600x208.jpg 600w, https:\/\/staging.danielahadorn.com\/wp-content\/uploads\/2020\/01\/komplette-medium.jpg 1500w\" sizes=\"(max-width: 1024px) 100vw, 1024px\" \/>AUSBILDUNG MEDIUM JENSEITSKONTAKTE<\/h2>\n<p>In meinen Ausbildungen lege ich neben der <a href=\"\/de\/produkt\/mediale-beratung\/\">medialen Beratung<\/a> viel Wert auf <a href=\"\/de\/jenseitskontakte\/\">Jenseitskontakte<\/a>. Sch\u00fcler\/-innen werden intensiv darauf trainiert, vertiefte Beweise zu erbringen und \u00fcber l\u00e4ngere Zeit in ihrer Kraft zu bleiben. Sie lernen bei mir die Erz\u00e4hlung einer Lebensgeschichte und nicht unzusammenh\u00e4ngende Aussagen. Jeder Verstorbene hat ein bestimmtes Bed\u00fcrfnis und als Jenseitsmedium gilt es dieses zu erkennen und Nachrichten aus dem Jenseits mitteilen zu k\u00f6nnen.<\/p>\n<h2 class=\"h3\">MEDIALIT\u00c4T IST LERNBAR<\/h2>\n<p>Grunds\u00e4tzlich, ist Medialit\u00e4t f\u00fcr alle erlernbar. Es ist \u00e4hnlich wie beim Klavierspielen: Jeder kann es lernen, doch nur wenige schaffen es jedoch zum professionellen Pianisten. Das soll nicht abschreckend wirken, im Gegenteil. Viele wollen nie beruflich als Medium t\u00e4tig sein, sondern einfach die eigenen F\u00e4higkeiten weiterentwickeln. Deshalb ist Medialit\u00e4t f\u00fcr jeden erlernbar. <a href=\"https:\/\/staging.danielahadorn.com\/de\/\">Medium<\/a> als Beruf braucht Zeit, Interesse, professionelle Ausbildung, Disziplin, Arbeit an sich selbst und Talent. <strong>Die Ausbildung bei mir bietet f\u00fcr alle das individuell Richtige an<\/strong>.<\/p>\n<h3>PHILOSOPHIE<\/h3>\n<p>In meinen medialen Ausbildungen pflegen wir Respekt, gegenseitige Unterst\u00fctzung, <strong>Spass, Freude und Toleranz<\/strong>. Unerw\u00fcnscht sind Konkurrenzdenken, Dramas und Eifersucht. Jeder Mensch und somit jedes Medium ist ein Individuum. Wir haben alle eigene St\u00e4rken und Schw\u00e4chen, diese gilt es zu respektieren. Wir sind alle hier auf einem gemeinsamen Weg und sitzen im gleichen Boot. Medialit\u00e4t bedeutet im Dienste der Seelen zu stehen, auch w\u00e4hrend der Ausbildung.<\/p>\n<p>Ich erwarte Motivation, Disziplin und Hingabe. Im Gegenzug schenke ich Dir all mein K\u00f6nnen, mein Wissen, meine Unterst\u00fctzung und meine Liebe.<\/p>\n<p>Wer sich nicht an diese einfache Philosophie halten kann, ist bei mir fehl am Platz. Ich behalte es mir vor, solchen Sch\u00fclerInnen zum Wohle ihrer selbst und der anderen die Ausbildung vorl\u00e4ufig zu verweigern.<\/p>\n<p><a href=\"\/de\/kontakt\/\">Kontaktiere mich<\/a> f\u00fcr Fragen und weitere Informationen!<\/p>\n","protected":false},"excerpt":{"rendered":"<p>Medium Ausbildung:\u00a0M\u00f6chtest Du irgendwann als Medium arbeiten, oder willst Du einfach Deine eigene Medialit\u00e4t entdecken? Egal ob es ein Hobby oder eine Berufung werden soll, egal ob Du Anf\u00e4nger oder fortgeschritten bist, bei mir bist Du willkommen. Meine mediale Schule ist klein aber fein. Deine pers\u00f6nliche Betreuung und ganzheitliches Lernen sind mir wichtig in der [&hellip;]<\/p>\n","protected":false},"author":2,"featured_media":0,"parent":0,"menu_order":0,"comment_status":"closed","ping_status":"closed","template":"","meta":{"pmpro_default_level":0,"footnotes":""},"class_list":["post-43233","page","type-page","status-publish","hentry","pmpro-has-access"],"acf":[],"yoast_head":"<!-- This site is optimized with the Yoast SEO plugin v22.9 - https:\/\/yoast.com\/wordpress\/plugins\/seo\/ -->\n<title>Medium Ausbildung - pers\u00f6nlich &amp; fundiert \u2b50\u2b50\u2b50\u2b50\u2b50<\/title>\n<meta name=\"description\" content=\"Medium Ausbildung Schweiz: Hast Du Lust Deine Medialit\u00e4t zu entdecken und zu f\u00f6rdern? Kurse mit kleinen Gruppen &amp; vielen \u00dcbungen, ich freue mich auf Dich!\" \/>\n<meta name=\"robots\" content=\"index, follow, max-snippet:-1, max-image-preview:large, max-video-preview:-1\" \/>\n<link rel=\"canonical\" href=\"https:\/\/staging.danielahadorn.com\/de\/medium-ausbildung\/\" \/>\n<meta name=\"twitter:card\" content=\"summary_large_image\" \/>\n<meta name=\"twitter:title\" content=\"Medium Ausbildung - pers\u00f6nlich &amp; fundiert \u2b50\u2b50\u2b50\u2b50\u2b50\" \/>\n<meta name=\"twitter:description\" content=\"Medium Ausbildung Schweiz: Hast Du Lust Deine Medialit\u00e4t zu entdecken und zu f\u00f6rdern? Kurse mit kleinen Gruppen &amp; vielen \u00dcbungen, ich freue mich auf Dich!\" \/>\n<meta name=\"twitter:image\" content=\"https:\/\/staging.danielahadorn.com\/wp-content\/uploads\/2020\/01\/komplette-medium-1024x356.jpg\" \/>\n<meta name=\"twitter:label1\" content=\"Gesch\u00e4tzte Lesezeit\" \/>\n\t<meta name=\"twitter:data1\" content=\"6\u00a0Minuten\" \/>\n<script type=\"application\/ld+json\" class=\"yoast-schema-graph\">{\"@context\":\"https:\/\/schema.org\",\"@graph\":[{\"@type\":\"WebPage\",\"@id\":\"https:\/\/staging.danielahadorn.com\/de\/medium-ausbildung\/\",\"url\":\"https:\/\/staging.danielahadorn.com\/de\/medium-ausbildung\/\",\"name\":\"Medium Ausbildung - pers\u00f6nlich & fundiert \u2b50\u2b50\u2b50\u2b50\u2b50\",\"isPartOf\":{\"@id\":\"https:\/\/staging.danielahadorn.com\/#website\"},\"primaryImageOfPage\":{\"@id\":\"https:\/\/staging.danielahadorn.com\/de\/medium-ausbildung\/#primaryimage\"},\"image\":{\"@id\":\"https:\/\/staging.danielahadorn.com\/de\/medium-ausbildung\/#primaryimage\"},\"thumbnailUrl\":\"https:\/\/staging.danielahadorn.com\/wp-content\/uploads\/2020\/01\/komplette-medium-1024x356.jpg\",\"datePublished\":\"2019-09-12T13:04:12+00:00\",\"dateModified\":\"2023-07-10T13:40:06+00:00\",\"description\":\"Medium Ausbildung Schweiz: Hast Du Lust Deine Medialit\u00e4t zu entdecken und zu f\u00f6rdern? Kurse mit kleinen Gruppen & vielen \u00dcbungen, ich freue mich auf Dich!\",\"breadcrumb\":{\"@id\":\"https:\/\/staging.danielahadorn.com\/de\/medium-ausbildung\/#breadcrumb\"},\"inLanguage\":\"de\",\"potentialAction\":[{\"@type\":\"ReadAction\",\"target\":[\"https:\/\/staging.danielahadorn.com\/de\/medium-ausbildung\/\"]}]},{\"@type\":\"ImageObject\",\"inLanguage\":\"de\",\"@id\":\"https:\/\/staging.danielahadorn.com\/de\/medium-ausbildung\/#primaryimage\",\"url\":\"https:\/\/staging.danielahadorn.com\/wp-content\/uploads\/2020\/01\/komplette-medium-1024x356.jpg\",\"contentUrl\":\"https:\/\/staging.danielahadorn.com\/wp-content\/uploads\/2020\/01\/komplette-medium-1024x356.jpg\"},{\"@type\":\"BreadcrumbList\",\"@id\":\"https:\/\/staging.danielahadorn.com\/de\/medium-ausbildung\/#breadcrumb\",\"itemListElement\":[{\"@type\":\"ListItem\",\"position\":1,\"name\":\"Home\",\"item\":\"https:\/\/staging.danielahadorn.com\/de\/\"},{\"@type\":\"ListItem\",\"position\":2,\"name\":\"Medium Ausbildung &#8211; pers\u00f6nlich &#038; fundiert\"}]},{\"@type\":\"WebSite\",\"@id\":\"https:\/\/staging.danielahadorn.com\/#website\",\"url\":\"https:\/\/staging.danielahadorn.com\/\",\"name\":\"Daniela Hadorn\",\"description\":\"Spirituelles Medium, sensitives Medium, Meditation, Advaita Vedanta\",\"publisher\":{\"@id\":\"https:\/\/staging.danielahadorn.com\/#\/schema\/person\/24550df4140d753d0b2f54f438a7da7f\"},\"potentialAction\":[{\"@type\":\"SearchAction\",\"target\":{\"@type\":\"EntryPoint\",\"urlTemplate\":\"https:\/\/staging.danielahadorn.com\/?s={search_term_string}\"},\"query-input\":\"required name=search_term_string\"}],\"inLanguage\":\"de\"},{\"@type\":[\"Person\",\"Organization\"],\"@id\":\"https:\/\/staging.danielahadorn.com\/#\/schema\/person\/24550df4140d753d0b2f54f438a7da7f\",\"name\":\"Daniela Hadorn\",\"image\":{\"@type\":\"ImageObject\",\"inLanguage\":\"de\",\"@id\":\"https:\/\/staging.danielahadorn.com\/#\/schema\/person\/image\/\",\"url\":\"https:\/\/staging.danielahadorn.com\/wp-content\/uploads\/2017\/09\/me.jpg\",\"contentUrl\":\"https:\/\/staging.danielahadorn.com\/wp-content\/uploads\/2017\/09\/me.jpg\",\"width\":315,\"height\":316,\"caption\":\"Daniela Hadorn\"},\"logo\":{\"@id\":\"https:\/\/staging.danielahadorn.com\/#\/schema\/person\/image\/\"},\"description\":\"Daniela is a spiritual teacher and medium. Daniela is not living up in the sky but with both feet on the ground. She is a no nonsense kind of person. Her biggest wish is for you to see her teachings and her mediumship as a catalyst for your own spiritual self development.\",\"sameAs\":[\"https:\/\/staging.danielahadorn.com\/\",\"https:\/\/www.facebook.com\/mediumdanielahadorn\/\"]}]}<\/script>\n<!-- \/ Yoast SEO plugin. -->","yoast_head_json":{"title":"Medium Ausbildung - pers\u00f6nlich & fundiert \u2b50\u2b50\u2b50\u2b50\u2b50","description":"Medium Ausbildung Schweiz: Hast Du Lust Deine Medialit\u00e4t zu entdecken und zu f\u00f6rdern? Kurse mit kleinen Gruppen & vielen \u00dcbungen, ich freue mich auf Dich!","robots":{"index":"index","follow":"follow","max-snippet":"max-snippet:-1","max-image-preview":"max-image-preview:large","max-video-preview":"max-video-preview:-1"},"canonical":"https:\/\/staging.danielahadorn.com\/de\/medium-ausbildung\/","twitter_card":"summary_large_image","twitter_title":"Medium Ausbildung - pers\u00f6nlich & fundiert \u2b50\u2b50\u2b50\u2b50\u2b50","twitter_description":"Medium Ausbildung Schweiz: Hast Du Lust Deine Medialit\u00e4t zu entdecken und zu f\u00f6rdern? Kurse mit kleinen Gruppen & vielen \u00dcbungen, ich freue mich auf Dich!","twitter_image":"https:\/\/staging.danielahadorn.com\/wp-content\/uploads\/2020\/01\/komplette-medium-1024x356.jpg","twitter_misc":{"Gesch\u00e4tzte Lesezeit":"6\u00a0Minuten"},"schema":{"@context":"https:\/\/schema.org","@graph":[{"@type":"WebPage","@id":"https:\/\/staging.danielahadorn.com\/de\/medium-ausbildung\/","url":"https:\/\/staging.danielahadorn.com\/de\/medium-ausbildung\/","name":"Medium Ausbildung - pers\u00f6nlich & fundiert \u2b50\u2b50\u2b50\u2b50\u2b50","isPartOf":{"@id":"https:\/\/staging.danielahadorn.com\/#website"},"primaryImageOfPage":{"@id":"https:\/\/staging.danielahadorn.com\/de\/medium-ausbildung\/#primaryimage"},"image":{"@id":"https:\/\/staging.danielahadorn.com\/de\/medium-ausbildung\/#primaryimage"},"thumbnailUrl":"https:\/\/staging.danielahadorn.com\/wp-content\/uploads\/2020\/01\/komplette-medium-1024x356.jpg","datePublished":"2019-09-12T13:04:12+00:00","dateModified":"2023-07-10T13:40:06+00:00","description":"Medium Ausbildung Schweiz: Hast Du Lust Deine Medialit\u00e4t zu entdecken und zu f\u00f6rdern? Kurse mit kleinen Gruppen & vielen \u00dcbungen, ich freue mich auf Dich!","breadcrumb":{"@id":"https:\/\/staging.danielahadorn.com\/de\/medium-ausbildung\/#breadcrumb"},"inLanguage":"de","potentialAction":[{"@type":"ReadAction","target":["https:\/\/staging.danielahadorn.com\/de\/medium-ausbildung\/"]}]},{"@type":"ImageObject","inLanguage":"de","@id":"https:\/\/staging.danielahadorn.com\/de\/medium-ausbildung\/#primaryimage","url":"https:\/\/staging.danielahadorn.com\/wp-content\/uploads\/2020\/01\/komplette-medium-1024x356.jpg","contentUrl":"https:\/\/staging.danielahadorn.com\/wp-content\/uploads\/2020\/01\/komplette-medium-1024x356.jpg"},{"@type":"BreadcrumbList","@id":"https:\/\/staging.danielahadorn.com\/de\/medium-ausbildung\/#breadcrumb","itemListElement":[{"@type":"ListItem","position":1,"name":"Home","item":"https:\/\/staging.danielahadorn.com\/de\/"},{"@type":"ListItem","position":2,"name":"Medium Ausbildung &#8211; pers\u00f6nlich &#038; fundiert"}]},{"@type":"WebSite","@id":"https:\/\/staging.danielahadorn.com\/#website","url":"https:\/\/staging.danielahadorn.com\/","name":"Daniela Hadorn","description":"Spirituelles Medium, sensitives Medium, Meditation, Advaita Vedanta","publisher":{"@id":"https:\/\/staging.danielahadorn.com\/#\/schema\/person\/24550df4140d753d0b2f54f438a7da7f"},"potentialAction":[{"@type":"SearchAction","target":{"@type":"EntryPoint","urlTemplate":"https:\/\/staging.danielahadorn.com\/?s={search_term_string}"},"query-input":"required name=search_term_string"}],"inLanguage":"de"},{"@type":["Person","Organization"],"@id":"https:\/\/staging.danielahadorn.com\/#\/schema\/person\/24550df4140d753d0b2f54f438a7da7f","name":"Daniela Hadorn","image":{"@type":"ImageObject","inLanguage":"de","@id":"https:\/\/staging.danielahadorn.com\/#\/schema\/person\/image\/","url":"https:\/\/staging.danielahadorn.com\/wp-content\/uploads\/2017\/09\/me.jpg","contentUrl":"https:\/\/staging.danielahadorn.com\/wp-content\/uploads\/2017\/09\/me.jpg","width":315,"height":316,"caption":"Daniela Hadorn"},"logo":{"@id":"https:\/\/staging.danielahadorn.com\/#\/schema\/person\/image\/"},"description":"Daniela is a spiritual teacher and medium. Daniela is not living up in the sky but with both feet on the ground. She is a no nonsense kind of person. Her biggest wish is for you to see her teachings and her mediumship as a catalyst for your own spiritual self development.","sameAs":["https:\/\/staging.danielahadorn.com\/","https:\/\/www.facebook.com\/mediumdanielahadorn\/"]}]}},"_links":{"self":[{"href":"https:\/\/staging.danielahadorn.com\/de\/wp-json\/wp\/v2\/pages\/43233","targetHints":{"allow":["GET"]}}],"collection":[{"href":"https:\/\/staging.danielahadorn.com\/de\/wp-json\/wp\/v2\/pages"}],"about":[{"href":"https:\/\/staging.danielahadorn.com\/de\/wp-json\/wp\/v2\/types\/page"}],"author":[{"embeddable":true,"href":"https:\/\/staging.danielahadorn.com\/de\/wp-json\/wp\/v2\/users\/2"}],"replies":[{"embeddable":true,"href":"https:\/\/staging.danielahadorn.com\/de\/wp-json\/wp\/v2\/comments?post=43233"}],"version-history":[{"count":91,"href":"https:\/\/staging.danielahadorn.com\/de\/wp-json\/wp\/v2\/pages\/43233\/revisions"}],"predecessor-version":[{"id":65784,"href":"https:\/\/staging.danielahadorn.com\/de\/wp-json\/wp\/v2\/pages\/43233\/revisions\/65784"}],"wp:attachment":[{"href":"https:\/\/staging.danielahadorn.com\/de\/wp-json\/wp\/v2\/media?parent=43233"}],"curies":[{"name":"wp","href":"https:\/\/api.w.org\/{rel}","templated":true}]}}