{"id":40909,"date":"2019-07-11T10:46:51","date_gmt":"2019-07-11T08:46:51","guid":{"rendered":"https:\/\/staging.danielahadorn.com\/?page_id=40909"},"modified":"2019-07-11T12:50:45","modified_gmt":"2019-07-11T10:50:45","slug":"jenseitskontakte-gruppen","status":"publish","type":"page","link":"https:\/\/staging.danielahadorn.com\/de\/jenseitskontakte-gruppen\/","title":{"rendered":"Jenseitskontakte f\u00fcr Gruppen"},"content":{"rendered":"<p>Jenseitskontakte f\u00fcr Gruppen oder Gruppen-Jenseitskontakte erlauben mir das zu tun, was ich am liebsten mache: Menschen vom Diesseits mit dem Jenseits zu vereinen.<\/p>\n<p>W\u00e4hrend 1-2 Stunden mache ich f\u00fcr eine kleine Gruppe <a href=\"\/de\/jenseitskontakte\/\">Jenseitskontakte<\/a> in einem sicheren, intimen, unterst\u00fctzenden und privaten Rahmen.<\/p>\n<p>Es ist immer spannend zu beobachten, dass diese Gruppen nicht einfach &#8220;zuf\u00e4llig&#8221; zusammengew\u00fcrfelt sind, sondern dass es einen Grund gibt, warum genau diese Menschen zusammenkommen. Das ist magisch! Die Botschaften ber\u00fchren oft alle Teilnehmenden und beinhalten Weisheiten, von denen jeder lernen kann. Jenseitskontakte f\u00fcr Gruppen sind etwas ganz spezielles, denn unsere Liebsten in der geistigen Welt wissen genau, was sie tun. Der Lerneffekt und die Heilung f\u00fcr alle Beteiligten ist ausserordentlich gross. Gr\u00f6sser als bei \u00f6ffentlichen Jenseitskontakten, wo die Teilnehmenden sich gegenseitig nicht kennen.<\/p>\n<p>Falls sensitive oder heikle Informationen durchkommen, gebe ich diese nicht in der Gruppe preis. Ich behalte das f\u00fcr mich und informiere die Person in einem privaten Gespr\u00e4ch nach der Jenseitskontakt-Demonstration, wenn erw\u00fcnscht.<\/p>\n<p>Nat\u00fcrlich ist es so, dass ich versuche f\u00fcr jeden einzelnen einen pers\u00f6nlichen Jenseitskontakt herzustellen. Daf\u00fcr kann ich jedoch keine Garantie geben, denn die geistige Welt entscheidet, wer das gr\u00f6sste Bed\u00fcrfnis hat durchzukommen.<\/p>\n<h3>F\u00dcR WEN EIGNEN SICH DIE GRUPPEN-JENSEITKONTAKTE<\/h3>\n<ul>\n<li>Gruppen von 4-12 Personen<\/li>\n<li>FreundInnen<\/li>\n<li>Familien (ohne Kinder)<\/li>\n<li>Geburtstage<\/li>\n<li>ArbeitskollegInnen<\/li>\n<\/ul>\n<h3>WAS KANN MAN ERWARTEN<\/h3>\n<ul>\n<li>Gesamtdauer betr\u00e4gt 1-2 Stunden je nach Gr\u00f6sse der Gruppe<\/li>\n<li>Die einzelnen Jenseitkontakte dauern mindestens 7 Minuten<\/li>\n<li>So viele Jenseitskontakte wie m\u00f6glich in der gegebenen Zeit<\/li>\n<li>Informationen \u00fcber die geistige Welt<\/li>\n<li>Fragen und Antworten<\/li>\n<li>Heilung, Trost, Freude, Liebe und Verst\u00e4ndnis f\u00fcr die ganze Gruppe<\/li>\n<li>Erkenntnis, dass die Seele unsterblich ist<\/li>\n<\/ul>\n<p>Nach Wunsch k\u00f6nnen die Jenseitskontakte bei mir in Boningen stattfinden oder bei Dir\/Euch. Ich bereise die ganze Schweiz. Es k\u00f6nnen jedoch Anfahrts- und \u00dcbernachtungskosten anfallen. Bei Orten, welche nicht mehr als 20 Minuten von Boningen (SO) entfernt sind, verrechne ich keine zus\u00e4tzlichen Kosten.<\/p>\n<h3>ANFRAGE UND PREISBERECHNUNG<\/h3>\n\n<div class=\"wpcf7 no-js\" id=\"wpcf7-f40913-o1\" lang=\"en-US\" dir=\"ltr\">\n<div class=\"screen-reader-response\"><p role=\"status\" aria-live=\"polite\" aria-atomic=\"true\"><\/p> <ul><\/ul><\/div>\n<form action=\"\/de\/wp-json\/wp\/v2\/pages\/40909#wpcf7-f40913-o1\" method=\"post\" class=\"wpcf7-form init form wpcf7-acceptance-as-validation\" aria-label=\"Contact form\" novalidate=\"novalidate\" data-status=\"init\">\n<div style=\"display: none;\">\n<input type=\"hidden\" name=\"_wpcf7\" value=\"40913\" \/>\n<input type=\"hidden\" name=\"_wpcf7_version\" value=\"5.9.6\" \/>\n<input type=\"hidden\" name=\"_wpcf7_locale\" value=\"en_US\" \/>\n<input type=\"hidden\" name=\"_wpcf7_unit_tag\" value=\"wpcf7-f40913-o1\" \/>\n<input type=\"hidden\" name=\"_wpcf7_container_post\" value=\"0\" \/>\n<input type=\"hidden\" name=\"_wpcf7_posted_data_hash\" value=\"\" \/>\n<\/div>\n<p><br \/>\n<label> Dein Vor- und Nachname<br \/>\n<span class=\"wpcf7-form-control-wrap\" data-name=\"your-name\"><input size=\"40\" maxlength=\"80\" class=\"wpcf7-form-control wpcf7-text wpcf7-validates-as-required\" aria-required=\"true\" aria-invalid=\"false\" value=\"\" type=\"text\" name=\"your-name\" \/><\/span> <\/label>\n<\/p>\n<p><br \/>\n<label> Deine Adresse<br \/>\n<span class=\"wpcf7-form-control-wrap\" data-name=\"text-276\"><input size=\"40\" maxlength=\"80\" class=\"wpcf7-form-control wpcf7-text wpcf7-validates-as-required\" aria-required=\"true\" aria-invalid=\"false\" value=\"\" type=\"text\" name=\"text-276\" \/><\/span> <\/label>\n<\/p>\n<p><br \/>\n<label> Deine Telefonnummer<br \/>\n<span class=\"wpcf7-form-control-wrap\" data-name=\"tel-682\"><input size=\"40\" maxlength=\"80\" class=\"wpcf7-form-control wpcf7-tel wpcf7-validates-as-required wpcf7-text wpcf7-validates-as-tel\" aria-required=\"true\" aria-invalid=\"false\" value=\"\" type=\"tel\" name=\"tel-682\" \/><\/span> <\/label>\n<\/p>\n<p><br \/>\n<label> Deine E-Mail Adresse<br \/>\n<span class=\"wpcf7-form-control-wrap\" data-name=\"your-email\"><input size=\"40\" maxlength=\"80\" class=\"wpcf7-form-control wpcf7-email wpcf7-validates-as-required wpcf7-text wpcf7-validates-as-email\" aria-required=\"true\" aria-invalid=\"false\" value=\"\" type=\"email\" name=\"your-email\" \/><\/span> <\/label>\n<\/p>\n<p><br \/>\n<label> Was seid ihr f\u00fcr eine Gruppe<br \/>\n<span class=\"wpcf7-form-control-wrap\" data-name=\"text-858\"><input size=\"40\" maxlength=\"80\" class=\"wpcf7-form-control wpcf7-text wpcf7-validates-as-required\" aria-required=\"true\" aria-invalid=\"false\" value=\"\" type=\"text\" name=\"text-858\" \/><\/span> <\/label>\n<\/p>\n<p><br \/>\n<label> Bemerkungen und gew\u00fcnschte Daten<br \/>\n<span class=\"wpcf7-form-control-wrap\" data-name=\"textarea-993\"><textarea cols=\"40\" rows=\"10\" maxlength=\"400\" class=\"wpcf7-form-control wpcf7-textarea\" aria-invalid=\"false\" name=\"textarea-993\"><\/textarea><\/span> <\/label>\n<\/p>\n<p><br \/>\n<label> Anzahl Personen<br \/>\n<span class=\"wpcf7-form-control-wrap\" data-name=\"number-986\"><input class=\"wpcf7-form-control wpcf7-number wpcf7-validates-as-number\" min=\"4\" max=\"12\" aria-invalid=\"false\" value=\"4\" type=\"number\" name=\"number-986\" \/><\/span> <\/label>\n<\/p>\n<p><span class=\"wpcf7-form-control-wrap\" data-name=\"acceptance-78\"><span class=\"wpcf7-form-control wpcf7-acceptance\"><span class=\"wpcf7-list-item\"><label><input type=\"checkbox\" name=\"acceptance-78\" value=\"1\" aria-invalid=\"false\" \/><span class=\"wpcf7-list-item-label\">Bitte lies und akzeptiere die <a title=\"AGB\" href=\"https:\/\/staging.danielahadorn.com\/de\/daniela-hadorn-agb\/\"  target=\"_blank\">AGB<\/a> und die <a title=\"Datenschutzbestimmungen\" href=\"https:\/\/staging.danielahadorn.com\/de\/daniela-hadorn-datenschutzbestimmungen\/\"  target=\"_blank\">Datenschutzbestimmungen<\/a>.<\/span><\/label><\/span><\/span><\/span><br \/>\n<input type=\"submit\" value=\"Anfrage senden\" class=\"btn btn-primary\" \/>\n<\/p><div class=\"wpcf7-response-output\" aria-hidden=\"true\"><\/div>\n<\/form>\n<\/div>\n\n","protected":false},"excerpt":{"rendered":"<p>Jenseitskontakte f\u00fcr Gruppen oder Gruppen-Jenseitskontakte erlauben mir das zu tun, was ich am liebsten mache: Menschen vom Diesseits mit dem Jenseits zu vereinen. W\u00e4hrend 1-2 Stunden mache ich f\u00fcr eine kleine Gruppe Jenseitskontakte in einem sicheren, intimen, unterst\u00fctzenden und privaten Rahmen. Es ist immer spannend zu beobachten, dass diese Gruppen nicht einfach &#8220;zuf\u00e4llig&#8221; zusammengew\u00fcrfelt sind, [&hellip;]<\/p>\n","protected":false},"author":2,"featured_media":0,"parent":0,"menu_order":0,"comment_status":"closed","ping_status":"closed","template":"","meta":{"pmpro_default_level":0,"footnotes":""},"class_list":["post-40909","page","type-page","status-publish","hentry","pmpro-has-access"],"acf":[],"yoast_head":"<!-- This site is optimized with the Yoast SEO plugin v22.9 - https:\/\/yoast.com\/wordpress\/plugins\/seo\/ -->\n<title>Jenseitskontakte f\u00fcr Gruppen - sicher, privat und sch\u00f6n \u2b50\u2b50\u2b50\u2b50<\/title>\n<meta name=\"description\" content=\"Jenseitskontakte f\u00fcr Gruppen oder Gruppen-Jenseitskontakte: W\u00e4hrend 1-2 Stunden mache ich f\u00fcr eine kleine private Gruppe Jenseitskontakte.\" \/>\n<meta name=\"robots\" content=\"index, follow, max-snippet:-1, max-image-preview:large, max-video-preview:-1\" \/>\n<link rel=\"canonical\" href=\"https:\/\/staging.danielahadorn.com\/de\/jenseitskontakte-gruppen\/\" \/>\n<meta name=\"twitter:card\" content=\"summary_large_image\" \/>\n<meta name=\"twitter:title\" content=\"Jenseitskontakte f\u00fcr Gruppen - sicher, privat und sch\u00f6n \u2b50\u2b50\u2b50\u2b50\" \/>\n<meta name=\"twitter:description\" content=\"Jenseitskontakte f\u00fcr Gruppen oder Gruppen-Jenseitskontakte: W\u00e4hrend 1-2 Stunden mache ich f\u00fcr eine kleine private Gruppe Jenseitskontakte.\" \/>\n<meta name=\"twitter:label1\" content=\"Gesch\u00e4tzte Lesezeit\" \/>\n\t<meta name=\"twitter:data1\" content=\"2\u00a0Minuten\" \/>\n<script type=\"application\/ld+json\" class=\"yoast-schema-graph\">{\"@context\":\"https:\/\/schema.org\",\"@graph\":[{\"@type\":\"WebPage\",\"@id\":\"https:\/\/staging.danielahadorn.com\/de\/jenseitskontakte-gruppen\/\",\"url\":\"https:\/\/staging.danielahadorn.com\/de\/jenseitskontakte-gruppen\/\",\"name\":\"Jenseitskontakte f\u00fcr Gruppen - sicher, privat und sch\u00f6n \u2b50\u2b50\u2b50\u2b50\",\"isPartOf\":{\"@id\":\"https:\/\/staging.danielahadorn.com\/#website\"},\"datePublished\":\"2019-07-11T08:46:51+00:00\",\"dateModified\":\"2019-07-11T10:50:45+00:00\",\"description\":\"Jenseitskontakte f\u00fcr Gruppen oder Gruppen-Jenseitskontakte: W\u00e4hrend 1-2 Stunden mache ich f\u00fcr eine kleine private Gruppe Jenseitskontakte.\",\"breadcrumb\":{\"@id\":\"https:\/\/staging.danielahadorn.com\/de\/jenseitskontakte-gruppen\/#breadcrumb\"},\"inLanguage\":\"de\",\"potentialAction\":[{\"@type\":\"ReadAction\",\"target\":[\"https:\/\/staging.danielahadorn.com\/de\/jenseitskontakte-gruppen\/\"]}]},{\"@type\":\"BreadcrumbList\",\"@id\":\"https:\/\/staging.danielahadorn.com\/de\/jenseitskontakte-gruppen\/#breadcrumb\",\"itemListElement\":[{\"@type\":\"ListItem\",\"position\":1,\"name\":\"Home\",\"item\":\"https:\/\/staging.danielahadorn.com\/de\/\"},{\"@type\":\"ListItem\",\"position\":2,\"name\":\"Jenseitskontakte f\u00fcr Gruppen\"}]},{\"@type\":\"WebSite\",\"@id\":\"https:\/\/staging.danielahadorn.com\/#website\",\"url\":\"https:\/\/staging.danielahadorn.com\/\",\"name\":\"Daniela Hadorn\",\"description\":\"Spirituelles Medium, sensitives Medium, Meditation, Advaita Vedanta\",\"publisher\":{\"@id\":\"https:\/\/staging.danielahadorn.com\/#\/schema\/person\/24550df4140d753d0b2f54f438a7da7f\"},\"potentialAction\":[{\"@type\":\"SearchAction\",\"target\":{\"@type\":\"EntryPoint\",\"urlTemplate\":\"https:\/\/staging.danielahadorn.com\/?s={search_term_string}\"},\"query-input\":\"required name=search_term_string\"}],\"inLanguage\":\"de\"},{\"@type\":[\"Person\",\"Organization\"],\"@id\":\"https:\/\/staging.danielahadorn.com\/#\/schema\/person\/24550df4140d753d0b2f54f438a7da7f\",\"name\":\"Daniela Hadorn\",\"image\":{\"@type\":\"ImageObject\",\"inLanguage\":\"de\",\"@id\":\"https:\/\/staging.danielahadorn.com\/#\/schema\/person\/image\/\",\"url\":\"https:\/\/staging.danielahadorn.com\/wp-content\/uploads\/2017\/09\/me.jpg\",\"contentUrl\":\"https:\/\/staging.danielahadorn.com\/wp-content\/uploads\/2017\/09\/me.jpg\",\"width\":315,\"height\":316,\"caption\":\"Daniela Hadorn\"},\"logo\":{\"@id\":\"https:\/\/staging.danielahadorn.com\/#\/schema\/person\/image\/\"},\"description\":\"Daniela is a spiritual teacher and medium. Daniela is not living up in the sky but with both feet on the ground. She is a no nonsense kind of person. Her biggest wish is for you to see her teachings and her mediumship as a catalyst for your own spiritual self development.\",\"sameAs\":[\"https:\/\/staging.danielahadorn.com\/\",\"https:\/\/www.facebook.com\/mediumdanielahadorn\/\"]}]}<\/script>\n<!-- \/ Yoast SEO plugin. -->","yoast_head_json":{"title":"Jenseitskontakte f\u00fcr Gruppen - sicher, privat und sch\u00f6n \u2b50\u2b50\u2b50\u2b50","description":"Jenseitskontakte f\u00fcr Gruppen oder Gruppen-Jenseitskontakte: W\u00e4hrend 1-2 Stunden mache ich f\u00fcr eine kleine private Gruppe Jenseitskontakte.","robots":{"index":"index","follow":"follow","max-snippet":"max-snippet:-1","max-image-preview":"max-image-preview:large","max-video-preview":"max-video-preview:-1"},"canonical":"https:\/\/staging.danielahadorn.com\/de\/jenseitskontakte-gruppen\/","twitter_card":"summary_large_image","twitter_title":"Jenseitskontakte f\u00fcr Gruppen - sicher, privat und sch\u00f6n \u2b50\u2b50\u2b50\u2b50","twitter_description":"Jenseitskontakte f\u00fcr Gruppen oder Gruppen-Jenseitskontakte: W\u00e4hrend 1-2 Stunden mache ich f\u00fcr eine kleine private Gruppe Jenseitskontakte.","twitter_misc":{"Gesch\u00e4tzte Lesezeit":"2\u00a0Minuten"},"schema":{"@context":"https:\/\/schema.org","@graph":[{"@type":"WebPage","@id":"https:\/\/staging.danielahadorn.com\/de\/jenseitskontakte-gruppen\/","url":"https:\/\/staging.danielahadorn.com\/de\/jenseitskontakte-gruppen\/","name":"Jenseitskontakte f\u00fcr Gruppen - sicher, privat und sch\u00f6n \u2b50\u2b50\u2b50\u2b50","isPartOf":{"@id":"https:\/\/staging.danielahadorn.com\/#website"},"datePublished":"2019-07-11T08:46:51+00:00","dateModified":"2019-07-11T10:50:45+00:00","description":"Jenseitskontakte f\u00fcr Gruppen oder Gruppen-Jenseitskontakte: W\u00e4hrend 1-2 Stunden mache ich f\u00fcr eine kleine private Gruppe Jenseitskontakte.","breadcrumb":{"@id":"https:\/\/staging.danielahadorn.com\/de\/jenseitskontakte-gruppen\/#breadcrumb"},"inLanguage":"de","potentialAction":[{"@type":"ReadAction","target":["https:\/\/staging.danielahadorn.com\/de\/jenseitskontakte-gruppen\/"]}]},{"@type":"BreadcrumbList","@id":"https:\/\/staging.danielahadorn.com\/de\/jenseitskontakte-gruppen\/#breadcrumb","itemListElement":[{"@type":"ListItem","position":1,"name":"Home","item":"https:\/\/staging.danielahadorn.com\/de\/"},{"@type":"ListItem","position":2,"name":"Jenseitskontakte f\u00fcr Gruppen"}]},{"@type":"WebSite","@id":"https:\/\/staging.danielahadorn.com\/#website","url":"https:\/\/staging.danielahadorn.com\/","name":"Daniela Hadorn","description":"Spirituelles Medium, sensitives Medium, Meditation, Advaita Vedanta","publisher":{"@id":"https:\/\/staging.danielahadorn.com\/#\/schema\/person\/24550df4140d753d0b2f54f438a7da7f"},"potentialAction":[{"@type":"SearchAction","target":{"@type":"EntryPoint","urlTemplate":"https:\/\/staging.danielahadorn.com\/?s={search_term_string}"},"query-input":"required name=search_term_string"}],"inLanguage":"de"},{"@type":["Person","Organization"],"@id":"https:\/\/staging.danielahadorn.com\/#\/schema\/person\/24550df4140d753d0b2f54f438a7da7f","name":"Daniela Hadorn","image":{"@type":"ImageObject","inLanguage":"de","@id":"https:\/\/staging.danielahadorn.com\/#\/schema\/person\/image\/","url":"https:\/\/staging.danielahadorn.com\/wp-content\/uploads\/2017\/09\/me.jpg","contentUrl":"https:\/\/staging.danielahadorn.com\/wp-content\/uploads\/2017\/09\/me.jpg","width":315,"height":316,"caption":"Daniela Hadorn"},"logo":{"@id":"https:\/\/staging.danielahadorn.com\/#\/schema\/person\/image\/"},"description":"Daniela is a spiritual teacher and medium. Daniela is not living up in the sky but with both feet on the ground. She is a no nonsense kind of person. Her biggest wish is for you to see her teachings and her mediumship as a catalyst for your own spiritual self development.","sameAs":["https:\/\/staging.danielahadorn.com\/","https:\/\/www.facebook.com\/mediumdanielahadorn\/"]}]}},"_links":{"self":[{"href":"https:\/\/staging.danielahadorn.com\/de\/wp-json\/wp\/v2\/pages\/40909","targetHints":{"allow":["GET"]}}],"collection":[{"href":"https:\/\/staging.danielahadorn.com\/de\/wp-json\/wp\/v2\/pages"}],"about":[{"href":"https:\/\/staging.danielahadorn.com\/de\/wp-json\/wp\/v2\/types\/page"}],"author":[{"embeddable":true,"href":"https:\/\/staging.danielahadorn.com\/de\/wp-json\/wp\/v2\/users\/2"}],"replies":[{"embeddable":true,"href":"https:\/\/staging.danielahadorn.com\/de\/wp-json\/wp\/v2\/comments?post=40909"}],"version-history":[{"count":3,"href":"https:\/\/staging.danielahadorn.com\/de\/wp-json\/wp\/v2\/pages\/40909\/revisions"}],"predecessor-version":[{"id":41003,"href":"https:\/\/staging.danielahadorn.com\/de\/wp-json\/wp\/v2\/pages\/40909\/revisions\/41003"}],"wp:attachment":[{"href":"https:\/\/staging.danielahadorn.com\/de\/wp-json\/wp\/v2\/media?parent=40909"}],"curies":[{"name":"wp","href":"https:\/\/api.w.org\/{rel}","templated":true}]}}