{"id":40899,"date":"2019-07-11T10:38:07","date_gmt":"2019-07-11T08:38:07","guid":{"rendered":"https:\/\/staging.danielahadorn.com\/?page_id=40899"},"modified":"2022-01-18T17:15:22","modified_gmt":"2022-01-18T16:15:22","slug":"jenseitskontakte","status":"publish","type":"page","link":"https:\/\/staging.danielahadorn.com\/de\/jenseitskontakte\/","title":{"rendered":"Jenseitskontakte mit Beweisen &middot; Schweiz &#038; Deutschland"},"content":{"rendered":"<h2 class=\"h3\">GESPR\u00c4CHE MIT VERSTORBENEN<\/h2>\n<p>Jenseitskontakte sind Gespr\u00e4che mit Verstorbenen. Unsere Liebsten sind nicht weggegangen, sie sind immer noch da. Ihren K\u00f6rper haben sie zwar abgelegt, doch ihre Energie, ihre Seele ist nach wie vor bei uns. Wie zu ihren Lebzeiten m\u00f6chten sie mit uns reden, uns begleiten und mit uns in Kontakt stehen. Als Medium nehme ich die Seelen aus dem Jenseits wahr. Ich stelle mich ihnen und Dir als Br\u00fccke f\u00fcr diese Kommunikation zur Verf\u00fcgung.<\/p>\n<p>Der Kontakt mit dem Jenseits ist oft eine ausserordentliche und heilende Erfahrung, die kaum mit Worten beschreibbar ist.<\/p>\n<h3>WIE IST DAS M\u00d6GLICH?<\/h3>\n<p>Es ist m\u00f6glich, weil Energie nicht einfach verschwindet, sondern sich umwandelt. Das ist ein physikalisches Gesetz. Wir haben einen physischen K\u00f6rper, der stirbt. Unsere Seele, unser Bewusstsein, diese Energie ist unsterblich. Ich bin offen daf\u00fcr, dass mein Bewusstsein \u00fcber die physikalischen f\u00fcnf Sinne hinaus geht. Deshalb kann ich mit Menschen kommunizieren, die physisch nicht mehr hier sind. Sie zeigen mir Bilder, ich h\u00f6re, was sie sagen wollen, f\u00fchle ihre Gef\u00fchle und weiss einfach, was sie mir und somit Dir \u00fcbermitteln wollen.<\/p>\n<p>Ich bin aber keinesfalls in Trance, wenn ich als <a href=\"https:\/\/staging.danielahadorn.com\/de\/\">Medium<\/a> arbeite. Ich bin voll da und meiner Umgebung bewusst, konzentriert und wachsam. Dazu benutze ich alle meine Hellsinne wie Hellsehen, Hellh\u00f6ren, Hellf\u00fchlen und Hellwissen. Ich empfange, interpretiere und rede, alles gleichzeitig.<\/p>\n<p>All das ist gleichzeitig m\u00f6glich, weil ich das intensiv trainiert habe und nat\u00fcrlich ein gewisses Talent daf\u00fcr mitbringe. Medialit\u00e4t ist bis zu einem gewissen Grad f\u00fcr alle lernbar. Es braucht Zeit, Interesse, professionelle Ausbildung, Arbeit an sich selbst und Talent.<\/p>\n<h3>MEIN WEG ZUM MEDIUM<\/h3>\n<p>Medium zu sein ist meine Berufung. Seit Kindheit hatte ich diese F\u00e4higkeiten. Trotzdem habe ich mich intensiv \u00fcber Jahre zum Medium ausgebildet. Ich habe nicht nur Wochenend- oder Wochenkurse besucht. Sondern zwei intensive Jahresausbildungen gemacht. Dabei wurden alle Aspekte der mentalen Medialit\u00e4t trainiert, inklusive Theorie, schriftliche und m\u00fcndliche Pr\u00fcfungen und Auftritte vor Publikum in Jenseitskontakten und \u00f6ffentlichen Ansprachen.<\/p>\n<p>Da es in der Schweiz keine Regulierungen f\u00fcr diesen Beruf gibt, habe ich mich in England ausbilden lassen. In England ist der Spiritualismus eine anerkannte Religion und ist deshalb am meisten reguliert, mit klaren und einheitlichen Regeln. In den spiritualistischen Kirchen treten Medien regelm\u00e4ssig auf. Sie m\u00fcssen jedoch zertifiziert und gepr\u00fcft sein, um das tun zu d\u00fcrfen.<\/p>\n<p>Die \u00f6ffentlichen Auftritte als Medium habe ich speziell bei Andy Byng und Mavis Pittilla in England ausbilden lassen und durfte dabei auch regelm\u00e4ssig in den Kirchen auftreten. Aber ich lernte genauso private Sitzungen zu halten, Blindkontakte zu geben, Auras zu lesen, online zu arbeiten, inspirierende Reden zu halten und einiges mehr. Normalerweise dauern mediale Ausbildungen viel l\u00e4nger als drei Jahre. Durch das mitgebrachte Talent und die jahrelange Arbeit an meiner Pers\u00f6nlichkeit hatte ich schon ein solides Fundament, um schneller als gew\u00f6hnlich die Ausbildung und die Pr\u00fcfungen zu bestehen. Medium zu sein ist ein Beruf und sollte wirklich gelernt werden. Talent ist zwar eine Voraussetzung, jedoch gen\u00fcgt das alleine nicht.<\/p>\n<h3>MEIN ANGEBOT ALS JENSEITSMEDIUM<\/h3>\n<p>Es gibt verschiedene M\u00f6glichkeiten, wie Du Botschaften aus dem Jenseits mit mir erleben kannst:<\/p>\n<ul>\n<li><a href=\"https:\/\/staging.danielahadorn.com\/de\/produkt\/jenseitskontakte-private-sitzung\/\">Private Sitzung f\u00fcr Jenseitskontakte<\/a>, entweder online \u00fcber Skype oder Zoom, per Telefon, oder vor Ort in Boningen SO (30-40 Fahrminuten von Bern, Basel, Luzern &amp; Z\u00fcrich, momentan keine Sitzungen vor Ort)<\/li>\n<li><a href=\"\/de\/product\/live-online-jenseitskontakte\/\">\u00d6ffentliche Jenseitskontakte<\/a> online<\/li>\n<li><a href=\"https:\/\/staging.danielahadorn.com\/de\/produkt\/medialer-abend-oeffentliche-jenseitskontakte\/\">Medialer Abend<\/a> in Olten SO, mit Blindkontakten (momentan keine Veranstaltungen)<\/li>\n<li><a href=\"https:\/\/staging.danielahadorn.com\/de\/jenseitskontakte-gruppen\/\">Jenseitskontakte f\u00fcr Gruppen<\/a><\/li>\n<li>Willst Du die Medialit\u00e4t erlernen<strong>: <a href=\"\/de\/medium-ausbildung\/\">Medium Ausbildung<\/a><\/strong><\/li>\n<\/ul>\n<p>Auch wenn Du nicht in meiner N\u00e4he wohnst, kannst Du eine private Sitzung einfach online oder per Telefon erhalten. Es gibt keinen Qualit\u00e4tsunterschied.<\/p>\n<div class=\"gbox gbox-full\"><h3>NEU IM ANGEBOT<\/h3>\n<p><strong><span style=\"color: #cc0099;\">KOSTENLOS SOULTALK &#8211; WAS DU SCHON IMMER \u00dcBER DIE MEDIALIT\u00c4T WISSEN WOLLTEST<\/span><\/strong><br \/>\nDer <a href=\"\/de\/product\/soul-talk-medialitaet-kostenlos\/\">Soultalk<\/a> findet am 20. August 2023 kostenlos auf Zoom statt.<\/p>\n<p><strong><span style=\"color: #cc0099;\">MEDIUM COACHING<\/span><\/strong><br \/>\nNeu biete ich individuelle Eins zu Eins <a href=\"\/de\/product\/medium-coaching\/\">Medium Coachings<\/a> bzw. Mentoring f\u00fcr angehende Medien an. Die Sitzungen sind individuell auf Deine Bed\u00fcrfnisse zugeschnitten, damit Deine Fortschritte gr\u00f6sser sind.<\/p>\n<h3>MEDIALE KURSE<\/h3>\n<p><strong><span style=\"color: #cc0099;\">ONLINEKURS BIN ICH MEDIAL &#8211; ERSTE SCHRITTE IN DIE MEDIALIT\u00c4T<\/span><\/strong><br \/>\nDieser <a href=\"\/de\/product\/bin-ich-medial-onlinekurs\/\">Onlinekurs<\/a> findet am <strong>26. August 2023<\/strong> statt. Er gibt Dir die M\u00f6glichkeit, Deine eigenen medialen F\u00e4higkeiten zu entdecken und Deiner Wahrnehmung zu vertrauen.<\/p>\n<p><strong><span style=\"color: #cc0099;\">ONLINEKURS AURAFARBEN<\/span><\/strong><br \/>\nDieser zweiteilige <a href=\"\/de\/product\/onlinekurs-vertiefung-der-jenseitskontakte\/\">Onlinekurs<\/a> findet am <strong>1. und 2. September 2023<\/strong> statt. Wir lernen alles \u00fcber die Aurafarben. Und nat\u00fcrlich lernst Du die Aura f\u00fcr Menschen im Diesseits und Jenseits zu lesen.<\/p>\n<p><strong><span style=\"color: #cc0099;\">ONLINEKURS JENSEITSKONTAKTE<\/span><\/strong><br \/>\nDieser zweiteilige <a href=\"\/de\/product\/onlinekurs-vertiefung-der-jenseitskontakte\/\">Onlinekurs<\/a> findet am <strong>15. und 16. September 2022<\/strong> statt. Dabei bringen wir unsere Jenseitskontakte auf den n\u00e4chsten Level. Wir lernen konkreter zu werden und Kontakte l\u00e4nger zu halten.<\/p>\n<h3 class=\"p1\"><b>MEDIALE JAHRESAUSBILDUNGEN<\/b><\/h3>\n<p class=\"p2\"><span style=\"color: #cc0099;\"><b>JAHRESAUSBILDUNG 2024 IN DER SCHWEIZ<\/b><\/span><br \/>\nDie <a href=\"applewebdata:\/\/838E11C8-5816-4CAB-BB48-1862F24C22AD\/de\/jahresausbildung\/\"><span class=\"s1\">Jahresausbildung<\/span><\/a> in Aarau startet bei gen\u00fcgend Interesse im <b>M\u00e4rz 2024<\/b>. Die Pl\u00e4tze sind sehr begrenzt, also reserviere so bald als m\u00f6glich. Ich freue mich darauf, intensiv mit einer kleinen Gruppe zu arbeiten!<\/p>\n<p>Bist Du dabei? Ich freue mich auf Dich! \u2764\ufe0f<\/p>\n<\/div>\n<h3>JENSEITSKONTAKTE ONLINE<\/h3>\n<p>Viele wollen heute noch immer direkt das Medium vor sich haben und eine private Sitzung vor Ort buchen. Aber es gibt immer mehr Menschen, die auch offen daf\u00fcr sind, Jenseitskontakte online zu halten. Es ist meistens um ein Vielfaches bequemer von zu Hause aus, als zu reisen. Das hat verschiedene Gr\u00fcnde:<\/p>\n<ul>\n<li>Mobilit\u00e4t; ist man k\u00f6rperlich nicht mehr mobil, eignen sich private Sitzungen online.<\/li>\n<li>Lange Anreise; durch Jenseitskontakte online kann man Stau umgehen und hat gar keinen Zeitverlust.<\/li>\n<li>Ausland; lebst Du in Deutschland, \u00d6sterreich, Holland, Italien, Spanien, England, Amerika oder sonst wo, dann ist online perfekt.<\/li>\n<li>Kinder und Arbeit; wenn Du Kinder hast oder beruflich sehr eingebunden bist, sparst Du Dir viel Zeit und Stress durch online Jenseitskontakte.<\/li>\n<li>Umwelt; in der heutigen Zeit sind private Sitzungen online viel umweltschonender.<\/li>\n<\/ul>\n<p>Jenseitskontakte online sind wirklich genauso gut wie private Sitzungen vor Ort. Du siehst und h\u00f6rst mich. Noch wichtiger ist, dass Du ebenfalls die Pr\u00e4senz Deiner Liebsten f\u00fchlst, egal wo ich als Medium bin. Ich erhalte die Informationen \u00fcber die Verstorbenen nicht von Dir, sondern direkt von ihnen. F\u00fcr sie spielt es keine Rolle, ob wir r\u00e4umlich getrennt sind oder nicht. Ehrlich gesagt ist ihnen praktisch jedes Mittel recht, um mit uns zu kommunizieren. Das Band der Liebe \u00fcberwindet jede Distanz.<\/p>\n","protected":false},"excerpt":{"rendered":"<p>GESPR\u00c4CHE MIT VERSTORBENEN Jenseitskontakte sind Gespr\u00e4che mit Verstorbenen. Unsere Liebsten sind nicht weggegangen, sie sind immer noch da. Ihren K\u00f6rper haben sie zwar abgelegt, doch ihre Energie, ihre Seele ist nach wie vor bei uns. Wie zu ihren Lebzeiten m\u00f6chten sie mit uns reden, uns begleiten und mit uns in Kontakt stehen. Als Medium nehme [&hellip;]<\/p>\n","protected":false},"author":2,"featured_media":0,"parent":0,"menu_order":0,"comment_status":"closed","ping_status":"closed","template":"","meta":{"pmpro_default_level":0,"footnotes":""},"class_list":["post-40899","page","type-page","status-publish","hentry","pmpro-has-access"],"acf":[],"yoast_head":"<!-- This site is optimized with the Yoast SEO plugin v22.9 - https:\/\/yoast.com\/wordpress\/plugins\/seo\/ -->\n<title>Jenseitskontakte mit Beweisen &middot; Schweiz &amp; Deutschland \u2b50\u2b50\u2b50\u2b50\u2b50<\/title>\n<meta name=\"description\" content=\"Jenseitskontakte mit klaren Beweisen bringen Heilung, Trost, Liebe, Kraft und Hoffnung. Erhalte liebevolle Botschaften von Verstorbenen.\" \/>\n<meta name=\"robots\" content=\"index, follow, max-snippet:-1, max-image-preview:large, max-video-preview:-1\" \/>\n<link rel=\"canonical\" href=\"https:\/\/staging.danielahadorn.com\/de\/jenseitskontakte\/\" \/>\n<meta name=\"twitter:card\" content=\"summary_large_image\" \/>\n<meta name=\"twitter:title\" content=\"Jenseitskontakte mit Beweisen &middot; Schweiz &amp; Deutschland \u2b50\u2b50\u2b50\u2b50\u2b50\" \/>\n<meta name=\"twitter:description\" content=\"Jenseitskontakte mit klaren Beweisen bringen Heilung, Trost, Liebe, Kraft und Hoffnung. Erhalte liebevolle Botschaften von Verstorbenen.\" \/>\n<meta name=\"twitter:label1\" content=\"Gesch\u00e4tzte Lesezeit\" \/>\n\t<meta name=\"twitter:data1\" content=\"4\u00a0Minuten\" \/>\n<script type=\"application\/ld+json\" class=\"yoast-schema-graph\">{\"@context\":\"https:\/\/schema.org\",\"@graph\":[{\"@type\":\"WebPage\",\"@id\":\"https:\/\/staging.danielahadorn.com\/de\/jenseitskontakte\/\",\"url\":\"https:\/\/staging.danielahadorn.com\/de\/jenseitskontakte\/\",\"name\":\"Jenseitskontakte mit Beweisen &middot; Schweiz & Deutschland \u2b50\u2b50\u2b50\u2b50\u2b50\",\"isPartOf\":{\"@id\":\"https:\/\/staging.danielahadorn.com\/#website\"},\"datePublished\":\"2019-07-11T08:38:07+00:00\",\"dateModified\":\"2022-01-18T16:15:22+00:00\",\"description\":\"Jenseitskontakte mit klaren Beweisen bringen Heilung, Trost, Liebe, Kraft und Hoffnung. Erhalte liebevolle Botschaften von Verstorbenen.\",\"breadcrumb\":{\"@id\":\"https:\/\/staging.danielahadorn.com\/de\/jenseitskontakte\/#breadcrumb\"},\"inLanguage\":\"de\",\"potentialAction\":[{\"@type\":\"ReadAction\",\"target\":[\"https:\/\/staging.danielahadorn.com\/de\/jenseitskontakte\/\"]}]},{\"@type\":\"BreadcrumbList\",\"@id\":\"https:\/\/staging.danielahadorn.com\/de\/jenseitskontakte\/#breadcrumb\",\"itemListElement\":[{\"@type\":\"ListItem\",\"position\":1,\"name\":\"Home\",\"item\":\"https:\/\/staging.danielahadorn.com\/de\/\"},{\"@type\":\"ListItem\",\"position\":2,\"name\":\"Jenseitskontakte mit Beweisen &middot; Schweiz &#038; Deutschland\"}]},{\"@type\":\"WebSite\",\"@id\":\"https:\/\/staging.danielahadorn.com\/#website\",\"url\":\"https:\/\/staging.danielahadorn.com\/\",\"name\":\"Daniela Hadorn\",\"description\":\"Spirituelles Medium, sensitives Medium, Meditation, Advaita Vedanta\",\"publisher\":{\"@id\":\"https:\/\/staging.danielahadorn.com\/#\/schema\/person\/24550df4140d753d0b2f54f438a7da7f\"},\"potentialAction\":[{\"@type\":\"SearchAction\",\"target\":{\"@type\":\"EntryPoint\",\"urlTemplate\":\"https:\/\/staging.danielahadorn.com\/?s={search_term_string}\"},\"query-input\":\"required name=search_term_string\"}],\"inLanguage\":\"de\"},{\"@type\":[\"Person\",\"Organization\"],\"@id\":\"https:\/\/staging.danielahadorn.com\/#\/schema\/person\/24550df4140d753d0b2f54f438a7da7f\",\"name\":\"Daniela Hadorn\",\"image\":{\"@type\":\"ImageObject\",\"inLanguage\":\"de\",\"@id\":\"https:\/\/staging.danielahadorn.com\/#\/schema\/person\/image\/\",\"url\":\"https:\/\/staging.danielahadorn.com\/wp-content\/uploads\/2017\/09\/me.jpg\",\"contentUrl\":\"https:\/\/staging.danielahadorn.com\/wp-content\/uploads\/2017\/09\/me.jpg\",\"width\":315,\"height\":316,\"caption\":\"Daniela Hadorn\"},\"logo\":{\"@id\":\"https:\/\/staging.danielahadorn.com\/#\/schema\/person\/image\/\"},\"description\":\"Daniela is a spiritual teacher and medium. Daniela is not living up in the sky but with both feet on the ground. She is a no nonsense kind of person. Her biggest wish is for you to see her teachings and her mediumship as a catalyst for your own spiritual self development.\",\"sameAs\":[\"https:\/\/staging.danielahadorn.com\/\",\"https:\/\/www.facebook.com\/mediumdanielahadorn\/\"]}]}<\/script>\n<!-- \/ Yoast SEO plugin. -->","yoast_head_json":{"title":"Jenseitskontakte mit Beweisen &middot; Schweiz & Deutschland \u2b50\u2b50\u2b50\u2b50\u2b50","description":"Jenseitskontakte mit klaren Beweisen bringen Heilung, Trost, Liebe, Kraft und Hoffnung. Erhalte liebevolle Botschaften von Verstorbenen.","robots":{"index":"index","follow":"follow","max-snippet":"max-snippet:-1","max-image-preview":"max-image-preview:large","max-video-preview":"max-video-preview:-1"},"canonical":"https:\/\/staging.danielahadorn.com\/de\/jenseitskontakte\/","twitter_card":"summary_large_image","twitter_title":"Jenseitskontakte mit Beweisen &middot; Schweiz & Deutschland \u2b50\u2b50\u2b50\u2b50\u2b50","twitter_description":"Jenseitskontakte mit klaren Beweisen bringen Heilung, Trost, Liebe, Kraft und Hoffnung. Erhalte liebevolle Botschaften von Verstorbenen.","twitter_misc":{"Gesch\u00e4tzte Lesezeit":"4\u00a0Minuten"},"schema":{"@context":"https:\/\/schema.org","@graph":[{"@type":"WebPage","@id":"https:\/\/staging.danielahadorn.com\/de\/jenseitskontakte\/","url":"https:\/\/staging.danielahadorn.com\/de\/jenseitskontakte\/","name":"Jenseitskontakte mit Beweisen &middot; Schweiz & Deutschland \u2b50\u2b50\u2b50\u2b50\u2b50","isPartOf":{"@id":"https:\/\/staging.danielahadorn.com\/#website"},"datePublished":"2019-07-11T08:38:07+00:00","dateModified":"2022-01-18T16:15:22+00:00","description":"Jenseitskontakte mit klaren Beweisen bringen Heilung, Trost, Liebe, Kraft und Hoffnung. Erhalte liebevolle Botschaften von Verstorbenen.","breadcrumb":{"@id":"https:\/\/staging.danielahadorn.com\/de\/jenseitskontakte\/#breadcrumb"},"inLanguage":"de","potentialAction":[{"@type":"ReadAction","target":["https:\/\/staging.danielahadorn.com\/de\/jenseitskontakte\/"]}]},{"@type":"BreadcrumbList","@id":"https:\/\/staging.danielahadorn.com\/de\/jenseitskontakte\/#breadcrumb","itemListElement":[{"@type":"ListItem","position":1,"name":"Home","item":"https:\/\/staging.danielahadorn.com\/de\/"},{"@type":"ListItem","position":2,"name":"Jenseitskontakte mit Beweisen &middot; Schweiz &#038; Deutschland"}]},{"@type":"WebSite","@id":"https:\/\/staging.danielahadorn.com\/#website","url":"https:\/\/staging.danielahadorn.com\/","name":"Daniela Hadorn","description":"Spirituelles Medium, sensitives Medium, Meditation, Advaita Vedanta","publisher":{"@id":"https:\/\/staging.danielahadorn.com\/#\/schema\/person\/24550df4140d753d0b2f54f438a7da7f"},"potentialAction":[{"@type":"SearchAction","target":{"@type":"EntryPoint","urlTemplate":"https:\/\/staging.danielahadorn.com\/?s={search_term_string}"},"query-input":"required name=search_term_string"}],"inLanguage":"de"},{"@type":["Person","Organization"],"@id":"https:\/\/staging.danielahadorn.com\/#\/schema\/person\/24550df4140d753d0b2f54f438a7da7f","name":"Daniela Hadorn","image":{"@type":"ImageObject","inLanguage":"de","@id":"https:\/\/staging.danielahadorn.com\/#\/schema\/person\/image\/","url":"https:\/\/staging.danielahadorn.com\/wp-content\/uploads\/2017\/09\/me.jpg","contentUrl":"https:\/\/staging.danielahadorn.com\/wp-content\/uploads\/2017\/09\/me.jpg","width":315,"height":316,"caption":"Daniela Hadorn"},"logo":{"@id":"https:\/\/staging.danielahadorn.com\/#\/schema\/person\/image\/"},"description":"Daniela is a spiritual teacher and medium. Daniela is not living up in the sky but with both feet on the ground. She is a no nonsense kind of person. Her biggest wish is for you to see her teachings and her mediumship as a catalyst for your own spiritual self development.","sameAs":["https:\/\/staging.danielahadorn.com\/","https:\/\/www.facebook.com\/mediumdanielahadorn\/"]}]}},"_links":{"self":[{"href":"https:\/\/staging.danielahadorn.com\/de\/wp-json\/wp\/v2\/pages\/40899","targetHints":{"allow":["GET"]}}],"collection":[{"href":"https:\/\/staging.danielahadorn.com\/de\/wp-json\/wp\/v2\/pages"}],"about":[{"href":"https:\/\/staging.danielahadorn.com\/de\/wp-json\/wp\/v2\/types\/page"}],"author":[{"embeddable":true,"href":"https:\/\/staging.danielahadorn.com\/de\/wp-json\/wp\/v2\/users\/2"}],"replies":[{"embeddable":true,"href":"https:\/\/staging.danielahadorn.com\/de\/wp-json\/wp\/v2\/comments?post=40899"}],"version-history":[{"count":71,"href":"https:\/\/staging.danielahadorn.com\/de\/wp-json\/wp\/v2\/pages\/40899\/revisions"}],"predecessor-version":[{"id":64786,"href":"https:\/\/staging.danielahadorn.com\/de\/wp-json\/wp\/v2\/pages\/40899\/revisions\/64786"}],"wp:attachment":[{"href":"https:\/\/staging.danielahadorn.com\/de\/wp-json\/wp\/v2\/media?parent=40899"}],"curies":[{"name":"wp","href":"https:\/\/api.w.org\/{rel}","templated":true}]}}