{"id":1684,"date":"2018-08-17T18:09:37","date_gmt":"2018-08-17T15:09:37","guid":{"rendered":"https:\/\/staging.danielahadorn.com\/?page_id=1684"},"modified":"2023-07-10T16:29:27","modified_gmt":"2023-07-10T14:29:27","slug":"events","status":"publish","type":"page","link":"https:\/\/staging.danielahadorn.com\/de\/events\/","title":{"rendered":"Events &#8211; \u00d6ffentliche Jenseitskontakte, Seminare in Medialit\u00e4t"},"content":{"rendered":"<h2 class=\"h3\">Seminare, Kurse in Medialit\u00e4t und Meditation<\/h2>\n<p>Daniela bietet mediale Kurse sowie mediale Seminare online oder pers\u00f6nlich an. Diese beinhalten viele praktische \u00dcbungen aber auch Erkl\u00e4rungen und Informationen \u00fcber die Medialit\u00e4t. Es wichtig, dass Sch\u00fcler ein breites und tiefes Verst\u00e4ndnis erhalten.<\/p>\n<p class=\"font_8\"><a href=\"https:\/\/staging.danielahadorn.com\/de\/ueber\/\">Medium Daniela<\/a> hat Ihre <a href=\"https:\/\/staging.danielahadorn.com\/de\/kategorie\/medialitaet\/\">Medialit\u00e4t<\/a> \u00fcber Jahre in England und in der Schweiz ausgebildet, studiert, vertieft und weiterentwickelt. Sie besitzt zudem ein grosses Wissen in <a href=\"https:\/\/staging.danielahadorn.com\/de\/kategorie\/spiritualitaet\/\">Spiritualit\u00e4t<\/a>, Religion, Philosophie, <a href=\"https:\/\/staging.danielahadorn.com\/de\/meditation-lernen\/\">Meditation<\/a>, Sprechen, <a href=\"\/de\/produkt\/mediale-beratung\/\">Lebensberatung<\/a> und Coaching. Daniela liebt es, ihre Freude und Erfahrung, welche sie durch ihr eigenes Lernen ansammeln konnte, zu teilen.<\/p>\n<p class=\"font_8\">Daniela lehrt auf eine liebevolle, ehrliche und praktische Art und Weise. Sie w\u00fcnscht sich, dass die Sch\u00fcler ihre St\u00e4rken ausleben k\u00f6nnen, an Selbstvertrauen gewinnen und ihre F\u00e4higkeiten entdecken. Aber auch, dass sie sehen, wer sie wirklich sind. Deshalb erschafft sie eine Umgebung, worin sich die Menschen unterst\u00fctzt, verstanden, wohl und sicher f\u00fchlen. Der Unterricht ist intensiv und harte Arbeit, aber es lohnt sich.<\/p>\n<p>Jeder Kurs, jedes mediales Seminar, jede <strong><a href=\"\/de\/medium-ausbildung\/\">mediale Ausbildung<\/a><\/strong>, jede Gruppe und jeder Teilnehmer ist anders. Bei allen Kursen geht Daniela auf jede Person und jede Gruppe ein und passt dementsprechend die Inhalte an. Sie holt Dich und die Gruppe da ab, wo Du stehst \/ sie steht. Die individuelle Betreuung und Unterst\u00fctzung sind ihr sehr wichtig. Deshalb werden max. 12 Teilnehmer akzeptiert.<\/p>\n<h2 class=\"h3\">Mediale Abende und \u00f6ffentliche Jenseitskontakte<\/h2>\n<p class=\"font_8\">Daniela liebt es als <a title=\"Schweizer Medium\" href=\"\/de\/\">Medium in der Schweiz<\/a> und weltweit auf der B\u00fchne zu stehen und <a href=\"https:\/\/staging.danielahadorn.com\/de\/jenseitskontakte\/\">Jenseitskontakte<\/a> f\u00fcr das Publikum herzustellen. Hier kann man als Zuschauer die Magie und die Sch\u00f6nheit dieser Kontakte mit der geistigen Welt direkt erfahren. Daniela Hadorn erbringt Beweise f\u00fcr ein Leben nach dem Tod \u00fcber \u00fcbermittelt Nachrichten aus dem Jenseits. Sie erz\u00e4hlt die Lebensgeschichte der Verstorbenen und wie sie ihr Leben hier auf Erden gelebt haben. Aber wir liefern mehr als nur Fakten.<\/p>\n<p>Bei jedem Auftritt erleben wir auch Gef\u00fchle. Und wir werden zudem dazu aufgefordert, \u00fcber das Leben nachzudenken. Wir lernen, dass die Verstorbenen immer noch Personen sind, sie sind immer noch menschlich. Sie sind nur ein Atemzug von uns entfernt und lieben uns sehr. Gute <a href=\"https:\/\/staging.danielahadorn.com\/de\/events-kategorie\/oeffentliche-jenseitskontakte\/\">\u00f6ffentliche Jenseitskontakte<\/a> ber\u00fchren uns, bringen uns zum Lachen, schenken uns Trost und machen uns gl\u00fccklich. Ja, manchmal fliessen auch Tr\u00e4nen, gl\u00fcckliche sowie auch traurige. Egal ob unsere Liebsten mit uns sprechen oder wir andere h\u00f6ren, birgt jeder Kontakt auch Botschaften f\u00fcr uns pers\u00f6nlich.<\/p>\n<p>Diese live Auftritte geben Dir die M\u00f6glichkeit, Danielas mediale Arbeit direkt zu erleben. Daniela Hadorn tritt alleine, oder mit ausgew\u00e4hlten Medien, welche die gleiche Arbeitsweise teilen, auf.<\/p>\n<p>Mit den live Auftritten und Seminaren erreicht Daniela Hadorn jedes Jahr immer mehr Menschen, die sich mit dem Leben nach dem Tod, aber auch mit den Fragen des Lebens generell besch\u00e4ftigen. Die Auftritte finden vor Ort und online, sowie auf der ganzen Welt statt, oder in der Schweiz (Z\u00fcrich, Aarau, Olten, Bern). Daniela kann man international f\u00fcr Auftritte und Seminare buchen, bitte nimm hierzu direkt mit ihr <a href=\"mailto:info@danielahadorn.com\">Kontakt<\/a> auf.<\/p>\n<p>Ich freue mich schon jetzt Dich bald kennenzulernen und einen Abend oder einen ganzen Kurs mit Dir zu verbringen.<\/p>\n<p>Viel Liebe<br \/>\nDaniela<\/p>\n","protected":false},"excerpt":{"rendered":"<p>Seminare, Kurse in Medialit\u00e4t und Meditation Daniela bietet mediale Kurse sowie mediale Seminare online oder pers\u00f6nlich an. Diese beinhalten viele praktische \u00dcbungen aber auch Erkl\u00e4rungen und Informationen \u00fcber die Medialit\u00e4t. Es wichtig, dass Sch\u00fcler ein breites und tiefes Verst\u00e4ndnis erhalten. Medium Daniela hat Ihre Medialit\u00e4t \u00fcber Jahre in England und in der Schweiz ausgebildet, studiert, [&hellip;]<\/p>\n","protected":false},"author":2,"featured_media":0,"parent":0,"menu_order":23,"comment_status":"closed","ping_status":"closed","template":"","meta":{"pmpro_default_level":0,"footnotes":""},"class_list":["post-1684","page","type-page","status-publish","hentry","pmpro-has-access"],"acf":[],"yoast_head":"<!-- This site is optimized with the Yoast SEO plugin v22.9 - https:\/\/yoast.com\/wordpress\/plugins\/seo\/ -->\n<title>Events - \u00d6ffentliche Jenseitskontakte, Seminare in Medialit\u00e4t \u2b50\u2b50\u2b50\u2b50<\/title>\n<meta name=\"description\" content=\"Events: \u00d6ffentliche Jenseitskontakte live erleben. Seminare in Medialit\u00e4t und Meditation. Entwickle mediale F\u00e4higkeiten mit vielen praktischen \u00dcbungen.\" \/>\n<meta name=\"robots\" content=\"index, follow, max-snippet:-1, max-image-preview:large, max-video-preview:-1\" \/>\n<link rel=\"canonical\" href=\"https:\/\/staging.danielahadorn.com\/de\/events\/\" \/>\n<meta name=\"twitter:card\" content=\"summary_large_image\" \/>\n<meta name=\"twitter:title\" content=\"Events - \u00d6ffentliche Jenseitskontakte, Seminare in Medialit\u00e4t \u2b50\u2b50\u2b50\u2b50\" \/>\n<meta name=\"twitter:description\" content=\"Events: \u00d6ffentliche Jenseitskontakte live erleben. Seminare in Medialit\u00e4t und Meditation. Entwickle mediale F\u00e4higkeiten mit vielen praktischen \u00dcbungen.\" \/>\n<meta name=\"twitter:label1\" content=\"Gesch\u00e4tzte Lesezeit\" \/>\n\t<meta name=\"twitter:data1\" content=\"3\u00a0Minuten\" \/>\n<script type=\"application\/ld+json\" class=\"yoast-schema-graph\">{\"@context\":\"https:\/\/schema.org\",\"@graph\":[{\"@type\":\"WebPage\",\"@id\":\"https:\/\/staging.danielahadorn.com\/de\/events\/\",\"url\":\"https:\/\/staging.danielahadorn.com\/de\/events\/\",\"name\":\"Events - \u00d6ffentliche Jenseitskontakte, Seminare in Medialit\u00e4t \u2b50\u2b50\u2b50\u2b50\",\"isPartOf\":{\"@id\":\"https:\/\/staging.danielahadorn.com\/#website\"},\"datePublished\":\"2018-08-17T15:09:37+00:00\",\"dateModified\":\"2023-07-10T14:29:27+00:00\",\"description\":\"Events: \u00d6ffentliche Jenseitskontakte live erleben. Seminare in Medialit\u00e4t und Meditation. Entwickle mediale F\u00e4higkeiten mit vielen praktischen \u00dcbungen.\",\"breadcrumb\":{\"@id\":\"https:\/\/staging.danielahadorn.com\/de\/events\/#breadcrumb\"},\"inLanguage\":\"de\",\"potentialAction\":[{\"@type\":\"ReadAction\",\"target\":[\"https:\/\/staging.danielahadorn.com\/de\/events\/\"]}]},{\"@type\":\"BreadcrumbList\",\"@id\":\"https:\/\/staging.danielahadorn.com\/de\/events\/#breadcrumb\",\"itemListElement\":[{\"@type\":\"ListItem\",\"position\":1,\"name\":\"Home\",\"item\":\"https:\/\/staging.danielahadorn.com\/de\/\"},{\"@type\":\"ListItem\",\"position\":2,\"name\":\"Events &#8211; \u00d6ffentliche Jenseitskontakte, Seminare in Medialit\u00e4t\"}]},{\"@type\":\"WebSite\",\"@id\":\"https:\/\/staging.danielahadorn.com\/#website\",\"url\":\"https:\/\/staging.danielahadorn.com\/\",\"name\":\"Daniela Hadorn\",\"description\":\"Spirituelles Medium, sensitives Medium, Meditation, Advaita Vedanta\",\"publisher\":{\"@id\":\"https:\/\/staging.danielahadorn.com\/#\/schema\/person\/24550df4140d753d0b2f54f438a7da7f\"},\"potentialAction\":[{\"@type\":\"SearchAction\",\"target\":{\"@type\":\"EntryPoint\",\"urlTemplate\":\"https:\/\/staging.danielahadorn.com\/?s={search_term_string}\"},\"query-input\":\"required name=search_term_string\"}],\"inLanguage\":\"de\"},{\"@type\":[\"Person\",\"Organization\"],\"@id\":\"https:\/\/staging.danielahadorn.com\/#\/schema\/person\/24550df4140d753d0b2f54f438a7da7f\",\"name\":\"Daniela Hadorn\",\"image\":{\"@type\":\"ImageObject\",\"inLanguage\":\"de\",\"@id\":\"https:\/\/staging.danielahadorn.com\/#\/schema\/person\/image\/\",\"url\":\"https:\/\/staging.danielahadorn.com\/wp-content\/uploads\/2017\/09\/me.jpg\",\"contentUrl\":\"https:\/\/staging.danielahadorn.com\/wp-content\/uploads\/2017\/09\/me.jpg\",\"width\":315,\"height\":316,\"caption\":\"Daniela Hadorn\"},\"logo\":{\"@id\":\"https:\/\/staging.danielahadorn.com\/#\/schema\/person\/image\/\"},\"description\":\"Daniela is a spiritual teacher and medium. Daniela is not living up in the sky but with both feet on the ground. She is a no nonsense kind of person. Her biggest wish is for you to see her teachings and her mediumship as a catalyst for your own spiritual self development.\",\"sameAs\":[\"https:\/\/staging.danielahadorn.com\/\",\"https:\/\/www.facebook.com\/mediumdanielahadorn\/\"]}]}<\/script>\n<!-- \/ Yoast SEO plugin. -->","yoast_head_json":{"title":"Events - \u00d6ffentliche Jenseitskontakte, Seminare in Medialit\u00e4t \u2b50\u2b50\u2b50\u2b50","description":"Events: \u00d6ffentliche Jenseitskontakte live erleben. Seminare in Medialit\u00e4t und Meditation. Entwickle mediale F\u00e4higkeiten mit vielen praktischen \u00dcbungen.","robots":{"index":"index","follow":"follow","max-snippet":"max-snippet:-1","max-image-preview":"max-image-preview:large","max-video-preview":"max-video-preview:-1"},"canonical":"https:\/\/staging.danielahadorn.com\/de\/events\/","twitter_card":"summary_large_image","twitter_title":"Events - \u00d6ffentliche Jenseitskontakte, Seminare in Medialit\u00e4t \u2b50\u2b50\u2b50\u2b50","twitter_description":"Events: \u00d6ffentliche Jenseitskontakte live erleben. Seminare in Medialit\u00e4t und Meditation. Entwickle mediale F\u00e4higkeiten mit vielen praktischen \u00dcbungen.","twitter_misc":{"Gesch\u00e4tzte Lesezeit":"3\u00a0Minuten"},"schema":{"@context":"https:\/\/schema.org","@graph":[{"@type":"WebPage","@id":"https:\/\/staging.danielahadorn.com\/de\/events\/","url":"https:\/\/staging.danielahadorn.com\/de\/events\/","name":"Events - \u00d6ffentliche Jenseitskontakte, Seminare in Medialit\u00e4t \u2b50\u2b50\u2b50\u2b50","isPartOf":{"@id":"https:\/\/staging.danielahadorn.com\/#website"},"datePublished":"2018-08-17T15:09:37+00:00","dateModified":"2023-07-10T14:29:27+00:00","description":"Events: \u00d6ffentliche Jenseitskontakte live erleben. Seminare in Medialit\u00e4t und Meditation. Entwickle mediale F\u00e4higkeiten mit vielen praktischen \u00dcbungen.","breadcrumb":{"@id":"https:\/\/staging.danielahadorn.com\/de\/events\/#breadcrumb"},"inLanguage":"de","potentialAction":[{"@type":"ReadAction","target":["https:\/\/staging.danielahadorn.com\/de\/events\/"]}]},{"@type":"BreadcrumbList","@id":"https:\/\/staging.danielahadorn.com\/de\/events\/#breadcrumb","itemListElement":[{"@type":"ListItem","position":1,"name":"Home","item":"https:\/\/staging.danielahadorn.com\/de\/"},{"@type":"ListItem","position":2,"name":"Events &#8211; \u00d6ffentliche Jenseitskontakte, Seminare in Medialit\u00e4t"}]},{"@type":"WebSite","@id":"https:\/\/staging.danielahadorn.com\/#website","url":"https:\/\/staging.danielahadorn.com\/","name":"Daniela Hadorn","description":"Spirituelles Medium, sensitives Medium, Meditation, Advaita Vedanta","publisher":{"@id":"https:\/\/staging.danielahadorn.com\/#\/schema\/person\/24550df4140d753d0b2f54f438a7da7f"},"potentialAction":[{"@type":"SearchAction","target":{"@type":"EntryPoint","urlTemplate":"https:\/\/staging.danielahadorn.com\/?s={search_term_string}"},"query-input":"required name=search_term_string"}],"inLanguage":"de"},{"@type":["Person","Organization"],"@id":"https:\/\/staging.danielahadorn.com\/#\/schema\/person\/24550df4140d753d0b2f54f438a7da7f","name":"Daniela Hadorn","image":{"@type":"ImageObject","inLanguage":"de","@id":"https:\/\/staging.danielahadorn.com\/#\/schema\/person\/image\/","url":"https:\/\/staging.danielahadorn.com\/wp-content\/uploads\/2017\/09\/me.jpg","contentUrl":"https:\/\/staging.danielahadorn.com\/wp-content\/uploads\/2017\/09\/me.jpg","width":315,"height":316,"caption":"Daniela Hadorn"},"logo":{"@id":"https:\/\/staging.danielahadorn.com\/#\/schema\/person\/image\/"},"description":"Daniela is a spiritual teacher and medium. Daniela is not living up in the sky but with both feet on the ground. She is a no nonsense kind of person. Her biggest wish is for you to see her teachings and her mediumship as a catalyst for your own spiritual self development.","sameAs":["https:\/\/staging.danielahadorn.com\/","https:\/\/www.facebook.com\/mediumdanielahadorn\/"]}]}},"_links":{"self":[{"href":"https:\/\/staging.danielahadorn.com\/de\/wp-json\/wp\/v2\/pages\/1684","targetHints":{"allow":["GET"]}}],"collection":[{"href":"https:\/\/staging.danielahadorn.com\/de\/wp-json\/wp\/v2\/pages"}],"about":[{"href":"https:\/\/staging.danielahadorn.com\/de\/wp-json\/wp\/v2\/types\/page"}],"author":[{"embeddable":true,"href":"https:\/\/staging.danielahadorn.com\/de\/wp-json\/wp\/v2\/users\/2"}],"replies":[{"embeddable":true,"href":"https:\/\/staging.danielahadorn.com\/de\/wp-json\/wp\/v2\/comments?post=1684"}],"version-history":[{"count":92,"href":"https:\/\/staging.danielahadorn.com\/de\/wp-json\/wp\/v2\/pages\/1684\/revisions"}],"predecessor-version":[{"id":65787,"href":"https:\/\/staging.danielahadorn.com\/de\/wp-json\/wp\/v2\/pages\/1684\/revisions\/65787"}],"wp:attachment":[{"href":"https:\/\/staging.danielahadorn.com\/de\/wp-json\/wp\/v2\/media?parent=1684"}],"curies":[{"name":"wp","href":"https:\/\/api.w.org\/{rel}","templated":true}]}}