{"id":1382,"date":"2018-09-18T18:04:30","date_gmt":"2018-09-18T15:04:30","guid":{"rendered":"https:\/\/staging.danielahadorn.com\/?page_id=1382"},"modified":"2020-01-24T12:09:54","modified_gmt":"2020-01-24T11:09:54","slug":"daniela-hadorn-agb","status":"publish","type":"page","link":"https:\/\/staging.danielahadorn.com\/de\/daniela-hadorn-agb\/","title":{"rendered":"AGB"},"content":{"rendered":"<p>AGB: Alle Dienstleistungen und Kommunikation, E-Mail, Online oder sonstige werden durch mich selber Daniela Hadorn erbracht, sowohl als auch alle Informationen auf dieser Website (danielahadorn.com) und dienen dazu spirituelle Beratung anzubieten. Daniela Hadorn ist keine im traditionellen Sinne lizenzierte Beraterin, bzw. Medizinische- oder Gesundheits-Dienstleisterin. Sie gibt keine Diagnosen und macht keine medizinischen oder psychologische Behandlungen. Sie verschreibt auch keine Medikamente und leistet keine Rechtsberatung. Ihre Dienstleistungen sind kein Ersatz f\u00fcr professionelle medizinische oder psychologischen Behandlungen.<\/p>\n<p>Der Begriff &#8220;Dienstleistungen&#8221; wie hier benutzt deckt Jenseitskontakte, mediale Lebensberatung, mediale Ausbildungen, mediale Abende, Zirkel, Kurse, Events, Newsletters, Blog Artikel, Videos und E-Books etc. f\u00fcr Kunden ab.<\/p>\n<p>Daniela Hadorn strebt danach, dass ihre Dienstleistungen f\u00fcr ihre Kunden einem ausgezeichneten Standard entsprechen.<\/p>\n<h3>Gew\u00e4hrleistungserkl\u00e4rung<\/h3>\n<p>Ich bin \u00fcber 18 Jahre alt.<\/p>\n<p>Ich bin damit einverstanden, dass ich alle Inhalte oder Dienstleistungen von Daniela Hadorn ohne ihr Einverst\u00e4ndnis nicht kopiere, verkaufe, dupliziere, nutze oder vervielf\u00e4ltige.<\/p>\n<p>Ich verstehe, dass jede Dienstleistung welche ich von Daniela Hadorn erhalte nicht eine professionelle psychologische oder medizinische Versorgung ersetzen. Sie sind nicht daf\u00fcr gedacht eine Diagnose zu stellen, zu behandeln oder zu heilen. Ich verstehe auch, dass Daniela Hadorn keine Psychologin, Psychiaterin oder \u00c4rztin ist.<\/p>\n<p>Ich verstehe, dass Daniela&#8217;s Dienstleistungen aus rechtlicher Sicht eine nicht regulierte Branche ist.<\/p>\n<p>Ich verstehe und bin damit einverstanden, dass ich volle Verantwortung f\u00fcr mein Wohlergehen und meinen Entscheidungen w\u00e4hrend und nach Beratungen, Sitzungen und Kursen trage.<\/p>\n<p>Ich verpflichte mich als Teilnehmer von Sitzungen, Kursen, Ausbildungen und Veranstaltungen keine psychoaktive Substanzen wie Drogen oder Psychopharmaka einzunehmen. Falls vom Arzt verordnete Psychopharmaka eingenommen werden m\u00fcssen, so muss ich meine Teilnahme mit dem behandelnden Arzt absprechen.<\/p>\n<p>Ich verstehe, dass alle Kommentare und Ideen von Daniela Hadorn nur dazu dienen mich in meiner Pers\u00f6nlichkeitsentwicklung zu unterst\u00fctzen. Ich habe die F\u00e4higkeit meine informierte Zustimmung zu geben und verstehe, dass keine Resultate garantiert sind.<\/p>\n<p>Ich verstehe, dass Daniela Hadorn meine Informationen als vertraulich behandelt, ausser ich gebe meine schriftliche Einwilligung. Wenn ich Misshandlung oder Vernachl\u00e4ssigung von Kindern und \u00e4lteren Menschen, sowie die Gef\u00e4hrdung anderer Menschen melde, oder drohe mir selbst oder anderen etwas anzutun, verstehe ich, dass die n\u00f6tigen Schritte eingeleitet werden und die Geheimhaltungsverpflichtung auch ohne mein Einverst\u00e4ndnis aufgehoben werden k\u00f6nnte. Falls Daniela Hadorn zudem vom Gericht oder anderen Institutionen aufgefordert wird, Informationen weiterzugeben oder auszusagen, wird sie dem stattgeben.<\/p>\n<p>Ich verstehe, dass die Technik nicht immer zu 100% sicher ist und ich akzeptiere das Risiko welches damit verbunden ist, wenn E-Mail, Text, Telefon, Skype oder andere Online Kommunikationsmittel benutzt werden.<\/p>\n<p>Ich (Kunde, Kundin, Familie, jegliche Personen, oder andere Familienmitglieder, pers\u00f6nlich oder gesch\u00e4ftlich) befreie, verzichte, spreche frei und entlaste hiermit f\u00fcr immer Daniela Hadorn, jegliche Vertreter, Nachfolger, Ausf\u00fchrende, Erben und Mitarbeiter von jedem Anspruch, jeder Forderung, Gerichtsverhandlung und jedem Recht auf Schadensersatz, welche ich beanspruchen k\u00f6nnte oder welche entstehen bzw. entstanden sind als Resultat von Daniela Hadorn&#8217;s Dienstleistungen, Beratungen oder sonstiges.<\/p>\n<h3>AGB<\/h3>\n<p>Daniela Hadorn behaltet sich das Recht vor Dienstleistungen jederzeit ohne Angaben der Gr\u00fcnde f\u00fcr eine Person abzulehnen.<\/p>\n<p>Die Sitzungszeiten werden zwischen Daniela Hadorn und dem Kunden abgemacht und k\u00f6nnen bis zu 12 Monate im voraus gebucht werden.<\/p>\n<p>Beim Online buchen wird das Datum und die Zeit best\u00e4tigt, ausser es wurde anders von Daniela Hadorn vermerkt.<\/p>\n<p>Im Gegenzug zu den bezahlenden Geb\u00fchren vom Kunden (oder einer Drittperson im Auftrag des Kunden), wird Daniela Hadorn die Dienstleistungen wie in diesen AGB beschrieben ausf\u00fchren. Der Kunde ist damit Einverstanden die Geb\u00fchren f\u00fcr die Dienstleistungen wie in diesen AGB beschrieben zu bezahlen (wenn eine Drittperson die Geb\u00fchren zahlt, agiert die Drittperson als Vertreter des Kunden).<\/p>\n<p>Wenn ein Kunde mit den AGB nicht einverstanden ist, kann er\/sie Daniela Hadorn kontaktieren und die Anliegen besprechen, so k\u00f6nnen wir sehen, dass diese vor der Sitzung gel\u00f6st werden k\u00f6nnen. Teilnahme an jeglichen Dienstleistungen von Daniela Hadorn bedeutet das Einverst\u00e4ndnis dieser AGB.<\/p>\n<h3>Anmeldung<\/h3>\n<p>Geschlossene Veranstaltungen (Privatsitzungen, Seminare, Kurse, Zirkel, mediale Abende):<br \/>\nAlle Anmeldungen (per Telefon, E-Mail, Website oder Post) sind verbindlich. Sie werden in der Reihenfolge ihres Eingangs ber\u00fccksichtigt. Je nach Anlass kann die Teilnehmerzahl begrenzt sein. Dies wird beim jeweiligen Anlass vermerkt. Mit der Teilnahme entstehen dem Teilnehmer keine weiteren Verpflichtungen. Daniela Hadorn beh\u00e4lt sich vor, Interessenten ohne Angabe von Gr\u00fcnden zur\u00fcckzuweisen. Findet eine Veranstaltung nicht statt, werden Vorauszahlungen vom Veranstalter in voller H\u00f6he zur\u00fcckerstattet oder es wird eine Umbuchung vorgeschlagen. Weitergehende Forderungen k\u00f6nnen nicht erhoben werden. Bei der Absage einer Veranstaltung werden die Teilnehmer schriftlich oder telefonisch benachrichtigt.<\/p>\n<h3>Dienstleistungsformat Sitzungen<\/h3>\n<p>Pers\u00f6nlich (Ort ist Gegenstand der gegenseitigen Abmachung), via Skype (Kunde ruft Daniela Hadorn an); andere online Kommunikationsmittel (Kunde ruft Daniela an); oder ein anderes im Voraus abgemachtes Format. Ausser anders abgemacht, ist der Kunde verantwortlich Daniela Hadorn zur abgemachten Zeit anzurufen. Daniela Hadorn ist daf\u00fcr verantwortlich, zur abgemachten Zeit f\u00fcr ihre Dienstleistungen anwesend zu sein. Die L\u00e4nge der Sitzung wurde vor Beginn der Sitzung (60min. oder 30min.) zwischen dem Kunden und Daniela Hadorn abgemacht.<\/p>\n<h3>Dienstleistungsgeb\u00fchren<\/h3>\n<p>Der Kunde wird Online auf der Website danielahadorn.com oder via E-Mail \u00fcber die Preise der Sitzungen, jeglicher anderer Dienstleistungen und sonstigen Geb\u00fchren informiert. Daniela Hadorn best\u00e4tigt die Kosten normalerweise schriftlich via E-Mail, ausser es ist unpraktisch oder wurde m\u00fcndlich abgemacht. Die Geb\u00fchren m\u00fcssen im Voraus beglichen werden. Daniela Hadorn beh\u00e4lt sich vor, zus\u00e4tzliche Geb\u00fchren gem. Stundenansatz von CHF 160 anteilsm\u00e4ssig zu verrechnen, wenn eine Sitzung \u00fcberzogen wird.<\/p>\n<h3>Daten und Zeiten der Dienstleistungen<\/h3>\n<p>Die Daten und Zeiten der Sitzungen oder anderen Dienstleistungen wie Kurse oder Events werden zwischen Daniela Hadorn und dem Kunden via E-Mail best\u00e4tigt.<\/p>\n<p>Dienstleistungen k\u00f6nnen nur gem\u00e4ss den AGB unter Sektion &#8220;Dienstleistungen umbuchen&#8221; beschrieben umgebucht oder abgesagt werden.<\/p>\n<h3>Zahlungskonditionen<\/h3>\n<p>Bezahlt werden kann online via Paypal, Vorauskasse (Bank) sowie via Stripe mit den g\u00e4ngigen Kreditkarten.<\/p>\n<p>Die Sitzungen, Events oder Seminare m\u00fcssen im Voraus bezahlt werden, ausser anderweitig angegeben. Wenn kein Zahlungseingang im Voraus erfolgt, ist Daniela nicht verpflichtet ihre Leistungen zu erbringen.<\/p>\n<p>Wenn eine Zahlung via Rechnung erfolgt, dann kann eine Mahngeb\u00fchr erhoben werden, falls die Zahlung zu sp\u00e4t erfolgt.<\/p>\n<h3>Zwischen den Dienstleistungen<\/h3>\n<p>Ein Kunde kann Daniela Hadorn via E-Mail nach einer Sitzung oder geleisteten Dienstleistung f\u00fcr Kl\u00e4rungen, Erl\u00e4uterung oder administrativen Fragen (wie Umbuchungen oder Zahlungen) kontaktieren. Daniela Hadorn wird den Kunden darauf hinweisen, falls dadurch zus\u00e4tzliche Geb\u00fchren anfallen. Keine zus\u00e4tzliche Geb\u00fchren werden ohne das Einverst\u00e4ndnis des Kunden einfach so verrechnet.<\/p>\n<h3>Dienstleistungen umbuchen, annullieren<\/h3>\n<p><strong>Sitzungen:<\/strong><\/p>\n<p>Die telefonische, schriftliche oder \u00fcber die Website gebuchte Sitzung ist verbindlich. Wenn ein Kunde eine Sitzung umbuchen muss, sollte er Daniela Hadorn mindestens 24 Std. vorher informieren. Absagen sind nur m\u00f6glich, wenn sie 24 Stunden vor dem vereinbarten Termin eingehen. Bei sp\u00e4terer oder nicht erfolgter Abmeldung wird die Sitzung in Rechnung gestellt.<\/p>\n<p>Wenn Daniela Hadorn eine Dienstleistung umbuchen bzw. absagen muss, wird Daniela Hadorn ebenfalls innerhalb von 24 Std. informieren. Die Sitzung wird dann zum n\u00e4chstm\u00f6glichen Termin umgebucht. Bei einer Absage wird die Sitzungsgeb\u00fchr vollumf\u00e4nglich zur\u00fcckerstattet.<\/p>\n<p><strong>Tages- oder Wochenend-Seminare, Workshops, Kurse und Jahresausbildungen:<\/strong><\/p>\n<p>Nichtinanspruchnahme der ganzen oder eines Teils der angebotenen Dienstleistung berechtigt zu keinerlei Ersatzanspr\u00fcchen, Abz\u00fcgen oder R\u00fcckerstattungen. Bei R\u00fccktritt bis 7 Tage vor dem Tages- bzw. Wochenend-Seminaren, den Workshops und Kursen, sowie 8 Wochen vor Jahresausbildungen behaltet sich Daniela Hadorn vor, ein Drittel der Kursgeb\u00fchren als Bearbeitungsgeb\u00fchr einzubehalten. Bei sp\u00e4terem R\u00fccktritt wird die volle Kursgeb\u00fchr in Rechnung gestellt, es sei denn, es wird eine Ersatzperson gestellt. Der\/Die Teilnehmer\/in ist f\u00fcr die jeweilige Hotelbuchung eigenverantwortlich und muss bei R\u00fccktritt die von dem jeweiligen Hotel angegebenen Allgemeinen Gesch\u00e4ftsbedingungen beachten und f\u00fcr die entstandenen Hotelkosten aufkommen.<\/p>\n<h3>Vertraulichkeit<\/h3>\n<p>Pers\u00f6nliche Informationen des Kunden werden als vertraulich behandelt. Sie werden nicht an Drittpersonen weitergegeben, ausser der Kunde gibt daf\u00fcr seine Einwilligung. Eine Ausnahme ist, wenn es vom Gesetz verlangt oder als n\u00f6tig empfunden wird, um die Sicherheit des Kunden oder anderen Personen zu gew\u00e4hrleisten.<\/p>\n<h3>Fr\u00fche Beendigung<\/h3>\n<p>In aussergew\u00f6hnlichen Situationen wie unangebrachtes Verhalten, Interessenkonflikt oder andere m\u00f6gliche Gr\u00fcnde nimmt sich Daniela Hadorn das Recht, die Dienstleistungen zu beenden oder gar nicht erst anzubieten. In diesen F\u00e4llen wird der Kunde von Daniela Hadorn informiert. Daniela Hadorn erstattet allf\u00e4llige im Voraus geleisteten Zahlungen nur von nicht geleisteten Dienstleistungen zur\u00fcck.<\/p>\n<h3>Verantwortlichkeiten<\/h3>\n<p>Daniela Hadorn gibt ihr Bestes den Kunden darin zu unterst\u00fctzen die Lebensqualit\u00e4t zu verbessern. Trotzdem hat der Kunde die alleinige Verantwortung, um Entscheidungen in seinem Leben zu treffen. Daniela Hadorn tr\u00e4gt keine Haftung f\u00fcr jegliche Verluste von jeglichen Kunden, weder finanziell noch sonstige w\u00e4hrend, vor und nach der Teilnahme an jeglicher Dienstleistung von Daniela Hadorn.<\/p>\n<p>Zus\u00e4tzliche Personen sind in Sitzungen, Kursen, Events oder sonstigen Dienstleistungen nicht erlaubt, ausser vorher mit Daniela Hadorn vereinbart. Daf\u00fcr gibt es Gruppen oder Familien Sitzungen. Wenn jemand unter 18 Jahre alt ist, darf ein Elternteil oder Erziehungsberechtigter dabei sein.<\/p>\n<p>Daniela Hadorn hat null Toleranz f\u00fcr jeglicher Art des Missbrauchs w\u00e4hrend einer Sitzung inklusive ihre F\u00e4higkeiten zu testen, absichtliche falsche Darstellung der eigenen Person zu machen, unh\u00f6flich, beleidigend, aggressiv, fordernd und streitlustig zu sein.<\/p>\n<h3>Haftungsausschluss<\/h3>\n<p>Jeder Teilnehmer ist f\u00fcr seine \u00c4usserungen, Handlungen und Entscheidungen selbst verantwortlich. Es liegt bei Ihm zu entscheiden, welche Dienstleistung er von Daniela Hadorn in Anspruch nimmt, wie viel er davon profitiert und wie er mit seinen Erlebnissen umgeht. Daniela Hadorn weist darauf hin, dass sie keinerlei Heilungsversprechen abgibt und keine Haftung f\u00fcr die Ergebnisse allf\u00e4lliger Behandlungen\/Privatsitzungen sowie f\u00fcr Hinweise und Ratschl\u00e4ge \u00fcbernimmt. Die Verantwortung f\u00fcr Lebensentscheidungen bleibt in jedem Fall beim Teilnehmer.<br \/>\nAlle Versicherungen (Krankheit, Unfall, Haftpflicht, Annulation) sind Sache der Teilnehmer.<\/p>\n<h3>Copyright<\/h3>\n<p>Du bist damit einverstanden Nichts zu kopieren, verkaufen, vervielf\u00e4ltigen, duplizieren oder zu nutzen ohne die vorherige Einwilligung von Daniela Hadorn, sei es von der Website, Unterlagen, Sitzungen, Events, Kursen oder sonstigem, sei es schriftlich oder m\u00fcndlich.<\/p>\n<p>Alle Inhalte dieser website, inklusive des Newsletters, Videos und Blog Artikel, Informationen w\u00e4hrend den Sitzungen, Events und Workshops sind dem Copyright unterstellt und gesichert und d\u00fcrfen nicht benutzt werden, ausser die Einwilligung von Daniela Hadorn wurde daf\u00fcr eingeholt.<\/p>\n<p>Keine Aufnahmen werden von Events, Sitzungen oder Kursen standardm\u00e4ssig gemacht. Videoaufnahmen jeglicher Dienstleistungen sind verboten, ausser Daniela Hadorn hat ihr Einverst\u00e4ndnis daf\u00fcr gegeben. Solche Verst\u00f6sse haben rechtliche Schritte zur Folge.<\/p>\n<h3>Anpassungen der AGB<\/h3>\n<p>Daniela Hadorn kann die AGB inkl. der Preise f\u00fcr ihre Dienstleistungen \u00e4ndern.<\/p>\n<h3>Erf\u00fcllungsort und Gerichtsstand<\/h3>\n<p>F\u00fcr diese AGB und allf\u00e4llige Vertr\u00e4ge und seine Bestandteile ist ausschliesslich Schweizer Recht massgebend. Erf\u00fcllungsort und Gerichtsstand f\u00fcr beide Teile ist der Sitz von Daniela Hadorn (Boningen SO), sofern das Gesetz keinen anderen Gerichtsstand ausdr\u00fccklich vorschreibt.<\/p>\n<h3>Feedback<\/h3>\n<p>Feedback \u00fcber Dienstleistungen sind willkommen und k\u00f6nnen w\u00e4hrend den Sitzungen oder schriftlich an Daniela Hadorn via E-Mail gegeben werden.<\/p>\n","protected":false},"excerpt":{"rendered":"<p>AGB: Alle Dienstleistungen und Kommunikation, E-Mail, Online oder sonstige werden durch mich selber Daniela Hadorn erbracht, sowohl als auch alle Informationen auf dieser Website (danielahadorn.com) und dienen dazu spirituelle Beratung anzubieten. Daniela Hadorn ist keine im traditionellen Sinne lizenzierte Beraterin, bzw. Medizinische- oder Gesundheits-Dienstleisterin. Sie gibt keine Diagnosen und macht keine medizinischen oder psychologische Behandlungen. [&hellip;]<\/p>\n","protected":false},"author":2,"featured_media":0,"parent":0,"menu_order":21,"comment_status":"closed","ping_status":"closed","template":"","meta":{"pmpro_default_level":0,"footnotes":""},"class_list":["post-1382","page","type-page","status-publish","hentry","pmpro-has-access"],"acf":[],"yoast_head":"<!-- This site is optimized with the Yoast SEO plugin v22.9 - https:\/\/yoast.com\/wordpress\/plugins\/seo\/ -->\n<title>AGB<\/title>\n<meta name=\"description\" content=\"AGB\u00b4s: Dienstleistungen decken Jenseitskontakte, mediale Lebensberatung, Kurse, Events, Newsletter, Artikel, Videos, E-Books etc. f\u00fcr Kunden ab.\" \/>\n<meta name=\"robots\" content=\"index, follow, max-snippet:-1, max-image-preview:large, max-video-preview:-1\" \/>\n<link rel=\"canonical\" href=\"https:\/\/staging.danielahadorn.com\/de\/daniela-hadorn-agb\/\" \/>\n<meta name=\"twitter:card\" content=\"summary_large_image\" \/>\n<meta name=\"twitter:title\" content=\"AGB\" \/>\n<meta name=\"twitter:description\" content=\"AGB\u00b4s: Dienstleistungen decken Jenseitskontakte, mediale Lebensberatung, Kurse, Events, Newsletter, Artikel, Videos, E-Books etc. f\u00fcr Kunden ab.\" \/>\n<meta name=\"twitter:label1\" content=\"Gesch\u00e4tzte Lesezeit\" \/>\n\t<meta name=\"twitter:data1\" content=\"9\u00a0Minuten\" \/>\n<script type=\"application\/ld+json\" class=\"yoast-schema-graph\">{\"@context\":\"https:\/\/schema.org\",\"@graph\":[{\"@type\":\"WebPage\",\"@id\":\"https:\/\/staging.danielahadorn.com\/de\/daniela-hadorn-agb\/\",\"url\":\"https:\/\/staging.danielahadorn.com\/de\/daniela-hadorn-agb\/\",\"name\":\"AGB\",\"isPartOf\":{\"@id\":\"https:\/\/staging.danielahadorn.com\/#website\"},\"datePublished\":\"2018-09-18T15:04:30+00:00\",\"dateModified\":\"2020-01-24T11:09:54+00:00\",\"description\":\"AGB\u00b4s: Dienstleistungen decken Jenseitskontakte, mediale Lebensberatung, Kurse, Events, Newsletter, Artikel, Videos, E-Books etc. f\u00fcr Kunden ab.\",\"breadcrumb\":{\"@id\":\"https:\/\/staging.danielahadorn.com\/de\/daniela-hadorn-agb\/#breadcrumb\"},\"inLanguage\":\"de\",\"potentialAction\":[{\"@type\":\"ReadAction\",\"target\":[\"https:\/\/staging.danielahadorn.com\/de\/daniela-hadorn-agb\/\"]}]},{\"@type\":\"BreadcrumbList\",\"@id\":\"https:\/\/staging.danielahadorn.com\/de\/daniela-hadorn-agb\/#breadcrumb\",\"itemListElement\":[{\"@type\":\"ListItem\",\"position\":1,\"name\":\"Home\",\"item\":\"https:\/\/staging.danielahadorn.com\/de\/\"},{\"@type\":\"ListItem\",\"position\":2,\"name\":\"AGB\"}]},{\"@type\":\"WebSite\",\"@id\":\"https:\/\/staging.danielahadorn.com\/#website\",\"url\":\"https:\/\/staging.danielahadorn.com\/\",\"name\":\"Daniela Hadorn\",\"description\":\"Spirituelles Medium, sensitives Medium, Meditation, Advaita Vedanta\",\"publisher\":{\"@id\":\"https:\/\/staging.danielahadorn.com\/#\/schema\/person\/24550df4140d753d0b2f54f438a7da7f\"},\"potentialAction\":[{\"@type\":\"SearchAction\",\"target\":{\"@type\":\"EntryPoint\",\"urlTemplate\":\"https:\/\/staging.danielahadorn.com\/?s={search_term_string}\"},\"query-input\":\"required name=search_term_string\"}],\"inLanguage\":\"de\"},{\"@type\":[\"Person\",\"Organization\"],\"@id\":\"https:\/\/staging.danielahadorn.com\/#\/schema\/person\/24550df4140d753d0b2f54f438a7da7f\",\"name\":\"Daniela Hadorn\",\"image\":{\"@type\":\"ImageObject\",\"inLanguage\":\"de\",\"@id\":\"https:\/\/staging.danielahadorn.com\/#\/schema\/person\/image\/\",\"url\":\"https:\/\/staging.danielahadorn.com\/wp-content\/uploads\/2017\/09\/me.jpg\",\"contentUrl\":\"https:\/\/staging.danielahadorn.com\/wp-content\/uploads\/2017\/09\/me.jpg\",\"width\":315,\"height\":316,\"caption\":\"Daniela Hadorn\"},\"logo\":{\"@id\":\"https:\/\/staging.danielahadorn.com\/#\/schema\/person\/image\/\"},\"description\":\"Daniela is a spiritual teacher and medium. Daniela is not living up in the sky but with both feet on the ground. She is a no nonsense kind of person. Her biggest wish is for you to see her teachings and her mediumship as a catalyst for your own spiritual self development.\",\"sameAs\":[\"https:\/\/staging.danielahadorn.com\/\",\"https:\/\/www.facebook.com\/mediumdanielahadorn\/\"]}]}<\/script>\n<!-- \/ Yoast SEO plugin. -->","yoast_head_json":{"title":"AGB","description":"AGB\u00b4s: Dienstleistungen decken Jenseitskontakte, mediale Lebensberatung, Kurse, Events, Newsletter, Artikel, Videos, E-Books etc. f\u00fcr Kunden ab.","robots":{"index":"index","follow":"follow","max-snippet":"max-snippet:-1","max-image-preview":"max-image-preview:large","max-video-preview":"max-video-preview:-1"},"canonical":"https:\/\/staging.danielahadorn.com\/de\/daniela-hadorn-agb\/","twitter_card":"summary_large_image","twitter_title":"AGB","twitter_description":"AGB\u00b4s: Dienstleistungen decken Jenseitskontakte, mediale Lebensberatung, Kurse, Events, Newsletter, Artikel, Videos, E-Books etc. f\u00fcr Kunden ab.","twitter_misc":{"Gesch\u00e4tzte Lesezeit":"9\u00a0Minuten"},"schema":{"@context":"https:\/\/schema.org","@graph":[{"@type":"WebPage","@id":"https:\/\/staging.danielahadorn.com\/de\/daniela-hadorn-agb\/","url":"https:\/\/staging.danielahadorn.com\/de\/daniela-hadorn-agb\/","name":"AGB","isPartOf":{"@id":"https:\/\/staging.danielahadorn.com\/#website"},"datePublished":"2018-09-18T15:04:30+00:00","dateModified":"2020-01-24T11:09:54+00:00","description":"AGB\u00b4s: Dienstleistungen decken Jenseitskontakte, mediale Lebensberatung, Kurse, Events, Newsletter, Artikel, Videos, E-Books etc. f\u00fcr Kunden ab.","breadcrumb":{"@id":"https:\/\/staging.danielahadorn.com\/de\/daniela-hadorn-agb\/#breadcrumb"},"inLanguage":"de","potentialAction":[{"@type":"ReadAction","target":["https:\/\/staging.danielahadorn.com\/de\/daniela-hadorn-agb\/"]}]},{"@type":"BreadcrumbList","@id":"https:\/\/staging.danielahadorn.com\/de\/daniela-hadorn-agb\/#breadcrumb","itemListElement":[{"@type":"ListItem","position":1,"name":"Home","item":"https:\/\/staging.danielahadorn.com\/de\/"},{"@type":"ListItem","position":2,"name":"AGB"}]},{"@type":"WebSite","@id":"https:\/\/staging.danielahadorn.com\/#website","url":"https:\/\/staging.danielahadorn.com\/","name":"Daniela Hadorn","description":"Spirituelles Medium, sensitives Medium, Meditation, Advaita Vedanta","publisher":{"@id":"https:\/\/staging.danielahadorn.com\/#\/schema\/person\/24550df4140d753d0b2f54f438a7da7f"},"potentialAction":[{"@type":"SearchAction","target":{"@type":"EntryPoint","urlTemplate":"https:\/\/staging.danielahadorn.com\/?s={search_term_string}"},"query-input":"required name=search_term_string"}],"inLanguage":"de"},{"@type":["Person","Organization"],"@id":"https:\/\/staging.danielahadorn.com\/#\/schema\/person\/24550df4140d753d0b2f54f438a7da7f","name":"Daniela Hadorn","image":{"@type":"ImageObject","inLanguage":"de","@id":"https:\/\/staging.danielahadorn.com\/#\/schema\/person\/image\/","url":"https:\/\/staging.danielahadorn.com\/wp-content\/uploads\/2017\/09\/me.jpg","contentUrl":"https:\/\/staging.danielahadorn.com\/wp-content\/uploads\/2017\/09\/me.jpg","width":315,"height":316,"caption":"Daniela Hadorn"},"logo":{"@id":"https:\/\/staging.danielahadorn.com\/#\/schema\/person\/image\/"},"description":"Daniela is a spiritual teacher and medium. Daniela is not living up in the sky but with both feet on the ground. She is a no nonsense kind of person. Her biggest wish is for you to see her teachings and her mediumship as a catalyst for your own spiritual self development.","sameAs":["https:\/\/staging.danielahadorn.com\/","https:\/\/www.facebook.com\/mediumdanielahadorn\/"]}]}},"_links":{"self":[{"href":"https:\/\/staging.danielahadorn.com\/de\/wp-json\/wp\/v2\/pages\/1382","targetHints":{"allow":["GET"]}}],"collection":[{"href":"https:\/\/staging.danielahadorn.com\/de\/wp-json\/wp\/v2\/pages"}],"about":[{"href":"https:\/\/staging.danielahadorn.com\/de\/wp-json\/wp\/v2\/types\/page"}],"author":[{"embeddable":true,"href":"https:\/\/staging.danielahadorn.com\/de\/wp-json\/wp\/v2\/users\/2"}],"replies":[{"embeddable":true,"href":"https:\/\/staging.danielahadorn.com\/de\/wp-json\/wp\/v2\/comments?post=1382"}],"version-history":[{"count":21,"href":"https:\/\/staging.danielahadorn.com\/de\/wp-json\/wp\/v2\/pages\/1382\/revisions"}],"predecessor-version":[{"id":46497,"href":"https:\/\/staging.danielahadorn.com\/de\/wp-json\/wp\/v2\/pages\/1382\/revisions\/46497"}],"wp:attachment":[{"href":"https:\/\/staging.danielahadorn.com\/de\/wp-json\/wp\/v2\/media?parent=1382"}],"curies":[{"name":"wp","href":"https:\/\/api.w.org\/{rel}","templated":true}]}}